{"id":2512,"date":"2025-09-23T08:47:49","date_gmt":"2025-09-23T06:47:49","guid":{"rendered":"https:\/\/waldorfschoul.roomtrix.de\/?page_id=2512"},"modified":"2025-09-23T10:21:40","modified_gmt":"2025-09-23T08:21:40","slug":"alumni-club","status":"publish","type":"page","link":"https:\/\/waldorfschoul.roomtrix.de\/fr\/alumni-club\/","title":{"rendered":"Club des Anciens \u00c9l\u00e8ves de l\u2019\u00c9cole Waldorf Luxembourg"},"content":{"rendered":"\n<div class=\"wp-block-group alignfull has-background has-global-padding is-layout-constrained wp-container-core-group-is-layout-f6cc5ae6 wp-block-group-is-layout-constrained\" style=\"background:linear-gradient(180deg,rgb(249,249,249) 18%,rgb(229,0,125) 61%,rgb(249,249,249) 61%);margin-top:0;margin-bottom:0;padding-top:var(--wp--preset--spacing--30);padding-right:var(--wp--preset--spacing--50);padding-bottom:var(--wp--preset--spacing--30);padding-left:var(--wp--preset--spacing--50)\">\n<div class=\"wp-block-columns alignwide is-layout-flex wp-container-core-columns-is-layout-28f84493 wp-block-columns-is-layout-flex\">\n<div class=\"wp-block-column is-layout-flow wp-block-column-is-layout-flow\" style=\"flex-basis:40%\">\n<ul class=\"wp-block-list has-accent-3-color has-text-color has-link-color wp-elements-cfb7262d885eb95a8fd4121d4e16d3b7\">\n<li style=\"font-size:clamp(0.984rem, 0.984rem + ((1vw - 0.2rem) * 0.86), 1.5rem);line-height:1.2\"><strong><mark style=\"background-color:rgba(0, 0, 0, 0)\" class=\"has-inline-color has-custom-color-2-color\">fond\u00e9 en 2025<\/mark><\/strong><\/li>\n<\/ul>\n<\/div>\n\n\n\n<div class=\"wp-block-column is-layout-flow wp-block-column-is-layout-flow\" style=\"flex-basis:60%\">\n<p>Le <strong>Club des Anciens \u00c9l\u00e8ves<\/strong> de l\u2019\u00c9cole Waldorf Luxembourg a \u00e9t\u00e9 fond\u00e9 en janvier 2025 \u00e0 l\u2019occasion des 40 ans de l\u2019\u00e9cole.<\/p>\n\n\n\n<p>Notre mission est de cr\u00e9er une <strong>communaut\u00e9 forte et durable<\/strong> pour les anciens \u00e9l\u00e8ves, enseignants et membres du personnel, afin de renforcer les liens entre les g\u00e9n\u00e9rations.<\/p>\n\n\n\n<p>Que vous ayez quitt\u00e9 l\u2019\u00e9cole r\u00e9cemment ou il y a plusieurs ann\u00e9es, le Club Alumni est l\u00e0 pour vous aider \u00e0 <strong>garder le contact<\/strong> avec vos camarades, partager vos exp\u00e9riences et rester connect\u00e9 \u00e0 l\u2019esprit Waldorf.<\/p>\n<\/div>\n<\/div>\n\n\n\n<div style=\"height:5px\" aria-hidden=\"true\" class=\"wp-block-spacer\"><\/div>\n\n\n\n<figure class=\"wp-block-image size-full has-custom-border is-style-rounded is-style-rounded--1\"><img loading=\"lazy\" decoding=\"async\" width=\"1536\" height=\"1024\" src=\"https:\/\/waldorfschoul.roomtrix.de\/wp-content\/uploads\/2025\/09\/alumni-club-frz-1.png\" alt=\"Anciens \u00e9l\u00e8ves dans la salle de classe\" class=\"wp-image-2547\" style=\"border-radius:11px\" srcset=\"https:\/\/waldorfschoul.roomtrix.de\/wp-content\/uploads\/2025\/09\/alumni-club-frz-1.png 1536w, https:\/\/waldorfschoul.roomtrix.de\/wp-content\/uploads\/2025\/09\/alumni-club-frz-1-300x200.png 300w, https:\/\/waldorfschoul.roomtrix.de\/wp-content\/uploads\/2025\/09\/alumni-club-frz-1-1024x683.png 1024w, https:\/\/waldorfschoul.roomtrix.de\/wp-content\/uploads\/2025\/09\/alumni-club-frz-1-768x512.png 768w\" sizes=\"auto, (max-width: 1536px) 100vw, 1536px\" \/><\/figure>\n<\/div>\n\n\n\n<div class=\"wp-block-group alignfull has-base-background-color has-background has-global-padding is-layout-constrained wp-container-core-group-is-layout-32a46761 wp-block-group-is-layout-constrained\" style=\"margin-top:0;margin-bottom:0;padding-top:var(--wp--preset--spacing--40);padding-right:var(--wp--preset--spacing--50);padding-bottom:var(--wp--preset--spacing--40);padding-left:var(--wp--preset--spacing--50)\">\n<div class=\"wp-block-columns alignwide is-layout-flex wp-container-core-columns-is-layout-549b0c86 wp-block-columns-is-layout-flex\">\n<div class=\"wp-block-column has-global-padding is-content-justification-left is-layout-constrained wp-container-core-column-is-layout-c4d06299 wp-block-column-is-layout-constrained\" style=\"flex-basis:40%\">\n<ul class=\"wp-block-list has-accent-3-color has-text-color has-link-color wp-elements-a45f18fbfb1d8c4acbf8494c2681c621\">\n<li style=\"font-size:clamp(0.984rem, 0.984rem + ((1vw - 0.2rem) * 0.86), 1.5rem);line-height:1.2\"><strong><mark style=\"background-color:rgba(0, 0, 0, 0)\" class=\"has-inline-color has-custom-color-2-color\">\u00c9v\u00e9nements &amp; Activit\u00e9s<\/mark><\/strong><\/li>\n<\/ul>\n<\/div>\n\n\n\n<div class=\"wp-block-column is-layout-flow wp-container-core-column-is-layout-8a368f38 wp-block-column-is-layout-flow\" style=\"flex-basis:60%\">\n<p style=\"margin-top:0;margin-bottom:0\">Nous organiserons <strong>divers \u00e9v\u00e9nements <\/strong>tout au long de l\u2019ann\u00e9e, notamment :<\/p>\n\n\n\n<ul class=\"wp-block-list\">\n<li>Rencontres et retrouvailles \u2013 Reconnectez-vous avec vos anciens camarades et professeurs, rencontrez les \u00e9l\u00e8ves actuels et soutenez les dans leur parcours scolaire<\/li>\n\n\n\n<li>\u00c9v\u00e9nements de r\u00e9seautage \u2013 \u00c9changez avec d\u2019autres anciens \u00e9l\u00e8ves dans diff\u00e9rents domaines professionnels<\/li>\n\n\n\n<li>Conf\u00e9rences et ateliers \u2013 Partagez vos connaissances et exp\u00e9riences avec la communaut\u00e9 scolaire<\/li>\n\n\n\n<li>C\u00e9l\u00e9brations de l\u2019\u00e9cole \u2013 Participez aux \u00e9v\u00e9nements marquants et anniversaires<\/li>\n\n\n\n<li>Initiatives de soutien et de financement \u2013 Contribuez \u00e0 l\u2019avenir des g\u00e9n\u00e9rations futures d\u2019\u00e9l\u00e8ves<\/li>\n<\/ul>\n\n\n\n<div style=\"height:26px\" aria-hidden=\"true\" class=\"wp-block-spacer\"><\/div>\n\n\n\n<h2 class=\"wp-block-heading\">Rejoignez-nous !<\/h2>\n\n\n\n<p style=\"margin-top:0;margin-bottom:0\">Vous \u00eates un <strong>ancien \u00e9l\u00e8ve ou enseignant <\/strong>de l\u2019\u00c9cole Waldorf Luxembourg ? Nous aimerions avoir de vos nouvelles !<br>Inscrivez-vous \u00e0 notre newsletter, suivez-nous sur les r\u00e9seaux sociaux et restez inform\u00e9 de nos prochains \u00e9v\u00e9nements.<\/p>\n<\/div>\n<\/div>\n<\/div>\n\n\n\n<div class=\"wp-block-group alignfull has-base-background-color has-background has-global-padding is-layout-constrained wp-container-core-group-is-layout-2df14bad wp-block-group-is-layout-constrained\" style=\"margin-top:0;margin-bottom:0;padding-top:var(--wp--preset--spacing--10);padding-right:var(--wp--preset--spacing--50);padding-bottom:var(--wp--preset--spacing--10);padding-left:var(--wp--preset--spacing--50)\">\n<div class=\"wp-block-kadence-infobox kt-info-box2512_04425f-2a\"><a class=\"kt-blocks-info-box-link-wrap info-box-link kt-blocks-info-box-media-align-left kt-info-halign-left\" target=\"_blank\" rel=\"noopener noreferrer\" href=\"https:\/\/mailchi.mp\/e8ad659fda8a\/cration-du-alumni-club-waldorfschoul-ltzebuerg?e=32ab2c4a63\"><div class=\"kt-blocks-info-box-media-container\"><div class=\"kt-blocks-info-box-media kt-info-media-animate-flip\"><div class=\"kadence-info-box-icon-container kt-info-icon-animate-flip\"><div class=\"kadence-info-box-icon-inner-container\"><span class=\"kb-svg-icon-wrap kb-svg-icon-fe_mail kt-info-svg-icon\"><svg viewBox=\"0 0 24 24\"  fill=\"none\" stroke=\"currentColor\" stroke-width=\"2\" stroke-linecap=\"round\" stroke-linejoin=\"round\" xmlns=\"http:\/\/www.w3.org\/2000\/svg\"  aria-hidden=\"true\"><path d=\"M4 4h16c1.1 0 2 .9 2 2v12c0 1.1-.9 2-2 2H4c-1.1 0-2-.9-2-2V6c0-1.1.9-2 2-2z\"\/><polyline points=\"22,6 12,13 2,6\"\/><\/svg><\/span><span class=\"kb-svg-icon-wrap kb-svg-icon-kb_email-solid-round kt-info-svg-icon-flip\"><svg viewBox=\"0 0 256 256\"  fill=\"currentColor\" xmlns=\"http:\/\/www.w3.org\/2000\/svg\"  aria-hidden=\"true\"><path d=\"M127.857 1.407c-69.837 0-126.45 56.613-126.45 126.45s56.613 126.45 126.45 126.45 126.45-56.613 126.45-126.45-56.613-126.45-126.45-126.45m75.87 161.572c0 11.858-9.65 21.505-21.505 21.505H73.492c-11.859 0-21.505-9.65-21.505-21.505V92.734c0-11.858 9.646-21.505 21.505-21.505h108.727c11.858 0 21.505 9.647 21.505 21.505v70.245z\" stroke-miterlimit=\"10\" stroke-width=\"0\"\/><path d=\"m154.571 127.323 30.382-29.828a6.387 6.387 0 0 0 .081-9.035 6.38 6.38 0 0 0-9.03-.081l-39.838 39.112c-4.578 4.5-12.038 4.5-16.619 0L79.71 88.376a6.395 6.395 0 0 0-9.034.082 6.39 6.39 0 0 0 .081 9.034l30.382 29.83-30.379 29.832a6.384 6.384 0 0 0 4.477 10.942 6.36 6.36 0 0 0 4.476-1.832l30.547-29.991.34.334c4.758 4.67 11.007 7.005 17.26 7.005s12.501-2.335 17.258-7.008l.338-.331 30.55 29.99a6.37 6.37 0 0 0 4.476 1.833 6.384 6.384 0 0 0 4.476-10.942z\" stroke-miterlimit=\"10\" stroke-width=\"0\"\/><\/svg><\/span><\/div><\/div><\/div><\/div><div class=\"kt-infobox-textcontent\"><h2 class=\"kt-blocks-info-box-title\">Inscrivez-vous \u00e0 la newsletter des anciens \u00e9l\u00e8ves<\/h2><p class=\"kt-blocks-info-box-text\"><\/p><\/div><\/a><\/div>\n<\/div>\n\n\n\n<div style=\"height:130px\" aria-hidden=\"true\" class=\"wp-block-spacer\"><\/div>\n","protected":false},"excerpt":{"rendered":"<p>Le Club des Anciens \u00c9l\u00e8ves de l\u2019\u00c9cole Waldorf Luxembourg a \u00e9t\u00e9 fond\u00e9 en janvier 2025 \u00e0 l\u2019occasion des 40 ans de l\u2019\u00e9cole. Notre mission est de cr\u00e9er une communaut\u00e9 forte et durable pour les anciens \u00e9l\u00e8ves, enseignants et membres du personnel, afin de renforcer les liens entre les g\u00e9n\u00e9rations. Que vous ayez quitt\u00e9 l\u2019\u00e9cole r\u00e9cemment [&hellip;]<\/p>\n","protected":false},"author":1,"featured_media":0,"parent":0,"menu_order":0,"comment_status":"closed","ping_status":"closed","template":"","meta":{"footnotes":""},"class_list":["post-2512","page","type-page","status-publish","hentry"],"_links":{"self":[{"href":"https:\/\/waldorfschoul.roomtrix.de\/fr\/wp-json\/wp\/v2\/pages\/2512","targetHints":{"allow":["GET"]}}],"collection":[{"href":"https:\/\/waldorfschoul.roomtrix.de\/fr\/wp-json\/wp\/v2\/pages"}],"about":[{"href":"https:\/\/waldorfschoul.roomtrix.de\/fr\/wp-json\/wp\/v2\/types\/page"}],"author":[{"embeddable":true,"href":"https:\/\/waldorfschoul.roomtrix.de\/fr\/wp-json\/wp\/v2\/users\/1"}],"replies":[{"embeddable":true,"href":"https:\/\/waldorfschoul.roomtrix.de\/fr\/wp-json\/wp\/v2\/comments?post=2512"}],"version-history":[{"count":3,"href":"https:\/\/waldorfschoul.roomtrix.de\/fr\/wp-json\/wp\/v2\/pages\/2512\/revisions"}],"predecessor-version":[{"id":2550,"href":"https:\/\/waldorfschoul.roomtrix.de\/fr\/wp-json\/wp\/v2\/pages\/2512\/revisions\/2550"}],"wp:attachment":[{"href":"https:\/\/waldorfschoul.roomtrix.de\/fr\/wp-json\/wp\/v2\/media?parent=2512"}],"curies":[{"name":"wp","href":"https:\/\/api.w.org\/{rel}","templated":true}]}}