{"id":2472,"date":"2024-11-14T10:10:19","date_gmt":"2024-11-14T09:10:19","guid":{"rendered":"https:\/\/waldorfschoul.roomtrix.de\/?page_id=2472"},"modified":"2025-09-22T16:26:54","modified_gmt":"2025-09-22T14:26:54","slug":"les-ecoles-waldorf","status":"publish","type":"page","link":"https:\/\/waldorfschoul.roomtrix.de\/fr\/les-ecoles-waldorf\/","title":{"rendered":"Les \u00e9coles Waldorf"},"content":{"rendered":"\n<div class=\"wp-block-group alignfull has-background has-global-padding is-layout-constrained wp-container-core-group-is-layout-f6cc5ae6 wp-block-group-is-layout-constrained\" style=\"background:linear-gradient(180deg,rgb(249,249,249) 18%,rgb(229,0,125) 61%,rgb(249,249,249) 61%);margin-top:0;margin-bottom:0;padding-top:var(--wp--preset--spacing--30);padding-right:var(--wp--preset--spacing--50);padding-bottom:var(--wp--preset--spacing--30);padding-left:var(--wp--preset--spacing--50)\">\n<div class=\"wp-block-columns alignwide is-layout-flex wp-container-core-columns-is-layout-28f84493 wp-block-columns-is-layout-flex\">\n<div class=\"wp-block-column is-layout-flow wp-block-column-is-layout-flow\" style=\"flex-basis:40%\">\n<ul class=\"wp-block-list has-accent-3-color has-text-color has-link-color wp-elements-cc53659696982a367607a1e57159b968\">\n<li style=\"font-size:clamp(0.984rem, 0.984rem + ((1vw - 0.2rem) * 0.86), 1.5rem);line-height:1.2\"><strong><mark style=\"background-color:rgba(0, 0, 0, 0)\" class=\"has-inline-color has-custom-color-2-color\">dans le monde<\/mark><\/strong><\/li>\n<\/ul>\n<\/div>\n\n\n\n<div class=\"wp-block-column is-layout-flow wp-block-column-is-layout-flow\" style=\"flex-basis:60%\">\n<p>D\u00e9velopp\u00e9e par R. Steiner en 1919, la p\u00e9dagogie Waldorf est bas\u00e9e sur la compr\u00e9hension profonde du d\u00e9veloppement humain qui permet de satisfaire les besoins de l\u2019enfant qui grandit.<br>La premi\u00e8re \u00e9cole Waldorf a \u00e9t\u00e9 cr\u00e9\u00e9e \u00e0 Stuttgart pour les enfants de la fabrique de cigarettes Waldorf-Astoria.<\/p>\n<\/div>\n<\/div>\n\n\n\n<div style=\"height:5px\" aria-hidden=\"true\" class=\"wp-block-spacer\"><\/div>\n\n\n\n<figure class=\"wp-block-image size-full has-custom-border is-style-rounded is-style-rounded--1\"><img loading=\"lazy\" decoding=\"async\" width=\"700\" height=\"464\" src=\"http:\/\/waldorfschoul.roomtrix.de\/wp-content\/uploads\/2024\/12\/allgemeines.jpg\" alt=\"danse\" class=\"wp-image-1549\" style=\"border-radius:11px\" srcset=\"https:\/\/waldorfschoul.roomtrix.de\/wp-content\/uploads\/2024\/12\/allgemeines.jpg 700w, https:\/\/waldorfschoul.roomtrix.de\/wp-content\/uploads\/2024\/12\/allgemeines-300x199.jpg 300w\" sizes=\"auto, (max-width: 700px) 100vw, 700px\" \/><\/figure>\n<\/div>\n\n\n\n<div class=\"wp-block-group alignfull has-base-background-color has-background has-global-padding is-layout-constrained wp-container-core-group-is-layout-32a46761 wp-block-group-is-layout-constrained\" style=\"margin-top:0;margin-bottom:0;padding-top:var(--wp--preset--spacing--40);padding-right:var(--wp--preset--spacing--50);padding-bottom:var(--wp--preset--spacing--40);padding-left:var(--wp--preset--spacing--50)\">\n<div class=\"wp-block-columns alignwide is-layout-flex wp-container-core-columns-is-layout-549b0c86 wp-block-columns-is-layout-flex\">\n<div class=\"wp-block-column has-global-padding is-content-justification-left is-layout-constrained wp-container-core-column-is-layout-c4d06299 wp-block-column-is-layout-constrained\" style=\"flex-basis:40%\">\n<ul class=\"wp-block-list has-accent-3-color has-text-color has-link-color wp-elements-b916dc81bc074adc032920c47b5774c2\">\n<li style=\"font-size:clamp(0.984rem, 0.984rem + ((1vw - 0.2rem) * 0.86), 1.5rem);line-height:1.2\"><strong><mark style=\"background-color:rgba(0, 0, 0, 0)\" class=\"has-inline-color has-custom-color-2-color\">Dans pr\u00e8s de 60 pays<\/mark><\/strong><\/li>\n<\/ul>\n<\/div>\n\n\n\n<div class=\"wp-block-column is-layout-flow wp-container-core-column-is-layout-8a368f38 wp-block-column-is-layout-flow\" style=\"flex-basis:60%\">\n<p style=\"margin-top:0;margin-bottom:0\">Les \u00e9coles Steiner-Waldorf sont aujourd\u2019hui pr\u00e9sentes dans pr\u00e8s de 60 pays et \u00e9duquent environ 250 000 \u00e9l\u00e8ves.<br>Il y a aujourd\u2019hui plus de 700 \u00e9coles en Europe et 1 000 dans le monde, plus de 1 700 maternelles, 300 centres d\u2019\u00e9ducation sp\u00e9cialis\u00e9e : p\u00e9dagogie curative et pr\u00e8s de 60 instituts de formation des enseignants.<br>75% des \u00e9coles Waldorf sont actuellement situ\u00e9es en Europe.<\/p>\n\n\n\n<p style=\"margin-top:0;margin-bottom:0\">L\u2019Allemagne, les Etats-Unis et les Pays-Bas ont le plus grand nombre d\u2019\u00e9coles, tandis que la Norv\u00e8ge et la Suisse ont la plus grande concentration d\u2019\u00e9coles par habitant.<br>L\u2019\u00e9ducation Waldorf est le mouvement \u00e9ducatif ind\u00e9pendant qui se d\u00e9veloppe le plus rapidement dans le monde.<\/p>\n\n\n\n<div style=\"height:16px\" aria-hidden=\"true\" class=\"wp-block-spacer\"><\/div>\n\n\n\n<div class=\"wp-block-kadence-infobox kt-info-box2472_343e2b-fb\"><span class=\"kt-blocks-info-box-link-wrap info-box-link kt-blocks-info-box-media-align-left kt-info-halign-left\"><div class=\"kt-blocks-info-box-media-container\"><div class=\"kt-blocks-info-box-media kt-info-media-animate-none\"><div class=\"kadence-info-box-icon-container kt-info-icon-animate-none\"><div class=\"kadence-info-box-icon-inner-container\"><span class=\"kb-svg-icon-wrap kb-svg-icon-fe_externalLink kt-info-svg-icon\"><svg viewBox=\"0 0 24 24\"  fill=\"none\" stroke=\"currentColor\" stroke-width=\"2\" stroke-linecap=\"round\" stroke-linejoin=\"round\" xmlns=\"http:\/\/www.w3.org\/2000\/svg\"  aria-hidden=\"true\"><path d=\"M18 13v6a2 2 0 0 1-2 2H5a2 2 0 0 1-2-2V8a2 2 0 0 1 2-2h6\"\/><polyline points=\"15 3 21 3 21 9\"\/><line x1=\"10\" y1=\"14\" x2=\"21\" y2=\"3\"\/><\/svg><\/span><\/div><\/div><\/div><\/div><div class=\"kt-infobox-textcontent\"><h2 class=\"kt-blocks-info-box-title\">Pour plus d\u2019informations, cliquez sur le lien ci-dessous.<\/h2><p class=\"kt-blocks-info-box-text\"><a href=\"https:\/\/ecswe.eu\/\">European Council for Steiner Waldorf Education<\/a><\/p><\/div><\/span><\/div>\n<\/div>\n<\/div>\n<\/div>\n\n\n\n<div class=\"wp-block-group alignfull has-base-background-color has-background has-global-padding is-layout-constrained wp-container-core-group-is-layout-2df14bad wp-block-group-is-layout-constrained\" style=\"margin-top:0;margin-bottom:0;padding-top:var(--wp--preset--spacing--10);padding-right:var(--wp--preset--spacing--50);padding-bottom:var(--wp--preset--spacing--10);padding-left:var(--wp--preset--spacing--50)\">\n<div class=\"wp-block-columns alignwide is-layout-flex wp-container-core-columns-is-layout-549b0c86 wp-block-columns-is-layout-flex\">\n<div class=\"wp-block-column has-global-padding is-content-justification-left is-layout-constrained wp-container-core-column-is-layout-c4d06299 wp-block-column-is-layout-constrained\" style=\"flex-basis:40%\">\n<ul class=\"wp-block-list has-accent-3-color has-text-color has-link-color wp-elements-e1d6cfb7dff784d6372e8afa5c81c214\">\n<li style=\"font-size:clamp(0.984rem, 0.984rem + ((1vw - 0.2rem) * 0.86), 1.5rem);line-height:1.2\"><strong><mark style=\"background-color:rgba(0, 0, 0, 0)\" class=\"has-inline-color has-custom-color-2-color\">Video<\/mark><mark style=\"background-color:rgba(0, 0, 0, 0)\" class=\"has-inline-color has-custom-color-2-color\"><\/mark><\/strong><\/li>\n<\/ul>\n<\/div>\n\n\n\n<div class=\"wp-block-column is-layout-flow wp-container-core-column-is-layout-e3d1c41b wp-block-column-is-layout-flow\" style=\"flex-basis:60%\">\n<p style=\"margin-top:0;margin-bottom:0\"><a href=\"https:\/\/youtu.be\/D64TZ-wcLCY?list=PLTp9Bu0cTGUza2gTQ5xX0IDXrCtcfDDEN\" target=\"_blank\" rel=\"noreferrer noopener\">Veuillez regarder cette video sur l&rsquo;education Waldorf sur Youtube<\/a><\/p>\n\n\n\n<p style=\"margin-top:0;margin-bottom:0\">(all rights reserved by <a href=\"https:\/\/www.youtube.com\/channel\/UC-RKpEc4eE9PwJaupN91xYQ\">Sprouts<\/a>, video used here with permission)<\/p>\n\n\n\n<div style=\"height:100px\" aria-hidden=\"true\" class=\"wp-block-spacer\"><\/div>\n<\/div>\n<\/div>\n<\/div>\n\n\n","protected":false},"excerpt":{"rendered":"<p>D\u00e9velopp\u00e9e par R. Steiner en 1919, la p\u00e9dagogie Waldorf est bas\u00e9e sur la compr\u00e9hension profonde du d\u00e9veloppement humain qui permet de satisfaire les besoins de l\u2019enfant qui grandit.La premi\u00e8re \u00e9cole Waldorf a \u00e9t\u00e9 cr\u00e9\u00e9e \u00e0 Stuttgart pour les enfants de la fabrique de cigarettes Waldorf-Astoria. Les \u00e9coles Steiner-Waldorf sont aujourd\u2019hui pr\u00e9sentes dans pr\u00e8s de 60 [&hellip;]<\/p>\n","protected":false},"author":1,"featured_media":0,"parent":0,"menu_order":0,"comment_status":"closed","ping_status":"closed","template":"","meta":{"footnotes":""},"class_list":["post-2472","page","type-page","status-publish","hentry"],"_links":{"self":[{"href":"https:\/\/waldorfschoul.roomtrix.de\/fr\/wp-json\/wp\/v2\/pages\/2472","targetHints":{"allow":["GET"]}}],"collection":[{"href":"https:\/\/waldorfschoul.roomtrix.de\/fr\/wp-json\/wp\/v2\/pages"}],"about":[{"href":"https:\/\/waldorfschoul.roomtrix.de\/fr\/wp-json\/wp\/v2\/types\/page"}],"author":[{"embeddable":true,"href":"https:\/\/waldorfschoul.roomtrix.de\/fr\/wp-json\/wp\/v2\/users\/1"}],"replies":[{"embeddable":true,"href":"https:\/\/waldorfschoul.roomtrix.de\/fr\/wp-json\/wp\/v2\/comments?post=2472"}],"version-history":[{"count":6,"href":"https:\/\/waldorfschoul.roomtrix.de\/fr\/wp-json\/wp\/v2\/pages\/2472\/revisions"}],"predecessor-version":[{"id":2487,"href":"https:\/\/waldorfschoul.roomtrix.de\/fr\/wp-json\/wp\/v2\/pages\/2472\/revisions\/2487"}],"wp:attachment":[{"href":"https:\/\/waldorfschoul.roomtrix.de\/fr\/wp-json\/wp\/v2\/media?parent=2472"}],"curies":[{"name":"wp","href":"https:\/\/api.w.org\/{rel}","templated":true}]}}