{"id":2459,"date":"2024-11-01T15:02:45","date_gmt":"2024-11-01T14:02:45","guid":{"rendered":"https:\/\/waldorfschoul.roomtrix.de\/?page_id=2459"},"modified":"2025-09-22T11:00:34","modified_gmt":"2025-09-22T09:00:34","slug":"visites-de-notre-ecole","status":"publish","type":"page","link":"https:\/\/waldorfschoul.roomtrix.de\/fr\/visites-de-notre-ecole\/","title":{"rendered":"visites de notre \u00e9cole"},"content":{"rendered":"\n<div class=\"wp-block-group alignfull has-background has-global-padding is-layout-constrained wp-container-core-group-is-layout-f6cc5ae6 wp-block-group-is-layout-constrained\" style=\"background:linear-gradient(180deg,rgb(249,249,249) 10%,rgb(241,136,37) 50%,rgb(249,249,249) 50%);margin-top:0;margin-bottom:0;padding-top:var(--wp--preset--spacing--30);padding-right:var(--wp--preset--spacing--50);padding-bottom:var(--wp--preset--spacing--30);padding-left:var(--wp--preset--spacing--50)\">\n<div class=\"wp-block-columns alignwide is-layout-flex wp-container-core-columns-is-layout-28f84493 wp-block-columns-is-layout-flex\">\n<div class=\"wp-block-column is-layout-flow wp-block-column-is-layout-flow\" style=\"flex-basis:40%\">\n<p class=\"has-montserrat-font-family wp-container-content-0733e5d0\" style=\"font-size:clamp(1.066rem, 1.066rem + ((1vw - 0.2rem) * 0.973), 1.65rem);\"><strong><mark style=\"background-color:rgba(0, 0, 0, 0);color:#fedc00\" class=\"has-inline-color\">\u00b7<\/mark><\/strong> <strong><mark style=\"background-color:rgba(0, 0, 0, 0);color:#f18825\" class=\"has-inline-color\">sur demande<\/mark><\/strong><\/p>\n<\/div>\n\n\n\n<div class=\"wp-block-column is-layout-flow wp-block-column-is-layout-flow\" style=\"flex-basis:60%\">\n<p class=\"has-montserrat-font-family\" style=\"line-height:1.2\">Notre \u00e9cole vous int\u00e9resse ?<\/p>\n\n\n\n<p class=\"has-montserrat-font-family\" style=\"line-height:1.2\">Nous vous proposons des <strong>visites de notre \u00e9cole<\/strong> !<\/p>\n\n\n\n<p class=\"has-montserrat-font-family\" style=\"line-height:1.2\">Si vous \u00eates int\u00e9ress\u00e9, veuillez nous envoyer un e-mail : <strong><a href=\"mailto:waldorf@ecole.lu\">waldorf@ecole.lu<\/a><\/strong><\/p>\n\n\n\n<p class=\"has-montserrat-font-family\" style=\"line-height:1.2\"><\/p>\n\n\n\n<div class=\"wp-block-buttons is-layout-flex wp-block-buttons-is-layout-flex\">\n<div class=\"wp-block-button buttonv1\"><a class=\"wp-block-button__link has-custom-color-4-background-color has-background has-large-font-size has-custom-font-size wp-element-button\" href=\"mailto:waldorf@ecole.lu\">waldorf@ecole.lu<\/a><\/div>\n<\/div>\n<\/div>\n<\/div>\n\n\n\n<div style=\"height:35px\" aria-hidden=\"true\" class=\"wp-block-spacer\"><\/div>\n\n\n<div class=\"kb-gallery-wrap-id-2459_bcac80-f6 alignwide alignwide wp-block-kadence-advancedgallery\"><div class=\"kb-gallery-ul kb-gallery-non-static kb-gallery-type-carousel kb-gallery-id-2459_bcac80-f6 kb-gallery-caption-style-bottom-hover kb-gallery-filter-none\" data-image-filter=\"none\" data-lightbox-caption=\"true\"><div class=\"kt-blocks-carousel splide kt-carousel-container-dotstyle-dark kt-carousel-arrowstyle-whiteondark kt-carousel-dotstyle-dark kb-slider-group-arrow kb-slider-arrow-position-center\" data-columns-xxl=\"2\" data-columns-xl=\"2\" data-columns-md=\"2\" data-columns-sm=\"2\" data-columns-xs=\"1\" data-columns-ss=\"1\" data-slider-anim-speed=\"400\" data-slider-scroll=\"1\" data-slider-arrows=\"true\" data-slider-dots=\"true\" data-slider-hover-pause=\"false\" data-slider-auto=\"\" data-slider-speed=\"7000\" data-slider-gap=\"10px\" data-slider-gap-tablet=\"10px\" data-slider-gap-mobile=\"10px\" data-show-pause-button=\"false\" data-slider-label=\"Photo Gallery Carousel\"><div class=\"splide__track\"><ul class=\"kt-blocks-carousel-init kb-gallery-carousel splide__list\"><li class=\"kb-slide-item kb-gallery-carousel-item splide__slide\"><div class=\"kadence-blocks-gallery-item\"><div class=\"kadence-blocks-gallery-item-inner\"><figure class=\"kb-gallery-figure kadence-blocks-gallery-item-hide-caption\"><div class=\"kb-gal-image-radius\"><div class=\"kb-gallery-image-contain kadence-blocks-gallery-intrinsic kb-gallery-image-ratio-land32 kb-has-image-ratio-land32\" ><img loading=\"lazy\" decoding=\"async\" src=\"http:\/\/waldorfschoul.roomtrix.de\/wp-content\/uploads\/2024\/12\/einrichtungen.jpg\" width=\"700\" height=\"467\" alt=\"\" data-full-image=\"http:\/\/waldorfschoul.roomtrix.de\/wp-content\/uploads\/2024\/12\/einrichtungen.jpg\" data-light-image=\"http:\/\/waldorfschoul.roomtrix.de\/wp-content\/uploads\/2024\/12\/einrichtungen.jpg\" data-id=\"1475\" class=\"wp-image-1475 skip-lazy\" srcset=\"https:\/\/waldorfschoul.roomtrix.de\/wp-content\/uploads\/2024\/12\/einrichtungen.jpg 700w, https:\/\/waldorfschoul.roomtrix.de\/wp-content\/uploads\/2024\/12\/einrichtungen-300x200.jpg 300w\" sizes=\"auto, (max-width: 700px) 100vw, 700px\" \/><\/div><\/div><\/figure><\/div><\/div><\/li><li class=\"kb-slide-item kb-gallery-carousel-item splide__slide\"><div class=\"kadence-blocks-gallery-item\"><div class=\"kadence-blocks-gallery-item-inner\"><figure class=\"kb-gallery-figure kadence-blocks-gallery-item-hide-caption\"><div class=\"kb-gal-image-radius\"><div class=\"kb-gallery-image-contain kadence-blocks-gallery-intrinsic kb-gallery-image-ratio-land32 kb-has-image-ratio-land32\" ><img loading=\"lazy\" decoding=\"async\" src=\"http:\/\/waldorfschoul.roomtrix.de\/wp-content\/uploads\/2024\/12\/schultour.v1.jpg\" width=\"700\" height=\"516\" alt=\"\" data-full-image=\"http:\/\/waldorfschoul.roomtrix.de\/wp-content\/uploads\/2024\/12\/schultour.v1.jpg\" data-light-image=\"http:\/\/waldorfschoul.roomtrix.de\/wp-content\/uploads\/2024\/12\/schultour.v1.jpg\" data-id=\"1636\" class=\"wp-image-1636 skip-lazy\" srcset=\"https:\/\/waldorfschoul.roomtrix.de\/wp-content\/uploads\/2024\/12\/schultour.v1.jpg 700w, https:\/\/waldorfschoul.roomtrix.de\/wp-content\/uploads\/2024\/12\/schultour.v1-300x221.jpg 300w\" sizes=\"auto, (max-width: 700px) 100vw, 700px\" \/><\/div><\/div><\/figure><\/div><\/div><\/li><li class=\"kb-slide-item kb-gallery-carousel-item splide__slide\"><div class=\"kadence-blocks-gallery-item\"><div class=\"kadence-blocks-gallery-item-inner\"><figure class=\"kb-gallery-figure kadence-blocks-gallery-item-hide-caption\"><div class=\"kb-gal-image-radius\"><div class=\"kb-gallery-image-contain kadence-blocks-gallery-intrinsic kb-gallery-image-ratio-land32 kb-has-image-ratio-land32\" ><img loading=\"lazy\" decoding=\"async\" src=\"http:\/\/waldorfschoul.roomtrix.de\/wp-content\/uploads\/2024\/12\/schultour.v2.jpg\" width=\"700\" height=\"467\" alt=\"\" data-full-image=\"http:\/\/waldorfschoul.roomtrix.de\/wp-content\/uploads\/2024\/12\/schultour.v2.jpg\" data-light-image=\"http:\/\/waldorfschoul.roomtrix.de\/wp-content\/uploads\/2024\/12\/schultour.v2.jpg\" data-id=\"1639\" class=\"wp-image-1639 skip-lazy\" srcset=\"https:\/\/waldorfschoul.roomtrix.de\/wp-content\/uploads\/2024\/12\/schultour.v2.jpg 700w, https:\/\/waldorfschoul.roomtrix.de\/wp-content\/uploads\/2024\/12\/schultour.v2-300x200.jpg 300w\" sizes=\"auto, (max-width: 700px) 100vw, 700px\" \/><\/div><\/div><\/figure><\/div><\/div><\/li><li class=\"kb-slide-item kb-gallery-carousel-item splide__slide\"><div class=\"kadence-blocks-gallery-item\"><div class=\"kadence-blocks-gallery-item-inner\"><figure class=\"kb-gallery-figure kadence-blocks-gallery-item-hide-caption\"><div class=\"kb-gal-image-radius\"><div class=\"kb-gallery-image-contain kadence-blocks-gallery-intrinsic kb-gallery-image-ratio-land32 kb-has-image-ratio-land32\" ><img loading=\"lazy\" decoding=\"async\" src=\"http:\/\/waldorfschoul.roomtrix.de\/wp-content\/uploads\/2024\/12\/schultour.v4.jpg\" width=\"700\" height=\"467\" alt=\"\" data-full-image=\"http:\/\/waldorfschoul.roomtrix.de\/wp-content\/uploads\/2024\/12\/schultour.v4.jpg\" data-light-image=\"http:\/\/waldorfschoul.roomtrix.de\/wp-content\/uploads\/2024\/12\/schultour.v4.jpg\" data-id=\"1645\" class=\"wp-image-1645 skip-lazy\" srcset=\"https:\/\/waldorfschoul.roomtrix.de\/wp-content\/uploads\/2024\/12\/schultour.v4.jpg 700w, https:\/\/waldorfschoul.roomtrix.de\/wp-content\/uploads\/2024\/12\/schultour.v4-300x200.jpg 300w\" sizes=\"auto, (max-width: 700px) 100vw, 700px\" \/><\/div><\/div><\/figure><\/div><\/div><\/li><li class=\"kb-slide-item kb-gallery-carousel-item splide__slide\"><div class=\"kadence-blocks-gallery-item\"><div class=\"kadence-blocks-gallery-item-inner\"><figure class=\"kb-gallery-figure kadence-blocks-gallery-item-hide-caption\"><div class=\"kb-gal-image-radius\"><div class=\"kb-gallery-image-contain kadence-blocks-gallery-intrinsic kb-gallery-image-ratio-land32 kb-has-image-ratio-land32\" ><img loading=\"lazy\" decoding=\"async\" src=\"http:\/\/waldorfschoul.roomtrix.de\/wp-content\/uploads\/2024\/11\/schulgelaende.v2.jpg\" width=\"700\" height=\"467\" alt=\"\" data-full-image=\"http:\/\/waldorfschoul.roomtrix.de\/wp-content\/uploads\/2024\/11\/schulgelaende.v2.jpg\" data-light-image=\"http:\/\/waldorfschoul.roomtrix.de\/wp-content\/uploads\/2024\/11\/schulgelaende.v2.jpg\" data-id=\"1061\" class=\"wp-image-1061 skip-lazy\" srcset=\"https:\/\/waldorfschoul.roomtrix.de\/wp-content\/uploads\/2024\/11\/schulgelaende.v2.jpg 700w, https:\/\/waldorfschoul.roomtrix.de\/wp-content\/uploads\/2024\/11\/schulgelaende.v2-300x200.jpg 300w\" sizes=\"auto, (max-width: 700px) 100vw, 700px\" \/><\/div><\/div><\/figure><\/div><\/div><\/li><li class=\"kb-slide-item kb-gallery-carousel-item splide__slide\"><div class=\"kadence-blocks-gallery-item\"><div class=\"kadence-blocks-gallery-item-inner\"><figure class=\"kb-gallery-figure kadence-blocks-gallery-item-hide-caption\"><div class=\"kb-gal-image-radius\"><div class=\"kb-gallery-image-contain kadence-blocks-gallery-intrinsic kb-gallery-image-ratio-land32 kb-has-image-ratio-land32\" ><img loading=\"lazy\" decoding=\"async\" src=\"http:\/\/waldorfschoul.roomtrix.de\/wp-content\/uploads\/2024\/12\/schultour.v3.jpg\" width=\"700\" height=\"467\" alt=\"\" data-full-image=\"http:\/\/waldorfschoul.roomtrix.de\/wp-content\/uploads\/2024\/12\/schultour.v3.jpg\" data-light-image=\"http:\/\/waldorfschoul.roomtrix.de\/wp-content\/uploads\/2024\/12\/schultour.v3.jpg\" data-id=\"1642\" class=\"wp-image-1642 skip-lazy\" srcset=\"https:\/\/waldorfschoul.roomtrix.de\/wp-content\/uploads\/2024\/12\/schultour.v3.jpg 700w, https:\/\/waldorfschoul.roomtrix.de\/wp-content\/uploads\/2024\/12\/schultour.v3-300x200.jpg 300w\" sizes=\"auto, (max-width: 700px) 100vw, 700px\" \/><\/div><\/div><\/figure><\/div><\/div><\/li><li class=\"kb-slide-item kb-gallery-carousel-item splide__slide\"><div class=\"kadence-blocks-gallery-item\"><div class=\"kadence-blocks-gallery-item-inner\"><figure class=\"kb-gallery-figure kadence-blocks-gallery-item-hide-caption\"><div class=\"kb-gal-image-radius\"><div class=\"kb-gallery-image-contain kadence-blocks-gallery-intrinsic kb-gallery-image-ratio-land32 kb-has-image-ratio-land32\" ><img loading=\"lazy\" decoding=\"async\" src=\"http:\/\/waldorfschoul.roomtrix.de\/wp-content\/uploads\/2024\/12\/schultour.v5.jpg\" width=\"700\" height=\"467\" alt=\"\" data-full-image=\"http:\/\/waldorfschoul.roomtrix.de\/wp-content\/uploads\/2024\/12\/schultour.v5.jpg\" data-light-image=\"http:\/\/waldorfschoul.roomtrix.de\/wp-content\/uploads\/2024\/12\/schultour.v5.jpg\" data-id=\"1648\" class=\"wp-image-1648 skip-lazy\" srcset=\"https:\/\/waldorfschoul.roomtrix.de\/wp-content\/uploads\/2024\/12\/schultour.v5.jpg 700w, https:\/\/waldorfschoul.roomtrix.de\/wp-content\/uploads\/2024\/12\/schultour.v5-300x200.jpg 300w\" sizes=\"auto, (max-width: 700px) 100vw, 700px\" \/><\/div><\/div><\/figure><\/div><\/div><\/li><\/ul><\/div><\/div><\/div><\/div><\/div>\n\n\n\n<div style=\"height:148px\" aria-hidden=\"true\" class=\"wp-block-spacer\"><\/div>\n","protected":false},"excerpt":{"rendered":"<p>\u00b7 sur demande Notre \u00e9cole vous int\u00e9resse ? Nous vous proposons des visites de notre \u00e9cole ! Si vous \u00eates int\u00e9ress\u00e9, veuillez nous envoyer un e-mail : waldorf@ecole.lu<\/p>\n","protected":false},"author":1,"featured_media":0,"parent":0,"menu_order":0,"comment_status":"closed","ping_status":"closed","template":"","meta":{"footnotes":""},"class_list":["post-2459","page","type-page","status-publish","hentry"],"_links":{"self":[{"href":"https:\/\/waldorfschoul.roomtrix.de\/fr\/wp-json\/wp\/v2\/pages\/2459","targetHints":{"allow":["GET"]}}],"collection":[{"href":"https:\/\/waldorfschoul.roomtrix.de\/fr\/wp-json\/wp\/v2\/pages"}],"about":[{"href":"https:\/\/waldorfschoul.roomtrix.de\/fr\/wp-json\/wp\/v2\/types\/page"}],"author":[{"embeddable":true,"href":"https:\/\/waldorfschoul.roomtrix.de\/fr\/wp-json\/wp\/v2\/users\/1"}],"replies":[{"embeddable":true,"href":"https:\/\/waldorfschoul.roomtrix.de\/fr\/wp-json\/wp\/v2\/comments?post=2459"}],"version-history":[{"count":1,"href":"https:\/\/waldorfschoul.roomtrix.de\/fr\/wp-json\/wp\/v2\/pages\/2459\/revisions"}],"predecessor-version":[{"id":2460,"href":"https:\/\/waldorfschoul.roomtrix.de\/fr\/wp-json\/wp\/v2\/pages\/2459\/revisions\/2460"}],"wp:attachment":[{"href":"https:\/\/waldorfschoul.roomtrix.de\/fr\/wp-json\/wp\/v2\/media?parent=2459"}],"curies":[{"name":"wp","href":"https:\/\/api.w.org\/{rel}","templated":true}]}}