{"id":2451,"date":"2024-11-08T16:38:36","date_gmt":"2024-11-08T15:38:36","guid":{"rendered":"https:\/\/waldorfschoul.roomtrix.de\/?page_id=2451"},"modified":"2025-09-22T09:12:52","modified_gmt":"2025-09-22T07:12:52","slug":"cotisation-parentale","status":"publish","type":"page","link":"https:\/\/waldorfschoul.roomtrix.de\/fr\/cotisation-parentale\/","title":{"rendered":"Cotisation parentale"},"content":{"rendered":"\n<div class=\"wp-block-group alignfull has-background has-global-padding is-layout-constrained wp-container-core-group-is-layout-f6cc5ae6 wp-block-group-is-layout-constrained\" style=\"background:linear-gradient(180deg,rgb(249,249,249) 18%,rgb(229,0,125) 61%,rgb(249,249,249) 61%);margin-top:0;margin-bottom:0;padding-top:var(--wp--preset--spacing--30);padding-right:var(--wp--preset--spacing--50);padding-bottom:var(--wp--preset--spacing--30);padding-left:var(--wp--preset--spacing--50)\">\n<div class=\"wp-block-columns alignwide is-layout-flex wp-container-core-columns-is-layout-28f84493 wp-block-columns-is-layout-flex\">\n<div class=\"wp-block-column is-layout-flow wp-block-column-is-layout-flow\" style=\"flex-basis:40%\">\n<ul class=\"wp-block-list\">\n<li class=\"has-custom-color-13-color has-text-color has-link-color wp-elements-72c0e2bc03f48d6aed477ec5879fe65e\" style=\"font-size:clamp(0.984rem, 0.984rem + ((1vw - 0.2rem) * 0.86), 1.5rem);\"><strong><mark style=\"background-color:rgba(0, 0, 0, 0)\" class=\"has-inline-color has-custom-color-2-color\">Indice<\/mark><\/strong><\/li>\n<\/ul>\n<\/div>\n\n\n\n<div class=\"wp-block-column is-layout-flow wp-block-column-is-layout-flow\" style=\"flex-basis:60%\">\n<p><strong>Indice 968.04<\/strong> <strong>du 01.05.2025<\/strong><\/p>\n<\/div>\n<\/div>\n\n\n\n<div style=\"height:5px\" aria-hidden=\"true\" class=\"wp-block-spacer\"><\/div>\n\n\n\n<figure class=\"wp-block-image size-full has-custom-border is-style-rounded is-style-rounded--1\"><img loading=\"lazy\" decoding=\"async\" width=\"700\" height=\"467\" src=\"http:\/\/waldorfschoul.roomtrix.de\/wp-content\/uploads\/2024\/12\/gebuehren.jpg\" alt=\"espace ext\u00e9rieur\" class=\"wp-image-1582\" style=\"border-radius:11px\" srcset=\"https:\/\/waldorfschoul.roomtrix.de\/wp-content\/uploads\/2024\/12\/gebuehren.jpg 700w, https:\/\/waldorfschoul.roomtrix.de\/wp-content\/uploads\/2024\/12\/gebuehren-300x200.jpg 300w\" sizes=\"auto, (max-width: 700px) 100vw, 700px\" \/><\/figure>\n<\/div>\n\n\n\n<div class=\"wp-block-group alignfull has-base-background-color has-background has-global-padding is-layout-constrained wp-container-core-group-is-layout-32a46761 wp-block-group-is-layout-constrained\" style=\"margin-top:0;margin-bottom:0;padding-top:var(--wp--preset--spacing--40);padding-right:var(--wp--preset--spacing--50);padding-bottom:var(--wp--preset--spacing--40);padding-left:var(--wp--preset--spacing--50)\">\n<div class=\"wp-block-columns alignwide is-layout-flex wp-container-core-columns-is-layout-549b0c86 wp-block-columns-is-layout-flex\">\n<div class=\"wp-block-column has-global-padding is-content-justification-left is-layout-constrained wp-container-core-column-is-layout-c4d06299 wp-block-column-is-layout-constrained\" style=\"flex-basis:40%\">\n<ul class=\"wp-block-list\">\n<li class=\"has-custom-color-13-color has-text-color has-link-color wp-elements-2b7fae7021b116b920c7dc216d2f1c24\" style=\"font-size:clamp(0.984rem, 0.984rem + ((1vw - 0.2rem) * 0.86), 1.5rem);\"><strong><mark style=\"background-color:rgba(0, 0, 0, 0)\" class=\"has-inline-color has-custom-color-2-color\">Prozentualer Beitrag<\/mark><\/strong><\/li>\n<\/ul>\n<\/div>\n\n\n\n<div class=\"wp-block-column is-layout-flow wp-container-core-column-is-layout-e3d1c41b wp-block-column-is-layout-flow\" style=\"flex-basis:60%\">\n<p style=\"margin-top:0;margin-bottom:0\">La contribution parentale est \u00e9chelonn\u00e9e selon le nombre des enfants. Ainsi une famille paie selon le nombre d\u2019enfants inscrits<\/p>\n\n\n\n<figure class=\"wp-block-table\"><table class=\"has-fixed-layout\"><tbody><tr><td>1er enfant<\/td><td>2e enfants<\/td><td>3e enfants<\/td><td>4e enfants<\/td><td>5e enfants<\/td><\/tr><tr><td>120%<\/td><td>80%<\/td><td>50%<\/td><td>30%<\/td><td>30%<\/td><\/tr><tr><td>par enfant<\/td><td>par enfant<\/td><td>par enfant<\/td><td>par enfant<\/td><td>par enfant<\/td><\/tr><tr><td>120%<\/td><td>100%<\/td><td>83,33%<\/td><td>70%<\/td><td>60%<\/td><\/tr><\/tbody><\/table><\/figure>\n\n\n\n<p>Comme contribution minimum, cela donne le montant mensuel suivant <br>pour une famille :<\/p>\n\n\n\n<p>Jusqu&rsquo;\u00e0 la 6<sup>e <\/sup>primaire<\/p>\n\n\n\n<figure class=\"wp-block-table\"><table class=\"has-fixed-layout\"><tbody><tr><td>1 enfant<\/td><td>2 enfants<\/td><td>3 enfants<\/td><td>4 enfants<\/td><td>5 enfants<\/td><\/tr><tr><td>488.17\u20ac<\/td><td>813.61\u20ac<\/td><td>1017.03\u20ac<\/td><td>1139.06\u20ac<\/td><td>1261.11\u20ac<\/td><\/tr><\/tbody><\/table><\/figure>\n\n\n\n<p>A partir de la VIIe +10%<\/p>\n\n\n\n<figure class=\"wp-block-table\"><table class=\"has-fixed-layout\"><tbody><tr><td>1 enfant<\/td><td>2 enfants<\/td><td>3 enfants<\/td><td>4 enfants<\/td><td>5 enfants<\/td><\/tr><tr><td>537.01\u20ac&nbsp;<\/td><td>894.99\u20ac<\/td><td>1118.83\u20ac<\/td><td>1253.02\u20ac<\/td><td>1387.26\u20ac<\/td><\/tr><\/tbody><\/table><\/figure>\n<\/div>\n<\/div>\n<\/div>\n\n\n\n<div class=\"wp-block-group alignfull has-base-background-color has-background has-global-padding is-layout-constrained wp-container-core-group-is-layout-32a46761 wp-block-group-is-layout-constrained\" style=\"margin-top:0;margin-bottom:0;padding-top:var(--wp--preset--spacing--40);padding-right:var(--wp--preset--spacing--50);padding-bottom:var(--wp--preset--spacing--40);padding-left:var(--wp--preset--spacing--50)\">\n<div class=\"wp-block-columns alignwide is-layout-flex wp-container-core-columns-is-layout-549b0c86 wp-block-columns-is-layout-flex\">\n<div class=\"wp-block-column has-global-padding is-content-justification-left is-layout-constrained wp-container-core-column-is-layout-c4d06299 wp-block-column-is-layout-constrained\" style=\"flex-basis:40%\">\n<ul class=\"wp-block-list\">\n<li class=\"has-custom-color-13-color has-text-color has-link-color wp-elements-96b229a58e6ace2574377c33dd572343\" style=\"font-size:clamp(0.984rem, 0.984rem + ((1vw - 0.2rem) * 0.86), 1.5rem);\"><strong><mark style=\"background-color:rgba(0, 0, 0, 0)\" class=\"has-inline-color has-custom-color-2-color\">Compte de classe<\/mark><\/strong><\/li>\n<\/ul>\n<\/div>\n\n\n\n<div class=\"wp-block-column is-layout-flow wp-container-core-column-is-layout-e3d1c41b wp-block-column-is-layout-flow\" style=\"flex-basis:60%\">\n<p>Chaque classe a un compte de classe auquel les familles contribuent. Ce compte est en g\u00e9n\u00e9ral g\u00e9r\u00e9 par un parent de la classe.<\/p>\n\n\n\n<p>Les parents doivent pr\u00e9voir entre 200 et 450 euros par trimestre et par enfant pour financer le compte de la classe.<br>Cependant, les communaut\u00e9s de classe (parents, \u00e9l\u00e8ves, enseignants) organisent souvent des \u00e9v\u00e8nements pour lever des fonds, financer les sorties scolaires et aider les familles ayant des ressources limit\u00e9es.<\/p>\n\n\n\n<p>Les fonds figurant sur ce compte sont utilis\u00e9s pour couvrir les co\u00fbts suivants : &nbsp;&nbsp; &nbsp;&nbsp;&nbsp;&nbsp;<\/p>\n\n\n\n<ul class=\"wp-block-list\">\n<li>Maternelle : nourriture et mat\u00e9riel scolaire<\/li>\n\n\n\n<li>Primaire et secondaire : nourriture, mat\u00e9riel et sorties scolaires<\/li>\n\n\n\n<li>Baccalaur\u00e9at International : mat\u00e9riel et sorties scolaires<\/li>\n<\/ul>\n<\/div>\n<\/div>\n<\/div>\n\n\n","protected":false},"excerpt":{"rendered":"<p>Indice 968.04 du 01.05.2025 La contribution parentale est \u00e9chelonn\u00e9e selon le nombre des enfants. Ainsi une famille paie selon le nombre d\u2019enfants inscrits 1er enfant 2e enfants 3e enfants 4e enfants 5e enfants 120% 80% 50% 30% 30% par enfant par enfant par enfant par enfant par enfant 120% 100% 83,33% 70% 60% Comme contribution [&hellip;]<\/p>\n","protected":false},"author":1,"featured_media":0,"parent":0,"menu_order":0,"comment_status":"closed","ping_status":"closed","template":"","meta":{"footnotes":""},"class_list":["post-2451","page","type-page","status-publish","hentry"],"_links":{"self":[{"href":"https:\/\/waldorfschoul.roomtrix.de\/fr\/wp-json\/wp\/v2\/pages\/2451","targetHints":{"allow":["GET"]}}],"collection":[{"href":"https:\/\/waldorfschoul.roomtrix.de\/fr\/wp-json\/wp\/v2\/pages"}],"about":[{"href":"https:\/\/waldorfschoul.roomtrix.de\/fr\/wp-json\/wp\/v2\/types\/page"}],"author":[{"embeddable":true,"href":"https:\/\/waldorfschoul.roomtrix.de\/fr\/wp-json\/wp\/v2\/users\/1"}],"replies":[{"embeddable":true,"href":"https:\/\/waldorfschoul.roomtrix.de\/fr\/wp-json\/wp\/v2\/comments?post=2451"}],"version-history":[{"count":2,"href":"https:\/\/waldorfschoul.roomtrix.de\/fr\/wp-json\/wp\/v2\/pages\/2451\/revisions"}],"predecessor-version":[{"id":2454,"href":"https:\/\/waldorfschoul.roomtrix.de\/fr\/wp-json\/wp\/v2\/pages\/2451\/revisions\/2454"}],"wp:attachment":[{"href":"https:\/\/waldorfschoul.roomtrix.de\/fr\/wp-json\/wp\/v2\/media?parent=2451"}],"curies":[{"name":"wp","href":"https:\/\/api.w.org\/{rel}","templated":true}]}}