{"id":2446,"date":"2024-11-14T12:09:50","date_gmt":"2024-11-14T11:09:50","guid":{"rendered":"https:\/\/waldorfschoul.roomtrix.de\/?page_id=2446"},"modified":"2025-09-22T08:57:25","modified_gmt":"2025-09-22T06:57:25","slug":"la-religion-a-lecole-waldorf-luxembourg","status":"publish","type":"page","link":"https:\/\/waldorfschoul.roomtrix.de\/fr\/la-religion-a-lecole-waldorf-luxembourg\/","title":{"rendered":"La religion \u00e0 l&rsquo;\u00e9cole Waldorf Luxembourg"},"content":{"rendered":"\n<div class=\"wp-block-group alignfull has-background has-global-padding is-layout-constrained wp-container-core-group-is-layout-f6cc5ae6 wp-block-group-is-layout-constrained\" style=\"background:linear-gradient(180deg,rgb(249,249,249) 8%,rgb(241,136,37) 50%,rgb(249,249,249) 50%);margin-top:0;margin-bottom:0;padding-top:var(--wp--preset--spacing--30);padding-right:var(--wp--preset--spacing--50);padding-bottom:var(--wp--preset--spacing--30);padding-left:var(--wp--preset--spacing--50)\">\n<div class=\"wp-block-columns alignwide is-layout-flex wp-container-core-columns-is-layout-28f84493 wp-block-columns-is-layout-flex\">\n<div class=\"wp-block-column is-layout-flow wp-block-column-is-layout-flow\" style=\"flex-basis:40%\">\n<ul class=\"wp-block-list\">\n<li class=\"has-accent-3-color has-text-color has-link-color wp-elements-4a380e11912ee5026eb84892d280b367\" style=\"font-size:clamp(0.984rem, 0.984rem + ((1vw - 0.2rem) * 0.86), 1.5rem);\"><strong><mark style=\"background-color:rgba(0, 0, 0, 0)\" class=\"has-inline-color has-custom-color-4-color\">ouverture d&rsquo;esprit<\/mark><\/strong><\/li>\n<\/ul>\n<\/div>\n\n\n\n<div class=\"wp-block-column is-layout-flow wp-block-column-is-layout-flow\" style=\"flex-basis:60%\">\n<p>Il n\u2019y a pas de classe de religion pr\u00e9vue dans le plan d&rsquo;\u00e9tudes de l&rsquo;\u00e9cole Waldorf de Luxembourg. Nous enseignons en fait \u00e0 nos \u00e9l\u00e8ves sur toutes les religions pour ouvrir leur esprit.<\/p>\n\n\n\n<p>Nous sommes convaincus que des personnes de religions diff\u00e9rentes doivent \u00eatre capables de vivre et de travailler ensemble sans discrimination, dans un environnement de respect mutuel et de tol\u00e9rance pour les diff\u00e9rences des autres.<\/p>\n<\/div>\n<\/div>\n\n\n\n<div style=\"height:5px\" aria-hidden=\"true\" class=\"wp-block-spacer\"><\/div>\n\n\n\n<figure class=\"wp-block-image size-full has-custom-border is-style-rounded is-style-rounded--1\"><img loading=\"lazy\" decoding=\"async\" width=\"700\" height=\"470\" src=\"http:\/\/waldorfschoul.roomtrix.de\/wp-content\/uploads\/2024\/12\/religion.jpg\" alt=\"excursion\" class=\"wp-image-1563\" style=\"border-radius:11px\" srcset=\"https:\/\/waldorfschoul.roomtrix.de\/wp-content\/uploads\/2024\/12\/religion.jpg 700w, https:\/\/waldorfschoul.roomtrix.de\/wp-content\/uploads\/2024\/12\/religion-300x201.jpg 300w\" sizes=\"auto, (max-width: 700px) 100vw, 700px\" \/><\/figure>\n\n\n\n<p>De nombreuses religions sont pr\u00e9sentes parmi notre communaut\u00e9e scolaire (musulmans, juifs, chr\u00e9tiens, bouddhistes, hindouistes, bahai, entre autres)<\/p>\n\n\n\n<p>Si les parents souhaitent que des classes de religion pr\u00e9parent \u00e0 certaines c\u00e9r\u00e9monies, les parents sont libres d\u2019organiser ces classes eux-m\u00eames.<\/p>\n<\/div>\n\n\n\n<div style=\"height:100px\" aria-hidden=\"true\" class=\"wp-block-spacer\"><\/div>\n","protected":false},"excerpt":{"rendered":"<p>Il n\u2019y a pas de classe de religion pr\u00e9vue dans le plan d&rsquo;\u00e9tudes de l&rsquo;\u00e9cole Waldorf de Luxembourg. Nous enseignons en fait \u00e0 nos \u00e9l\u00e8ves sur toutes les religions pour ouvrir leur esprit. Nous sommes convaincus que des personnes de religions diff\u00e9rentes doivent \u00eatre capables de vivre et de travailler ensemble sans discrimination, dans un [&hellip;]<\/p>\n","protected":false},"author":1,"featured_media":0,"parent":0,"menu_order":0,"comment_status":"closed","ping_status":"closed","template":"","meta":{"footnotes":""},"class_list":["post-2446","page","type-page","status-publish","hentry"],"_links":{"self":[{"href":"https:\/\/waldorfschoul.roomtrix.de\/fr\/wp-json\/wp\/v2\/pages\/2446","targetHints":{"allow":["GET"]}}],"collection":[{"href":"https:\/\/waldorfschoul.roomtrix.de\/fr\/wp-json\/wp\/v2\/pages"}],"about":[{"href":"https:\/\/waldorfschoul.roomtrix.de\/fr\/wp-json\/wp\/v2\/types\/page"}],"author":[{"embeddable":true,"href":"https:\/\/waldorfschoul.roomtrix.de\/fr\/wp-json\/wp\/v2\/users\/1"}],"replies":[{"embeddable":true,"href":"https:\/\/waldorfschoul.roomtrix.de\/fr\/wp-json\/wp\/v2\/comments?post=2446"}],"version-history":[{"count":1,"href":"https:\/\/waldorfschoul.roomtrix.de\/fr\/wp-json\/wp\/v2\/pages\/2446\/revisions"}],"predecessor-version":[{"id":2447,"href":"https:\/\/waldorfschoul.roomtrix.de\/fr\/wp-json\/wp\/v2\/pages\/2446\/revisions\/2447"}],"wp:attachment":[{"href":"https:\/\/waldorfschoul.roomtrix.de\/fr\/wp-json\/wp\/v2\/media?parent=2446"}],"curies":[{"name":"wp","href":"https:\/\/api.w.org\/{rel}","templated":true}]}}