{"id":2429,"date":"2024-11-15T11:48:52","date_gmt":"2024-11-15T10:48:52","guid":{"rendered":"https:\/\/waldorfschoul.roomtrix.de\/?page_id=2429"},"modified":"2025-09-22T08:33:31","modified_gmt":"2025-09-22T06:33:31","slug":"maison-relais","status":"publish","type":"page","link":"https:\/\/waldorfschoul.roomtrix.de\/fr\/maison-relais\/","title":{"rendered":"Maison relais"},"content":{"rendered":"\n<div class=\"wp-block-group alignfull has-background has-global-padding is-layout-constrained wp-container-core-group-is-layout-f6cc5ae6 wp-block-group-is-layout-constrained\" style=\"background:linear-gradient(180deg,rgb(249,249,249) 7%,rgb(0,79,159) 51%,rgb(249,249,249) 51%);margin-top:0;margin-bottom:0;padding-top:var(--wp--preset--spacing--30);padding-right:var(--wp--preset--spacing--50);padding-bottom:var(--wp--preset--spacing--30);padding-left:var(--wp--preset--spacing--50)\">\n<div class=\"wp-block-columns alignwide is-layout-flex wp-container-core-columns-is-layout-28f84493 wp-block-columns-is-layout-flex\">\n<div class=\"wp-block-column is-layout-flow wp-block-column-is-layout-flow\" style=\"flex-basis:40%\">\n<ul class=\"wp-block-list\">\n<li class=\"has-custom-color-13-color has-text-color has-link-color wp-elements-b11da16405fd4bdd93aeed2ab9501f13\" style=\"font-size:clamp(0.984rem, 0.984rem + ((1vw - 0.2rem) * 0.86), 1.5rem);\"><strong><mark style=\"background-color:rgba(0, 0, 0, 0)\" class=\"has-inline-color has-custom-color-9-color\">Maison Relais Waldorf (MRW)<\/mark><\/strong><\/li>\n<\/ul>\n<\/div>\n\n\n\n<div class=\"wp-block-column is-layout-flow wp-block-column-is-layout-flow\" style=\"flex-basis:60%\">\n<p class=\"has-montserrat-font-family\" style=\"line-height:1.2\">Notre \u00e9cole propose une garderie d\u00e9nomm\u00e9e \u00ab Maison relais \u00bb.<\/p>\n\n\n\n<p class=\"has-montserrat-font-family\" style=\"line-height:1.2\">Nous accueillons les enfants de 3 \u00e0 12 ans.<\/p>\n<\/div>\n<\/div>\n\n\n\n<div style=\"height:35px\" aria-hidden=\"true\" class=\"wp-block-spacer\"><\/div>\n\n\n\n<figure class=\"wp-block-image size-full has-custom-border is-style-rounded is-style-rounded--1\"><img loading=\"lazy\" decoding=\"async\" width=\"700\" height=\"495\" src=\"http:\/\/waldorfschoul.roomtrix.de\/wp-content\/uploads\/2024\/12\/nachmittag.jpg\" alt=\"Un amphibien entre les mains d'enfants\" class=\"wp-image-1594\" style=\"border-radius:7px\" srcset=\"https:\/\/waldorfschoul.roomtrix.de\/wp-content\/uploads\/2024\/12\/nachmittag.jpg 700w, https:\/\/waldorfschoul.roomtrix.de\/wp-content\/uploads\/2024\/12\/nachmittag-300x212.jpg 300w\" sizes=\"auto, (max-width: 700px) 100vw, 700px\" \/><\/figure>\n\n\n\n<p>Si vous disposez d\u2019une \u00ab carte ch\u00e8que service \u00bb vous pouvez l\u2019utiliser afin de recevoir une facture r\u00e9duite. Vous devez cependant donner au secr\u00e9tariat une copie de la carte ch\u00e8que service de votre enfant, faute de quoi vous devrez r\u00e9gler le prix total.<\/p>\n\n\n\n<p>Veuillez noter que les enfants ne sont pas automatiquement inscrits \u00e0 la garderie. Pour le formulaire d&rsquo;inscription veuillez vous adresser au secr\u00e9tariat: <strong><a href=\"mailto:mrw@ecole.lu\">mrw@ecole.lu<\/a><\/strong><\/p>\n<\/div>\n\n\n\n<div class=\"wp-block-group alignfull has-base-background-color has-background has-global-padding is-layout-constrained wp-container-core-group-is-layout-d89aad35 wp-block-group-is-layout-constrained\" style=\"margin-top:0;margin-bottom:0;padding-top:var(--wp--preset--spacing--50);padding-right:var(--wp--preset--spacing--50);padding-bottom:var(--wp--preset--spacing--50);padding-left:var(--wp--preset--spacing--50)\">\n<div class=\"wp-block-columns alignwide is-layout-flex wp-container-core-columns-is-layout-549b0c86 wp-block-columns-is-layout-flex\">\n<div class=\"wp-block-column has-global-padding is-content-justification-left is-layout-constrained wp-container-core-column-is-layout-c4d06299 wp-block-column-is-layout-constrained\" style=\"flex-basis:40%\">\n<ul class=\"wp-block-list\">\n<li class=\"has-custom-color-13-color has-text-color has-link-color wp-elements-ece3b9186ab496bbed8a07b2bf9f2ff7\" style=\"font-size:clamp(0.984rem, 0.984rem + ((1vw - 0.2rem) * 0.86), 1.5rem);\"><strong><mark style=\"background-color:rgba(0, 0, 0, 0)\" class=\"has-inline-color has-custom-color-9-color\">Nous avons cinq groupes<\/mark><\/strong><\/li>\n<\/ul>\n<\/div>\n\n\n\n<div class=\"wp-block-column is-layout-flow wp-container-core-column-is-layout-e3d1c41b wp-block-column-is-layout-flow\" style=\"flex-basis:60%\">\n<figure class=\"wp-block-table\"><table class=\"has-fixed-layout\"><tbody><tr><td>1) Maison relais Pr\u00e9coce :<\/td><td>3-4 ans<\/td><\/tr><tr><td>2) Maison relais Maternelle :<\/td><td>4-6 ans<\/td><\/tr><tr><td>Maison relais Primaire :<br>3) MRW 1er classe<br>4) MRW 2\u00e8me &amp; 3\u00e8me classe<br>5) MRW 4\u00e8me, 5\u00e8me &amp; 6\u00e8me classe<\/td><td>6-12 ans&nbsp; &nbsp; &nbsp;<\/td><\/tr><\/tbody><\/table><\/figure>\n\n\n\n<h2 class=\"wp-block-heading\" style=\"padding-top:0;padding-bottom:0\">Nos heures d\u2019ouverture:<\/h2>\n\n\n\n<p style=\"padding-top:0;padding-bottom:0\"><strong>Nous sommes ferm\u00e9s les jours f\u00e9ri\u00e9s et en ao\u00fbt.<\/strong><\/p>\n\n\n\n<figure class=\"wp-block-table\"><table class=\"has-fixed-layout\"><tbody><tr><td>Pendant les p\u00e9riodes scolaires<\/td><td>du lundi au vendredi de 12:30 \u00e0 17:30<\/td><\/tr><tr><td>Vacances<\/td><td>de 7:30 \u00e0 17.30<\/td><\/tr><\/tbody><\/table><\/figure>\n\n\n\n<div style=\"height:20px\" aria-hidden=\"true\" class=\"wp-block-spacer\"><\/div>\n<\/div>\n<\/div>\n\n\n\n<div class=\"wp-block-columns alignwide is-layout-flex wp-container-core-columns-is-layout-549b0c86 wp-block-columns-is-layout-flex\">\n<div class=\"wp-block-column has-global-padding is-content-justification-left is-layout-constrained wp-container-core-column-is-layout-c4d06299 wp-block-column-is-layout-constrained\" style=\"flex-basis:40%\">\n<ul class=\"wp-block-list\">\n<li class=\"has-custom-color-13-color has-text-color has-link-color wp-elements-d464387ffefdc9a479f14e6c74d4b61c\" style=\"font-size:clamp(0.984rem, 0.984rem + ((1vw - 0.2rem) * 0.86), 1.5rem);\"><strong><mark style=\"background-color:rgba(0, 0, 0, 0)\" class=\"has-inline-color has-custom-color-9-color\">Etude surveill\u00e9e<\/mark><\/strong><\/li>\n<\/ul>\n<\/div>\n\n\n\n<div class=\"wp-block-column is-layout-flow wp-container-core-column-is-layout-e3d1c41b wp-block-column-is-layout-flow\" style=\"flex-basis:60%\">\n<p>Les enfants du secondaire ont la possibilit\u00e9 de faire leurs devoirs en \u00e9tude surveill\u00e9e entre 14h15 et 16h (13-17 ans).<\/p>\n\n\n\n<p>Pour inscrire votre enfant pour cette supervision veuillez envoyer un e-mail aux : <strong><a href=\"mailto:etude@waldorf.lu\">etude@waldorf.lu<\/a><\/strong><br><br>Dans votre e-mail sp\u00e9cifiez le nom de votre enfant, la classe, les jours et les heures o\u00f9 votre enfant a besoin de supervision.<\/p>\n<\/div>\n<\/div>\n<\/div>\n\n\n\n<div class=\"wp-block-cover alignfull has-parallax\" style=\"padding-top:var(--wp--preset--spacing--50);padding-right:var(--wp--preset--spacing--50);padding-bottom:var(--wp--preset--spacing--50);padding-left:var(--wp--preset--spacing--50)\"><div role=\"img\" aria-label=\"supervision l'apr\u00e8s-midi\" class=\"wp-block-cover__image-background wp-image-1578 has-parallax\" style=\"background-position:50% 50%;background-image:url(http:\/\/waldorfschoul.roomtrix.de\/wp-content\/uploads\/2024\/12\/hausaufgaben.unten_.jpg)\"><\/div><span aria-hidden=\"true\" class=\"wp-block-cover__background has-base-background-color has-background-dim-0 has-background-dim\"><\/span><div class=\"wp-block-cover__inner-container has-global-padding is-layout-constrained wp-container-core-cover-is-layout-e4fd886c wp-block-cover-is-layout-constrained\">\n<div style=\"height:140px\" aria-hidden=\"true\" class=\"wp-block-spacer\"><\/div>\n<\/div><\/div>\n","protected":false},"excerpt":{"rendered":"<p>Notre \u00e9cole propose une garderie d\u00e9nomm\u00e9e \u00ab Maison relais \u00bb. Nous accueillons les enfants de 3 \u00e0 12 ans. Si vous disposez d\u2019une \u00ab carte ch\u00e8que service \u00bb vous pouvez l\u2019utiliser afin de recevoir une facture r\u00e9duite. Vous devez cependant donner au secr\u00e9tariat une copie de la carte ch\u00e8que service de votre enfant, faute de [&hellip;]<\/p>\n","protected":false},"author":1,"featured_media":0,"parent":0,"menu_order":0,"comment_status":"closed","ping_status":"closed","template":"","meta":{"footnotes":""},"class_list":["post-2429","page","type-page","status-publish","hentry"],"_links":{"self":[{"href":"https:\/\/waldorfschoul.roomtrix.de\/fr\/wp-json\/wp\/v2\/pages\/2429","targetHints":{"allow":["GET"]}}],"collection":[{"href":"https:\/\/waldorfschoul.roomtrix.de\/fr\/wp-json\/wp\/v2\/pages"}],"about":[{"href":"https:\/\/waldorfschoul.roomtrix.de\/fr\/wp-json\/wp\/v2\/types\/page"}],"author":[{"embeddable":true,"href":"https:\/\/waldorfschoul.roomtrix.de\/fr\/wp-json\/wp\/v2\/users\/1"}],"replies":[{"embeddable":true,"href":"https:\/\/waldorfschoul.roomtrix.de\/fr\/wp-json\/wp\/v2\/comments?post=2429"}],"version-history":[{"count":3,"href":"https:\/\/waldorfschoul.roomtrix.de\/fr\/wp-json\/wp\/v2\/pages\/2429\/revisions"}],"predecessor-version":[{"id":2440,"href":"https:\/\/waldorfschoul.roomtrix.de\/fr\/wp-json\/wp\/v2\/pages\/2429\/revisions\/2440"}],"wp:attachment":[{"href":"https:\/\/waldorfschoul.roomtrix.de\/fr\/wp-json\/wp\/v2\/media?parent=2429"}],"curies":[{"name":"wp","href":"https:\/\/api.w.org\/{rel}","templated":true}]}}