{"id":2412,"date":"2024-11-06T17:11:23","date_gmt":"2024-11-06T16:11:23","guid":{"rendered":"https:\/\/waldorfschoul.roomtrix.de\/?page_id=2412"},"modified":"2025-09-19T11:43:03","modified_gmt":"2025-09-19T09:43:03","slug":"langues-utilisees-dans-notre-ecole","status":"publish","type":"page","link":"https:\/\/waldorfschoul.roomtrix.de\/fr\/langues-utilisees-dans-notre-ecole\/","title":{"rendered":"Langues utilis\u00e9es dans notre \u00e9cole"},"content":{"rendered":"\n<div class=\"wp-block-group alignfull has-background has-global-padding is-layout-constrained wp-container-core-group-is-layout-f6cc5ae6 wp-block-group-is-layout-constrained\" style=\"background:linear-gradient(180deg,rgb(249,249,249) 8%,rgb(241,136,37) 50%,rgb(249,249,249) 50%);margin-top:0;margin-bottom:0;padding-top:var(--wp--preset--spacing--30);padding-right:var(--wp--preset--spacing--50);padding-bottom:var(--wp--preset--spacing--30);padding-left:var(--wp--preset--spacing--50)\">\n<figure class=\"wp-block-image size-full has-custom-border is-style-rounded is-style-rounded--1\"><img loading=\"lazy\" decoding=\"async\" width=\"700\" height=\"470\" src=\"http:\/\/waldorfschoul.roomtrix.de\/wp-content\/uploads\/2024\/12\/sprachen.jpg\" alt=\"\u00c9l\u00e8ves avec des tournesols\" class=\"wp-image-1613\" style=\"border-top-left-radius:5px;border-top-right-radius:9px;border-bottom-left-radius:15px;border-bottom-right-radius:24px\" srcset=\"https:\/\/waldorfschoul.roomtrix.de\/wp-content\/uploads\/2024\/12\/sprachen.jpg 700w, https:\/\/waldorfschoul.roomtrix.de\/wp-content\/uploads\/2024\/12\/sprachen-300x201.jpg 300w\" sizes=\"auto, (max-width: 700px) 100vw, 700px\" \/><\/figure>\n<\/div>\n\n\n\n<div class=\"wp-block-group alignfull has-global-padding is-layout-constrained wp-container-core-group-is-layout-f6cc5ae6 wp-block-group-is-layout-constrained\" style=\"margin-top:0;margin-bottom:0;padding-top:var(--wp--preset--spacing--30);padding-right:var(--wp--preset--spacing--50);padding-bottom:var(--wp--preset--spacing--30);padding-left:var(--wp--preset--spacing--50)\">\n<div class=\"wp-block-columns alignwide is-layout-flex wp-container-core-columns-is-layout-28f84493 wp-block-columns-is-layout-flex\">\n<div class=\"wp-block-column is-layout-flow wp-block-column-is-layout-flow\" style=\"flex-basis:40%\">\n<ul class=\"wp-block-list\">\n<li class=\"has-custom-color-13-color has-text-color has-link-color wp-elements-9372f1bd1202f2ab328ed71458ff1678\" style=\"font-size:clamp(0.984rem, 0.984rem + ((1vw - 0.2rem) * 0.86), 1.5rem);\"><strong><mark style=\"background-color:rgba(0, 0, 0, 0)\" class=\"has-inline-color has-custom-color-4-color\">lux. \/ fr. \/ all. \/ angl.<\/mark><\/strong><\/li>\n<\/ul>\n<\/div>\n\n\n\n<div class=\"wp-block-column is-layout-flow wp-block-column-is-layout-flow\" style=\"flex-basis:60%\">\n<h2 class=\"wp-block-heading\">Maternelle :<\/h2>\n\n\n\n<p>Luxembourgeois<\/p>\n\n\n\n<h2 class=\"wp-block-heading\">Primaire :<\/h2>\n\n\n\n<p>Allemand essentiellement, cependant le fran\u00e7ais et l\u2019anglais sont introduits comme langues \u00e9trang\u00e8res \u00e0 partir de la 1\u00e8re ann\u00e9e<\/p>\n\n\n\n<h2 class=\"wp-block-heading\">Secondaire :<\/h2>\n\n\n\n<p>Le fran\u00e7ais est de plus en plus utilis\u00e9 comme langue d&rsquo;enseignement, l\u2019usage de l\u2019allemand diminue et l\u2019anglais reste une langue \u00e9trang\u00e8re<\/p>\n\n\n\n<h2 class=\"wp-block-heading\">Baccalaur\u00e9at International :<\/h2>\n\n\n\n<p>Le fran\u00e7ais est la langue principale, cependant certaines mati\u00e8res sont enseign\u00e9es en allemand et en anglais<\/p>\n\n\n\n<p><a href=\"https:\/\/waldorfschoul.roomtrix.de\/fr\/le-baccalaureat-international\/\" data-type=\"page\" data-id=\"2282\">Pour des informations sur le programme IB, cliquez ici<\/a><\/p>\n<\/div>\n<\/div>\n\n\n\n<div style=\"height:35px\" aria-hidden=\"true\" class=\"wp-block-spacer\"><\/div>\n<\/div>\n\n\n","protected":false},"excerpt":{"rendered":"<p>Maternelle : Luxembourgeois Primaire : Allemand essentiellement, cependant le fran\u00e7ais et l\u2019anglais sont introduits comme langues \u00e9trang\u00e8res \u00e0 partir de la 1\u00e8re ann\u00e9e Secondaire : Le fran\u00e7ais est de plus en plus utilis\u00e9 comme langue d&rsquo;enseignement, l\u2019usage de l\u2019allemand diminue et l\u2019anglais reste une langue \u00e9trang\u00e8re Baccalaur\u00e9at International : Le fran\u00e7ais est la langue principale, [&hellip;]<\/p>\n","protected":false},"author":1,"featured_media":0,"parent":0,"menu_order":0,"comment_status":"closed","ping_status":"closed","template":"","meta":{"footnotes":""},"class_list":["post-2412","page","type-page","status-publish","hentry"],"_links":{"self":[{"href":"https:\/\/waldorfschoul.roomtrix.de\/fr\/wp-json\/wp\/v2\/pages\/2412","targetHints":{"allow":["GET"]}}],"collection":[{"href":"https:\/\/waldorfschoul.roomtrix.de\/fr\/wp-json\/wp\/v2\/pages"}],"about":[{"href":"https:\/\/waldorfschoul.roomtrix.de\/fr\/wp-json\/wp\/v2\/types\/page"}],"author":[{"embeddable":true,"href":"https:\/\/waldorfschoul.roomtrix.de\/fr\/wp-json\/wp\/v2\/users\/1"}],"replies":[{"embeddable":true,"href":"https:\/\/waldorfschoul.roomtrix.de\/fr\/wp-json\/wp\/v2\/comments?post=2412"}],"version-history":[{"count":1,"href":"https:\/\/waldorfschoul.roomtrix.de\/fr\/wp-json\/wp\/v2\/pages\/2412\/revisions"}],"predecessor-version":[{"id":2413,"href":"https:\/\/waldorfschoul.roomtrix.de\/fr\/wp-json\/wp\/v2\/pages\/2412\/revisions\/2413"}],"wp:attachment":[{"href":"https:\/\/waldorfschoul.roomtrix.de\/fr\/wp-json\/wp\/v2\/media?parent=2412"}],"curies":[{"name":"wp","href":"https:\/\/api.w.org\/{rel}","templated":true}]}}