{"id":2406,"date":"2024-11-14T12:05:26","date_gmt":"2024-11-14T11:05:26","guid":{"rendered":"https:\/\/waldorfschoul.roomtrix.de\/?page_id=2406"},"modified":"2025-09-19T11:27:20","modified_gmt":"2025-09-19T09:27:20","slug":"les-devoirs-a-la-maison-a-lecole-waldorf-luxembourg","status":"publish","type":"page","link":"https:\/\/waldorfschoul.roomtrix.de\/fr\/les-devoirs-a-la-maison-a-lecole-waldorf-luxembourg\/","title":{"rendered":"Les devoirs \u00e0 la maison \u00e0 l&rsquo;\u00e9cole Waldorf Luxembourg"},"content":{"rendered":"\n<div class=\"wp-block-group alignfull has-background has-global-padding is-layout-constrained wp-container-core-group-is-layout-f6cc5ae6 wp-block-group-is-layout-constrained\" style=\"background:linear-gradient(180deg,rgb(249,249,249) 8%,rgb(241,136,37) 50%,rgb(249,249,249) 50%);margin-top:0;margin-bottom:0;padding-top:var(--wp--preset--spacing--30);padding-right:var(--wp--preset--spacing--50);padding-bottom:var(--wp--preset--spacing--30);padding-left:var(--wp--preset--spacing--50)\">\n<div class=\"wp-block-columns alignwide is-layout-flex wp-container-core-columns-is-layout-28f84493 wp-block-columns-is-layout-flex\">\n<div class=\"wp-block-column is-layout-flow wp-block-column-is-layout-flow\" style=\"flex-basis:40%\">\n<ul class=\"wp-block-list\">\n<li class=\"has-accent-3-color has-text-color has-link-color wp-elements-3977e8407e6f2c83057fbb267117a33b\" style=\"font-size:clamp(0.984rem, 0.984rem + ((1vw - 0.2rem) * 0.86), 1.5rem);\"><strong><mark style=\"background-color:rgba(0, 0, 0, 0)\" class=\"has-inline-color has-custom-color-4-color\">devoirs quotidiens<\/mark><\/strong><\/li>\n<\/ul>\n<\/div>\n\n\n\n<div class=\"wp-block-column is-layout-flow wp-block-column-is-layout-flow\" style=\"flex-basis:60%\">\n<p>Les devoirs quotidiens ne commencent que lorsque les \u00e9l\u00e8ves y sont pr\u00eats dans leur stade de d\u00e9veloppement.<\/p>\n\n\n\n<p>Bien qu\u2019il n\u2019y ait pas de devoirs quotidiens \u00e0 la maison, les \u00e9l\u00e8ves des plus petites classes sont familiaris\u00e9s avec le concept par des missions occasionnelles.<\/p>\n\n\n\n<p>Les devoirs contribuent \u00e0 renforcer la volont\u00e9 et la compr\u00e9hension des mati\u00e8res enseign\u00e9es.<\/p>\n\n\n\n<p>Tous les \u00e9l\u00e8ves devraient \u00eatre capables de faire leurs devoirs de mani\u00e8re autonome et dans un temps raisonnable. Les objectif de l&rsquo;\u00e9cole Waldorf Luxembourg ici est de susciter la prise de bonnes habitudes.<\/p>\n<\/div>\n<\/div>\n\n\n\n<div style=\"height:5px\" aria-hidden=\"true\" class=\"wp-block-spacer\"><\/div>\n\n\n\n<figure class=\"wp-block-image size-full has-custom-border is-style-rounded is-style-rounded--1\"><img loading=\"lazy\" decoding=\"async\" width=\"700\" height=\"401\" src=\"http:\/\/waldorfschoul.roomtrix.de\/wp-content\/uploads\/2024\/12\/hausaufgaben.jpg\" alt=\"Les enfants font leurs devoirs\" class=\"wp-image-1575\" style=\"border-radius:11px\" srcset=\"https:\/\/waldorfschoul.roomtrix.de\/wp-content\/uploads\/2024\/12\/hausaufgaben.jpg 700w, https:\/\/waldorfschoul.roomtrix.de\/wp-content\/uploads\/2024\/12\/hausaufgaben-300x172.jpg 300w\" sizes=\"auto, (max-width: 700px) 100vw, 700px\" \/><\/figure>\n<\/div>\n\n\n\n<div class=\"wp-block-group alignfull has-global-padding is-layout-constrained wp-container-core-group-is-layout-f6cc5ae6 wp-block-group-is-layout-constrained\" style=\"margin-top:0;margin-bottom:0;padding-top:var(--wp--preset--spacing--30);padding-right:var(--wp--preset--spacing--50);padding-bottom:var(--wp--preset--spacing--30);padding-left:var(--wp--preset--spacing--50)\">\n<div class=\"wp-block-columns alignwide is-layout-flex wp-container-core-columns-is-layout-28f84493 wp-block-columns-is-layout-flex\">\n<div class=\"wp-block-column is-layout-flow wp-block-column-is-layout-flow\" style=\"flex-basis:40%\">\n<ul class=\"wp-block-list\">\n<li class=\"has-custom-color-13-color has-text-color has-link-color wp-elements-0a393de7b9ecb20cc8453c1ba2eebfd6\" style=\"font-size:clamp(0.984rem, 0.984rem + ((1vw - 0.2rem) * 0.86), 1.5rem);\"><strong><mark style=\"background-color:rgba(0, 0, 0, 0)\" class=\"has-inline-color has-custom-color-4-color\">Etude surveill\u00e9e<\/mark><\/strong><\/li>\n<\/ul>\n<\/div>\n\n\n\n<div class=\"wp-block-column is-layout-flow wp-block-column-is-layout-flow\" style=\"flex-basis:60%\">\n<p>Les enfants du secondaire ont la possibilit\u00e9 de faire leurs devoirs en \u00e9tude surveill\u00e9e entre 14h15 et 15h45 (13-17 ans).<\/p>\n\n\n\n<p>Pour inscrire votre enfant \u00e1 cette \u00e9tude, veuillez envoyer un e-mail :&nbsp; etude<a href=\"mailto:coordination.pedagogique@waldorf.lu\">@waldorf.lu<\/a><\/p>\n\n\n\n<p>Dans votre e-mail, sp\u00e9cifiez le nom de votre enfant, la classe, les jours et les heures o\u00f9 votre enfant a besoin de supervision.<\/p>\n\n\n\n<div style=\"height:15px\" aria-hidden=\"true\" class=\"wp-block-spacer\"><\/div>\n<\/div>\n<\/div>\n\n\n\n<div style=\"height:86px\" aria-hidden=\"true\" class=\"wp-block-spacer\"><\/div>\n<\/div>\n\n\n\n<div class=\"wp-block-cover alignfull has-parallax\" style=\"padding-top:var(--wp--preset--spacing--50);padding-right:var(--wp--preset--spacing--50);padding-bottom:var(--wp--preset--spacing--50);padding-left:var(--wp--preset--spacing--50)\"><div role=\"img\" aria-label=\"Les adolescents font leurs devoirs\" class=\"wp-block-cover__image-background wp-image-1578 has-parallax\" style=\"background-position:50% 50%;background-image:url(http:\/\/waldorfschoul.roomtrix.de\/wp-content\/uploads\/2024\/12\/hausaufgaben.unten_.jpg)\"><\/div><span aria-hidden=\"true\" class=\"wp-block-cover__background has-base-background-color has-background-dim-0 has-background-dim\"><\/span><div class=\"wp-block-cover__inner-container has-global-padding is-layout-constrained wp-container-core-cover-is-layout-e4fd886c wp-block-cover-is-layout-constrained\">\n<div style=\"height:140px\" aria-hidden=\"true\" class=\"wp-block-spacer\"><\/div>\n<\/div><\/div>\n","protected":false},"excerpt":{"rendered":"<p>Les devoirs quotidiens ne commencent que lorsque les \u00e9l\u00e8ves y sont pr\u00eats dans leur stade de d\u00e9veloppement. Bien qu\u2019il n\u2019y ait pas de devoirs quotidiens \u00e0 la maison, les \u00e9l\u00e8ves des plus petites classes sont familiaris\u00e9s avec le concept par des missions occasionnelles. Les devoirs contribuent \u00e0 renforcer la volont\u00e9 et la compr\u00e9hension des mati\u00e8res [&hellip;]<\/p>\n","protected":false},"author":1,"featured_media":0,"parent":0,"menu_order":0,"comment_status":"closed","ping_status":"closed","template":"","meta":{"footnotes":""},"class_list":["post-2406","page","type-page","status-publish","hentry"],"_links":{"self":[{"href":"https:\/\/waldorfschoul.roomtrix.de\/fr\/wp-json\/wp\/v2\/pages\/2406","targetHints":{"allow":["GET"]}}],"collection":[{"href":"https:\/\/waldorfschoul.roomtrix.de\/fr\/wp-json\/wp\/v2\/pages"}],"about":[{"href":"https:\/\/waldorfschoul.roomtrix.de\/fr\/wp-json\/wp\/v2\/types\/page"}],"author":[{"embeddable":true,"href":"https:\/\/waldorfschoul.roomtrix.de\/fr\/wp-json\/wp\/v2\/users\/1"}],"replies":[{"embeddable":true,"href":"https:\/\/waldorfschoul.roomtrix.de\/fr\/wp-json\/wp\/v2\/comments?post=2406"}],"version-history":[{"count":1,"href":"https:\/\/waldorfschoul.roomtrix.de\/fr\/wp-json\/wp\/v2\/pages\/2406\/revisions"}],"predecessor-version":[{"id":2407,"href":"https:\/\/waldorfschoul.roomtrix.de\/fr\/wp-json\/wp\/v2\/pages\/2406\/revisions\/2407"}],"wp:attachment":[{"href":"https:\/\/waldorfschoul.roomtrix.de\/fr\/wp-json\/wp\/v2\/media?parent=2406"}],"curies":[{"name":"wp","href":"https:\/\/api.w.org\/{rel}","templated":true}]}}