{"id":2385,"date":"2024-11-15T11:51:19","date_gmt":"2024-11-15T10:51:19","guid":{"rendered":"https:\/\/waldorfschoul.roomtrix.de\/?page_id=2385"},"modified":"2025-09-19T11:12:58","modified_gmt":"2025-09-19T09:12:58","slug":"groupe-de-jeu-parents-enfants","status":"publish","type":"page","link":"https:\/\/waldorfschoul.roomtrix.de\/fr\/groupe-de-jeu-parents-enfants\/","title":{"rendered":"Groupe de jeu parents-enfants"},"content":{"rendered":"\n<div class=\"wp-block-group alignfull has-background has-global-padding is-layout-constrained wp-container-core-group-is-layout-f6cc5ae6 wp-block-group-is-layout-constrained\" style=\"background:linear-gradient(180deg,rgb(249,249,249) 7%,rgb(0,79,159) 51%,rgb(249,249,249) 51%);margin-top:0;margin-bottom:0;padding-top:var(--wp--preset--spacing--30);padding-right:var(--wp--preset--spacing--50);padding-bottom:var(--wp--preset--spacing--30);padding-left:var(--wp--preset--spacing--50)\">\n<div class=\"wp-block-columns alignwide is-layout-flex wp-container-core-columns-is-layout-28f84493 wp-block-columns-is-layout-flex\">\n<div class=\"wp-block-column is-layout-flow wp-block-column-is-layout-flow\" style=\"flex-basis:40%\">\n<ul class=\"wp-block-list\">\n<li class=\"has-custom-color-13-color has-text-color has-link-color wp-elements-379f17b647e95aa4cd82ff83de2c56f5\" style=\"font-size:clamp(0.984rem, 0.984rem + ((1vw - 0.2rem) * 0.86), 1.5rem);\"><strong><mark style=\"background-color:rgba(0, 0, 0, 0)\" class=\"has-inline-color has-custom-color-9-color\">aux enfants \u00e2g\u00e9s de 0 \u00e0 4 ans<\/mark><\/strong><\/li>\n<\/ul>\n<\/div>\n\n\n\n<div class=\"wp-block-column is-layout-flow wp-block-column-is-layout-flow\" style=\"flex-basis:60%\">\n<p class=\"has-montserrat-font-family\" style=\"line-height:1.2\"><br>Les groupes parents-enfants bas\u00e9s \u00e0 Mamer conviennent aux enfants \u00e2g\u00e9s de 0 \u00e0 4 ans accompagn\u00e9s de leurs parents, grands-parents ou tuteurs.<\/p>\n\n\n\n<p class=\"has-montserrat-font-family\" style=\"line-height:1.2\">Nous nous r\u00e9unissons pour passer un moment paisible et relaxant dans un environnement chaleureux et convivial, o\u00f9 nous pouvons partager nos exp\u00e9riences en tant que parents et en tant que groupe de soutien.<\/p>\n<\/div>\n<\/div>\n\n\n\n<div style=\"height:35px\" aria-hidden=\"true\" class=\"wp-block-spacer\"><\/div>\n\n\n\n<figure class=\"wp-block-image size-full has-custom-border is-style-rounded is-style-rounded--1\"><img loading=\"lazy\" decoding=\"async\" width=\"700\" height=\"470\" src=\"http:\/\/waldorfschoul.roomtrix.de\/wp-content\/uploads\/2024\/12\/eltern-baby.jpg\" alt=\"P\u00e8re avec enfant\" class=\"wp-image-1541\" style=\"border-radius:7px\" srcset=\"https:\/\/waldorfschoul.roomtrix.de\/wp-content\/uploads\/2024\/12\/eltern-baby.jpg 700w, https:\/\/waldorfschoul.roomtrix.de\/wp-content\/uploads\/2024\/12\/eltern-baby-300x201.jpg 300w\" sizes=\"auto, (max-width: 700px) 100vw, 700px\" \/><\/figure>\n\n\n\n<p><br><br>Nous organisons les groupes pendant les heures d&rsquo;\u00e9cole comme suit :<br>&#8211; Lundi\/mardi\/mercredi\/Jeudi de 9h \u00e0 11h30 \u00e0 Mamer<br><br>La participation co\u00fbte 215 euros par trimestre avec un enfant, 315 euros par trimestre avec 2 enfants pour le groupe de jeu<br><br>Pour plus d&rsquo;informations, veuillez contacter :<br><strong><a href=\"mailto:info.spillgrupp@waldorf.lu\"><\/a><a href=\"mailto:info.spillgrupp@waldorf.lu\">info.spillgrupp@waldorf.lu<\/a><\/strong><\/p>\n<\/div>\n\n\n\n<div style=\"height:100px\" aria-hidden=\"true\" class=\"wp-block-spacer\"><\/div>\n\n\n\n<div class=\"wp-block-cover alignfull has-parallax block-visibility-hide-medium-screen block-visibility-hide-small-screen\" style=\"padding-top:var(--wp--preset--spacing--50);padding-right:var(--wp--preset--spacing--50);padding-bottom:var(--wp--preset--spacing--50);padding-left:var(--wp--preset--spacing--50)\"><div role=\"img\" aria-label=\"Groupe de jeu parents-enfants\" class=\"wp-block-cover__image-background wp-image-1545 has-parallax\" style=\"background-position:50% 50%;background-image:url(http:\/\/waldorfschoul.roomtrix.de\/wp-content\/uploads\/2024\/12\/eltern-baby.unten_.jpg)\"><\/div><span aria-hidden=\"true\" class=\"wp-block-cover__background has-base-background-color has-background-dim-0 has-background-dim\"><\/span><div class=\"wp-block-cover__inner-container has-global-padding is-layout-constrained wp-container-core-cover-is-layout-e4fd886c wp-block-cover-is-layout-constrained\">\n<div style=\"height:140px\" aria-hidden=\"true\" class=\"wp-block-spacer\"><\/div>\n<\/div><\/div>\n","protected":false},"excerpt":{"rendered":"<p>Les groupes parents-enfants bas\u00e9s \u00e0 Mamer conviennent aux enfants \u00e2g\u00e9s de 0 \u00e0 4 ans accompagn\u00e9s de leurs parents, grands-parents ou tuteurs. Nous nous r\u00e9unissons pour passer un moment paisible et relaxant dans un environnement chaleureux et convivial, o\u00f9 nous pouvons partager nos exp\u00e9riences en tant que parents et en tant que groupe de soutien. [&hellip;]<\/p>\n","protected":false},"author":1,"featured_media":0,"parent":0,"menu_order":0,"comment_status":"closed","ping_status":"closed","template":"","meta":{"footnotes":""},"class_list":["post-2385","page","type-page","status-publish","hentry"],"_links":{"self":[{"href":"https:\/\/waldorfschoul.roomtrix.de\/fr\/wp-json\/wp\/v2\/pages\/2385","targetHints":{"allow":["GET"]}}],"collection":[{"href":"https:\/\/waldorfschoul.roomtrix.de\/fr\/wp-json\/wp\/v2\/pages"}],"about":[{"href":"https:\/\/waldorfschoul.roomtrix.de\/fr\/wp-json\/wp\/v2\/types\/page"}],"author":[{"embeddable":true,"href":"https:\/\/waldorfschoul.roomtrix.de\/fr\/wp-json\/wp\/v2\/users\/1"}],"replies":[{"embeddable":true,"href":"https:\/\/waldorfschoul.roomtrix.de\/fr\/wp-json\/wp\/v2\/comments?post=2385"}],"version-history":[{"count":2,"href":"https:\/\/waldorfschoul.roomtrix.de\/fr\/wp-json\/wp\/v2\/pages\/2385\/revisions"}],"predecessor-version":[{"id":2388,"href":"https:\/\/waldorfschoul.roomtrix.de\/fr\/wp-json\/wp\/v2\/pages\/2385\/revisions\/2388"}],"wp:attachment":[{"href":"https:\/\/waldorfschoul.roomtrix.de\/fr\/wp-json\/wp\/v2\/media?parent=2385"}],"curies":[{"name":"wp","href":"https:\/\/api.w.org\/{rel}","templated":true}]}}