{"id":2353,"date":"2024-11-14T10:41:29","date_gmt":"2024-11-14T09:41:29","guid":{"rendered":"https:\/\/waldorfschoul.roomtrix.de\/?page_id=2353"},"modified":"2025-09-18T12:22:09","modified_gmt":"2025-09-18T10:22:09","slug":"procedure-devaluation-dans-notre-ecole-motiver-pour-lapprentissage","status":"publish","type":"page","link":"https:\/\/waldorfschoul.roomtrix.de\/fr\/procedure-devaluation-dans-notre-ecole-motiver-pour-lapprentissage\/","title":{"rendered":"Proc\u00e9dure d\u2019\u00e9valuation dans notre \u00e9cole : motiver pour l\u2019apprentissage"},"content":{"rendered":"\n<div class=\"wp-block-group alignfull has-background has-global-padding is-layout-constrained wp-container-core-group-is-layout-f6cc5ae6 wp-block-group-is-layout-constrained\" style=\"background:linear-gradient(180deg,rgb(249,249,249) 8%,rgb(241,136,37) 50%,rgb(249,249,249) 50%);margin-top:0;margin-bottom:0;padding-top:var(--wp--preset--spacing--30);padding-right:var(--wp--preset--spacing--50);padding-bottom:var(--wp--preset--spacing--30);padding-left:var(--wp--preset--spacing--50)\">\n<div class=\"wp-block-columns alignwide is-layout-flex wp-container-core-columns-is-layout-28f84493 wp-block-columns-is-layout-flex\">\n<div class=\"wp-block-column is-layout-flow wp-block-column-is-layout-flow\" style=\"flex-basis:40%\">\n<ul class=\"wp-block-list\">\n<li class=\"has-accent-3-color has-text-color has-link-color wp-elements-a854cdbc3bee662acdee621464c42082\" style=\"font-size:clamp(0.984rem, 0.984rem + ((1vw - 0.2rem) * 0.86), 1.5rem);\"><strong><mark style=\"background-color:rgba(0, 0, 0, 0)\" class=\"has-inline-color has-custom-color-4-color\">Pas de notes, pas de pression<\/mark><\/strong><\/li>\n<\/ul>\n<\/div>\n\n\n\n<div class=\"wp-block-column is-layout-flow wp-block-column-is-layout-flow\" style=\"flex-basis:60%\">\n<p>Une fois \u00e9limin\u00e9e la peur des mauvaises notes et de l\u2019\u00e9chec, les enseignants recherchent une source plus forte et plus positive de motivation et d\u2019\u00e9valuation de leurs \u00e9l\u00e8ves.<\/p>\n\n\n\n<p>Les bulletins scolaires encouragent efficacement les \u00e9l\u00e8ves \u00e0 augmenter leurs efforts l\u00e0 o\u00f9 c\u2019est n\u00e9cessaire.<\/p>\n\n\n\n<p>Au cours d\u2019entretiens individuels r\u00e9guliers avec les \u00e9l\u00e8ves, l\u2019enseignant les sensibilise \u00e0 leur propre responsabilit\u00e9 dans l\u2019apprentissage, aux domaines o\u00f9 des efforts plus importants sont n\u00e9cessaires, et discute de leur attitude par rapport \u00e0 leur travail.<br>L\u2019h\u00e9t\u00e9rog\u00e9n\u00e9it\u00e9 des classes stimule le processus d\u2019apprentissage. C\u2019est un fait \u00e9tabli pour nos enseignants.<\/p>\n<\/div>\n<\/div>\n\n\n\n<div style=\"height:5px\" aria-hidden=\"true\" class=\"wp-block-spacer\"><\/div>\n\n\n\n<figure class=\"wp-block-image size-full has-custom-border is-style-rounded is-style-rounded--1\"><img loading=\"lazy\" decoding=\"async\" width=\"700\" height=\"468\" src=\"http:\/\/waldorfschoul.roomtrix.de\/wp-content\/uploads\/2024\/12\/beurteilung.jpg\" alt=\"\u00e9criture dans le cahier de p\u00e9riode\" class=\"wp-image-1620\" style=\"border-radius:11px\" srcset=\"https:\/\/waldorfschoul.roomtrix.de\/wp-content\/uploads\/2024\/12\/beurteilung.jpg 700w, https:\/\/waldorfschoul.roomtrix.de\/wp-content\/uploads\/2024\/12\/beurteilung-300x201.jpg 300w\" sizes=\"auto, (max-width: 700px) 100vw, 700px\" \/><\/figure>\n<\/div>\n\n\n\n<div class=\"wp-block-group alignfull has-global-padding is-layout-constrained wp-container-core-group-is-layout-f6cc5ae6 wp-block-group-is-layout-constrained\" style=\"margin-top:0;margin-bottom:0;padding-top:var(--wp--preset--spacing--30);padding-right:var(--wp--preset--spacing--50);padding-bottom:var(--wp--preset--spacing--30);padding-left:var(--wp--preset--spacing--50)\">\n<div class=\"wp-block-columns alignwide is-layout-flex wp-container-core-columns-is-layout-28f84493 wp-block-columns-is-layout-flex\">\n<div class=\"wp-block-column is-layout-flow wp-block-column-is-layout-flow\" style=\"flex-basis:40%\">\n<ul class=\"wp-block-list\">\n<li class=\"has-custom-color-13-color has-text-color has-link-color wp-elements-e731bf8fc8b063dfb10a71cfd8f515bd\" style=\"font-size:clamp(0.984rem, 0.984rem + ((1vw - 0.2rem) * 0.86), 1.5rem);\"><strong><mark style=\"background-color:rgba(0, 0, 0, 0)\" class=\"has-inline-color has-custom-color-4-color\">Bulletins annuels<\/mark><\/strong><\/li>\n<\/ul>\n<\/div>\n\n\n\n<div class=\"wp-block-column is-layout-flow wp-block-column-is-layout-flow\" style=\"flex-basis:60%\">\n<p>A la fin d\u2019une p\u00e9riode, les \u00e9l\u00e8ves re\u00e7oivent un bulletin \u00e9crit qui, dans les petites classes, peut \u00eatre limit\u00e9 \u00e0 un texte d\u2019encouragement \u00e0 la fin du cahier.<\/p>\n\n\n\n<p>A la fin de l\u2019ann\u00e9e, un bulletin annuel est adress\u00e9 aux parents \u00e0 la maison. Il ne contient pas de notes, mais des descriptions d\u00e9taill\u00e9es du comportement de l\u2019\u00e9l\u00e8ve et de son \u00e9volution dans chaque mati\u00e8re.<\/p>\n\n\n\n<div style=\"height:15px\" aria-hidden=\"true\" class=\"wp-block-spacer\"><\/div>\n<\/div>\n<\/div>\n\n\n\n<div class=\"wp-block-columns alignwide is-layout-flex wp-container-core-columns-is-layout-28f84493 wp-block-columns-is-layout-flex\">\n<div class=\"wp-block-column is-layout-flow wp-block-column-is-layout-flow\" style=\"flex-basis:40%\">\n<ul class=\"wp-block-list\">\n<li class=\"has-custom-color-13-color has-text-color has-link-color wp-elements-978583c2293e0c05e62a2cb928e88a63\" style=\"font-size:clamp(0.984rem, 0.984rem + ((1vw - 0.2rem) * 0.86), 1.5rem);\"><strong><mark style=\"background-color:rgba(0, 0, 0, 0)\" class=\"has-inline-color has-custom-color-4-color\">Redoublement<\/mark><\/strong><\/li>\n<\/ul>\n<\/div>\n\n\n\n<div class=\"wp-block-column is-layout-flow wp-block-column-is-layout-flow\" style=\"flex-basis:60%\">\n<p>Les programmes de chaque ann\u00e9e ont \u00e9t\u00e9 d\u00e9finis pour correspondre au d\u00e9veloppement psychologique et mental des enfants. C&rsquo;est pour cette raison que nous ne voyons pas dans le redoublement un moyen efficace de soutenir l&rsquo;apprentissage et le d\u00e9veloppement des \u00e9l\u00e8ves.<\/p>\n\n\n\n<p>Il est vrai que le niveau dans les diff\u00e9rentes classes peut \u00eatre tr\u00e8s h\u00e9t\u00e9rog\u00e8ne, cependant notre exp\u00e9rience montre que cette diversit\u00e9 de capacit\u00e9s a une influence positive sur le d\u00e9veloppement des comp\u00e9tences sociales des \u00e9l\u00e8ves.<\/p>\n<\/div>\n<\/div>\n\n\n\n<div style=\"height:86px\" aria-hidden=\"true\" class=\"wp-block-spacer\"><\/div>\n<\/div>\n\n\n\n<div class=\"wp-block-cover alignfull has-parallax\" style=\"padding-top:var(--wp--preset--spacing--50);padding-right:var(--wp--preset--spacing--50);padding-bottom:var(--wp--preset--spacing--50);padding-left:var(--wp--preset--spacing--50)\"><div role=\"img\" aria-label=\"Repr\u00e9sentation d'eurythmie\" class=\"wp-block-cover__image-background wp-image-1624 has-parallax\" style=\"background-position:50% 50%;background-image:url(http:\/\/waldorfschoul.roomtrix.de\/wp-content\/uploads\/2024\/12\/beurteilung.unten_.jpg)\"><\/div><span aria-hidden=\"true\" class=\"wp-block-cover__background has-base-background-color has-background-dim-0 has-background-dim\"><\/span><div class=\"wp-block-cover__inner-container has-global-padding is-layout-constrained wp-container-core-cover-is-layout-e4fd886c wp-block-cover-is-layout-constrained\">\n<div style=\"height:140px\" aria-hidden=\"true\" class=\"wp-block-spacer\"><\/div>\n<\/div><\/div>\n","protected":false},"excerpt":{"rendered":"<p>Une fois \u00e9limin\u00e9e la peur des mauvaises notes et de l\u2019\u00e9chec, les enseignants recherchent une source plus forte et plus positive de motivation et d\u2019\u00e9valuation de leurs \u00e9l\u00e8ves. Les bulletins scolaires encouragent efficacement les \u00e9l\u00e8ves \u00e0 augmenter leurs efforts l\u00e0 o\u00f9 c\u2019est n\u00e9cessaire. Au cours d\u2019entretiens individuels r\u00e9guliers avec les \u00e9l\u00e8ves, l\u2019enseignant les sensibilise \u00e0 [&hellip;]<\/p>\n","protected":false},"author":1,"featured_media":0,"parent":0,"menu_order":0,"comment_status":"closed","ping_status":"closed","template":"","meta":{"footnotes":""},"class_list":["post-2353","page","type-page","status-publish","hentry"],"_links":{"self":[{"href":"https:\/\/waldorfschoul.roomtrix.de\/fr\/wp-json\/wp\/v2\/pages\/2353","targetHints":{"allow":["GET"]}}],"collection":[{"href":"https:\/\/waldorfschoul.roomtrix.de\/fr\/wp-json\/wp\/v2\/pages"}],"about":[{"href":"https:\/\/waldorfschoul.roomtrix.de\/fr\/wp-json\/wp\/v2\/types\/page"}],"author":[{"embeddable":true,"href":"https:\/\/waldorfschoul.roomtrix.de\/fr\/wp-json\/wp\/v2\/users\/1"}],"replies":[{"embeddable":true,"href":"https:\/\/waldorfschoul.roomtrix.de\/fr\/wp-json\/wp\/v2\/comments?post=2353"}],"version-history":[{"count":1,"href":"https:\/\/waldorfschoul.roomtrix.de\/fr\/wp-json\/wp\/v2\/pages\/2353\/revisions"}],"predecessor-version":[{"id":2354,"href":"https:\/\/waldorfschoul.roomtrix.de\/fr\/wp-json\/wp\/v2\/pages\/2353\/revisions\/2354"}],"wp:attachment":[{"href":"https:\/\/waldorfschoul.roomtrix.de\/fr\/wp-json\/wp\/v2\/media?parent=2353"}],"curies":[{"name":"wp","href":"https:\/\/api.w.org\/{rel}","templated":true}]}}