{"id":2282,"date":"2024-08-21T20:05:36","date_gmt":"2024-08-21T18:05:36","guid":{"rendered":"https:\/\/waldorfschoul.roomtrix.de\/?page_id=2282"},"modified":"2025-09-18T11:09:37","modified_gmt":"2025-09-18T09:09:37","slug":"le-baccalaureat-international","status":"publish","type":"page","link":"https:\/\/waldorfschoul.roomtrix.de\/fr\/le-baccalaureat-international\/","title":{"rendered":"Le Baccalaur\u00e9at International"},"content":{"rendered":"\n<figure class=\"wp-block-image size-full\"><img loading=\"lazy\" decoding=\"async\" width=\"500\" height=\"153\" src=\"http:\/\/waldorfschoul.roomtrix.de\/wp-content\/uploads\/2024\/11\/dp-programme-logo-en.500.png\" alt=\"IB Diploma Programme Logo\" class=\"wp-image-1129\" srcset=\"https:\/\/waldorfschoul.roomtrix.de\/wp-content\/uploads\/2024\/11\/dp-programme-logo-en.500.png 500w, https:\/\/waldorfschoul.roomtrix.de\/wp-content\/uploads\/2024\/11\/dp-programme-logo-en.500-300x92.png 300w\" sizes=\"auto, (max-width: 500px) 100vw, 500px\" \/><\/figure>\n\n\n\n<div style=\"height:22px\" aria-hidden=\"true\" class=\"wp-block-spacer\"><\/div>\n\n\n\n<div class=\"wp-block-kadence-accordion alignwide accordion1\"><div class=\"kt-accordion-wrap kt-accordion-id2282_ffc605-f6 kt-accordion-has-11-panes kt-active-pane-0 kt-accordion-block kt-pane-header-alignment-left kt-accodion-icon-style-basiccircle kt-accodion-icon-side-left\" style=\"max-width:none\"><div class=\"kt-accordion-inner-wrap\" data-allow-multiple-open=\"false\" data-start-open=\"none\">\n<div class=\"wp-block-kadence-pane kt-accordion-pane kt-accordion-pane-8 kt-pane2282_432e36-a8\"><h2 class=\"kt-accordion-header-wrap\"><button class=\"kt-blocks-accordion-header kt-acccordion-button-label-show\" type=\"button\"><span class=\"kt-blocks-accordion-title-wrap\"><span class=\"kt-blocks-accordion-title\">Conna\u00eetre l\u2019IB propos\u00e9 dans notre \u00e9cole<\/span><\/span><span class=\"kt-blocks-accordion-icon-trigger\"><\/span><\/button><\/h2><div class=\"kt-accordion-panel kt-accordion-panel-hidden\"><div class=\"kt-accordion-panel-inner\">\n<p>En mai 2004, notre \u00e9cole a re\u00e7u l\u2019autorisation de l\u2019IBO, Organisation du Baccalaur\u00e9at International, de proposer \u00e0 nos \u00e9l\u00e8ves le programme de Baccalaur\u00e9at International.<\/p>\n\n\n\n<p>Cela permet \u00e0 nos \u00e9l\u00e8ves de b\u00e9n\u00e9ficier d\u2019un enseignement complet de la maternelle jusqu\u2019au BI et de quitter le syst\u00e8me scolaire Waldorf avec un dipl\u00f4me internationalement reconnu, permettant l\u2019acc\u00e8s \u00e0 l\u2019universit\u00e9.<br><\/p>\n\n\n\n<h3 class=\"wp-block-heading\">Taux de r\u00e9ussite :<\/h3>\n\n\n\n<p>2024: 100%<\/p>\n\n\n\n<p>2023: 82%<\/p>\n\n\n\n<p>2022: 100%<\/p>\n\n\n\n<p>2021: 100%<\/p>\n\n\n\n<p>2020: 100%<\/p>\n\n\n\n<p>2019: 100%<\/p>\n\n\n\n<p>2018:&nbsp;&nbsp; 87,5%<\/p>\n\n\n\n<p>2017: &nbsp; 89%<\/p>\n\n\n\n<p>2016:&nbsp;&nbsp; 89%<\/p>\n\n\n\n<p>2015:&nbsp;&nbsp; 75%<br>2014:&nbsp;&nbsp; 71%<br>2013:&nbsp;&nbsp; 85%<br>2012: &nbsp; 81%<br>2011: 100%<br>2010:&nbsp;&nbsp; 92%<br>2009:&nbsp;&nbsp; 81%<br>2008: 100%<br>2007: 100%<br>2006: 100%<\/p>\n\n\n\n<h3 class=\"wp-block-heading\">Coordinateur du BI:<\/h3>\n\n\n\n<p>Dr. Michael Schulz<br>Tel: +352 46 69 32<br><a><\/a><a href=\"mailto:Waldorf-bacinternational@ecole.lu\">Waldorf-bacinternational@ecole.lu<\/a><\/p>\n\n\n\n<p><a href=\"https:\/\/waldorf.lu\/images\/brochre-IB-2018-version-7.3.2018.pdf\" target=\"_blank\" rel=\"noreferrer noopener\">Pour plus d&rsquo;info sur le BI \u00e0 notre \u00e9cole, suivez ce lien<\/a>.<\/p>\n\n\n\n<h3 class=\"wp-block-heading\">Plus d&rsquo;information sur l&rsquo;IBO:<\/h3>\n\n\n\n<p><a href=\"http:\/\/www.ibo.org\/\" target=\"_blank\" rel=\"noreferrer noopener\">www.ibo.org<\/a><\/p>\n\n\n\n<p><a href=\"https:\/\/waldorfschoul.roomtrix.de\/wp-content\/uploads\/2025\/09\/IB_Mission_Statement_English.pdf\" target=\"_blank\" rel=\"noreferrer noopener\">click here to download the PDF \u201cIB mission statement\u201d<\/a><\/p>\n\n\n\n<p><a href=\"https:\/\/waldorfschoul.roomtrix.de\/wp-content\/uploads\/2025\/09\/IB_Learner_Profile_English.pdf\" target=\"_blank\" rel=\"noreferrer noopener\">click here to download the PDF \u201cThe IB learner profile\u201d<\/a><\/p>\n\n\n\n<p><a href=\"https:\/\/www.youtube.com\/embed\/JjZpsSLACtg?wmode=transparent&amp;t=90s\" target=\"_blank\" rel=\"noreferrer noopener nofollow\">or watch a video on the IB learner profile on Youtube.<\/a><\/p>\n<\/div><\/div><\/div>\n\n\n\n<div class=\"wp-block-kadence-pane kt-accordion-pane kt-accordion-pane-10 kt-pane2282_20ab5b-55\"><h2 class=\"kt-accordion-header-wrap\"><button class=\"kt-blocks-accordion-header kt-acccordion-button-label-show\" type=\"button\"><span class=\"kt-blocks-accordion-title-wrap\"><span class=\"kt-blocks-accordion-title\">Informations g\u00e9n\u00e9rales<\/span><\/span><span class=\"kt-blocks-accordion-icon-trigger\"><\/span><\/button><\/h2><div class=\"kt-accordion-panel kt-accordion-panel-hidden\"><div class=\"kt-accordion-panel-inner\">\n<p>Le programme de Baccalaur\u00e9at International, qui s\u2019\u00e9tale sur deux ans, est un programme p\u00e9dagogique \u00e9quilibr\u00e9 et exigeant sur le plan acad\u00e9mique, sanctionn\u00e9 par des examens finaux. Ce programme pr\u00e9pare les \u00e9l\u00e8ves \u00e0 la r\u00e9ussite \u00e0 l\u2019universit\u00e9 et dans leur vie ult\u00e9rieure.<\/p>\n\n\n\n<p>Il a \u00e9t\u00e9 con\u00e7u pour permettre le bien-\u00eatre intellectuel, social, \u00e9motionnel et physique des \u00e9l\u00e8ves. Le programme a obtenu la reconnaissance et le respect des principales universit\u00e9s du monde.<\/p>\n\n\n\n<h3 class=\"wp-block-heading\">Le programme du BI comporte :<\/h3>\n\n\n\n<ol class=\"wp-block-list\">\n<li>1) <strong>Tronc commun du programme<\/strong><br><br>Le m\u00e9moire : requiert des \u00e9l\u00e8ves qu\u2019ils entreprennent des recherches ind\u00e9pendantes pour r\u00e9ussir une analyse d\u00e9taill\u00e9e d\u2019une question li\u00e9e \u00e0 leurs \u00e9tudes.<br><br>Th\u00e9orie de la connaissance (TDC): dans ce cours de pens\u00e9e critique, les \u00e9l\u00e8ves r\u00e9fl\u00e9chissent sur la nature de la connaissance et approfondissent leur compr\u00e9hension de la connaissance en tant que construction humaine.<br><br>Cr\u00e9ativit\u00e9, action, service (CAS): am\u00e9liore le d\u00e9veloppement personnel et interpersonnel des \u00e9l\u00e8ves par le biais d\u2019un apprentissage li\u00e9 \u00e0 l\u2019exp\u00e9rience et entame un voyage de d\u00e9couverte de soi.<br><\/li>\n\n\n\n<li><strong>Programme :<\/strong> compos\u00e9 de plusieurs groupes de mati\u00e8res parmi lesquels les \u00e9l\u00e8ves doivent choisir.<a href=\"https:\/\/waldorf.lu\/index.php\/fr\/scolarite\/baccalaureat-international#\"><\/a><\/li>\n<\/ol>\n<\/div><\/div><\/div>\n\n\n\n<div class=\"wp-block-kadence-pane kt-accordion-pane kt-accordion-pane-9 kt-pane2282_841455-9f\"><h2 class=\"kt-accordion-header-wrap\"><button class=\"kt-blocks-accordion-header kt-acccordion-button-label-show\" type=\"button\"><span class=\"kt-blocks-accordion-title-wrap\"><span class=\"kt-blocks-accordion-title\">Mati\u00e8res \u2013 Programme BI<\/span><\/span><span class=\"kt-blocks-accordion-icon-trigger\"><\/span><\/button><\/h2><div class=\"kt-accordion-panel kt-accordion-panel-hidden\"><div class=\"kt-accordion-panel-inner\">\n<p>Nous proposons le Programme BI en fran\u00e7ais, sauf th\u00e9\u00e2tre ou les arts visuels en anglais.<\/p>\n\n\n\n<p>Le programme BI consiste en 6 groupes de mati\u00e8res et un tronc commun.<\/p>\n\n\n\n<figure class=\"wp-block-image\"><img decoding=\"async\" src=\"https:\/\/waldorf.lu\/images\/text\/dp-model-fr-small.png\" alt=\"\"\/><\/figure>\n\n\n\n<p>Pour respecter le programme, l\u2019\u00e9l\u00e8ve doit choisir une mati\u00e8re dans chacun des 5 premiers groupes de mati\u00e8res, et, dans notre \u00e9cole, nous consid\u00e9rons qu\u2019il est important que tous les \u00e9l\u00e8ves choisissent dans le 6\u00e8me groupe de mati\u00e8res, le th\u00e9\u00e2tre ou les arts visuels.<\/p>\n\n\n\n<p>Dans notre \u00e9cole les \u00e9l\u00e8ves peuvent choisir les suivantes mati\u00e8res:<\/p>\n\n\n\n<p>Groupe 1: Allemand &amp; Fran\u00e7ais<br>Groupe 2: Fran\u00e7ais &amp; Anglais<br>Groupe 3: Philosophie &amp; Histoire<br>Groupe 4: Biologie &amp; Physique<br>Groupe 5: Math\u00e9matiques<br>Groupe 6: Les arts visuels ou Th\u00e9\u00e2tre<\/p>\n<\/div><\/div><\/div>\n\n\n\n<div class=\"wp-block-kadence-pane kt-accordion-pane kt-accordion-pane-11 kt-pane2282_1d687f-fb\"><h2 class=\"kt-accordion-header-wrap\"><button class=\"kt-blocks-accordion-header kt-acccordion-button-label-show\" type=\"button\"><span class=\"kt-blocks-accordion-title-wrap\"><span class=\"kt-blocks-accordion-title\">Proc\u00e9dure d\u2019admission<\/span><\/span><span class=\"kt-blocks-accordion-icon-trigger\"><\/span><\/button><\/h2><div class=\"kt-accordion-panel kt-accordion-panel-hidden\"><div class=\"kt-accordion-panel-inner\">\n<p>Afin de postuler au programme IB, les \u00e9l\u00e8ves doivent passer un examen d\u2019entr\u00e9e et remettre un dossier de candidature.<\/p>\n\n\n\n<h3 class=\"wp-block-heading\">Examen d\u2019entr\u00e9e:<\/h3>\n\n\n\n<ul class=\"wp-block-list\">\n<li>Les \u00e9l\u00e8ves sont \u00e9valu\u00e9s en maths, en anglais, en fran\u00e7ais et en allemand.<\/li>\n\n\n\n<li>Le dossier de candidature contient:<\/li>\n\n\n\n<li>une lettre de motivation<\/li>\n\n\n\n<li>un curriculum vitae<\/li>\n\n\n\n<li>les r\u00e9sultats de l\u2019examen d\u2019entr\u00e9e<\/li>\n\n\n\n<li>l\u2019int\u00e9gralit\u00e9 du dossier scolaire<\/li>\n\n\n\n<li>pour les \u00e9l\u00e8ves Waldorf: la d\u00e9cision des enseignants et de l\u2019\u00e9cole bas\u00e9e sur le processus d\u2019orientation men\u00e9 au cours de l\u2019ann\u00e9e scolaire pr\u00e9c\u00e9dente.<\/li>\n<\/ul>\n\n\n\n<p><br>Pour les \u00e9l\u00e8ves ext\u00e9rieurs \u00e0 Waldorf Luxembourg :<br>Un entretien avec le coordinateur IB&nbsp;<\/p>\n\n\n\n<p>Les \u00e9l\u00e8ves de notre \u00e9cole Waldorf<br>qui sont dans le secondaire en 10\u00e8me ann\u00e9e doivent d\u2019abord d\u00e9poser leur candidature \u00e0 l\u2019entr\u00e9e en 11\u00e8me ann\u00e9e, qui est \u00e9galement appel\u00e9e \u00ab Pr\u00e9-BI \u00bb. Cette ann\u00e9e est une ann\u00e9e d\u2019\u00e9tude pr\u00e9paratoire au programme du BI.<br>Ce n\u2019est qu\u2019apr\u00e8s l\u2019ach\u00e8vement de la 11\u00e8me ann\u00e9e que les \u00e9l\u00e8ves peuvent entamer le processus de candidature expos\u00e9 ci-dessus afin de solliciter l\u2019entr\u00e9e dans le programme d\u2019\u00e9tudes du BI, qui s\u2019\u00e9tale sur deux ans.<\/p>\n<\/div><\/div><\/div>\n\n\n\n<div class=\"wp-block-kadence-pane kt-accordion-pane kt-accordion-pane-1 kt-pane2282_e28af2-70\"><h2 class=\"kt-accordion-header-wrap\"><button class=\"kt-blocks-accordion-header kt-acccordion-button-label-show\" type=\"button\"><span class=\"kt-blocks-accordion-title-wrap\"><span class=\"kt-blocks-accordion-title\">Evaluations<\/span><\/span><span class=\"kt-blocks-accordion-icon-trigger\"><\/span><\/button><\/h2><div class=\"kt-accordion-panel kt-accordion-panel-hidden\"><div class=\"kt-accordion-panel-inner\">\n<p>Les \u00e9l\u00e8ves BI sont \u00e9valu\u00e9s en interne et en externe. L\u2019\u00e9valuation interne des enseignants repr\u00e9sente entre 20% et 30% des notes finales.<\/p>\n\n\n\n<p>Les 70 \u00e0 80 % restants sont \u00e9valu\u00e9s en externe, ce qui assure l\u2019objectivit\u00e9 entre toutes les \u00e9coles du monde qui proposent le programme du BI.<\/p>\n<\/div><\/div><\/div>\n\n\n\n<div class=\"wp-block-kadence-pane kt-accordion-pane kt-accordion-pane-7 kt-pane2282_ebed3d-05\"><h2 class=\"kt-accordion-header-wrap\"><button class=\"kt-blocks-accordion-header kt-acccordion-button-label-show\" type=\"button\"><span class=\"kt-blocks-accordion-title-wrap\"><span class=\"kt-blocks-accordion-title\">Th\u00e9\u00e2tre et projets<\/span><\/span><span class=\"kt-blocks-accordion-icon-trigger\"><\/span><\/button><\/h2><div class=\"kt-accordion-panel kt-accordion-panel-hidden\"><div class=\"kt-accordion-panel-inner\">\n<p>Le nouveau programme de th\u00e9\u00e2tre, bas\u00e9 sur un travail autonome, requiert une pr\u00e9sentation issue de la tradition th\u00e9\u00e2trale mondiale, un travail en collaboration et une performance en solo.<\/p>\n\n\n\n<p>Un voyage \u00e0 Berlin est organis\u00e9 en premi\u00e8re ann\u00e9e ainsi qu\u2019un voyage en Moldavie.<\/p>\n\n\n\n<p>Les \u00e9l\u00e8ves d\u2019art de deuxi\u00e8me ann\u00e9e vont \u00e0 Londres et installent, \u00e0 l\u2019\u00e9cole, une exposition de leurs \u0153uvres \u00e0 la fin de l\u2019ann\u00e9e.<\/p>\n<\/div><\/div><\/div>\n<\/div><\/div><\/div>\n\n\n\n<div style=\"height:100px\" aria-hidden=\"true\" class=\"wp-block-spacer\"><\/div>\n\n\n\n<div class=\"wp-block-cover alignfull is-light has-parallax block-visibility-hide-medium-screen block-visibility-hide-small-screen\" style=\"padding-top:var(--wp--preset--spacing--50);padding-right:var(--wp--preset--spacing--50);padding-bottom:var(--wp--preset--spacing--50);padding-left:var(--wp--preset--spacing--50)\"><div role=\"img\" aria-label=\"Les \u00e9l\u00e8ves se r\u00e9jouissent d'avoir obtenu leur dipl\u00f4me\" class=\"wp-block-cover__image-background wp-image-1537 has-parallax\" style=\"background-position:50% 50%;background-image:url(http:\/\/waldorfschoul.roomtrix.de\/wp-content\/uploads\/2024\/12\/ib.jpg)\"><\/div><span aria-hidden=\"true\" class=\"wp-block-cover__background has-base-background-color has-background-dim-0 has-background-dim\"><\/span><div class=\"wp-block-cover__inner-container has-global-padding is-layout-constrained wp-container-core-cover-is-layout-e4fd886c wp-block-cover-is-layout-constrained\">\n<div style=\"height:140px\" aria-hidden=\"true\" class=\"wp-block-spacer\"><\/div>\n<\/div><\/div>\n","protected":false},"excerpt":{"rendered":"","protected":false},"author":1,"featured_media":0,"parent":0,"menu_order":0,"comment_status":"closed","ping_status":"closed","template":"","meta":{"footnotes":""},"class_list":["post-2282","page","type-page","status-publish","hentry"],"_links":{"self":[{"href":"https:\/\/waldorfschoul.roomtrix.de\/fr\/wp-json\/wp\/v2\/pages\/2282","targetHints":{"allow":["GET"]}}],"collection":[{"href":"https:\/\/waldorfschoul.roomtrix.de\/fr\/wp-json\/wp\/v2\/pages"}],"about":[{"href":"https:\/\/waldorfschoul.roomtrix.de\/fr\/wp-json\/wp\/v2\/types\/page"}],"author":[{"embeddable":true,"href":"https:\/\/waldorfschoul.roomtrix.de\/fr\/wp-json\/wp\/v2\/users\/1"}],"replies":[{"embeddable":true,"href":"https:\/\/waldorfschoul.roomtrix.de\/fr\/wp-json\/wp\/v2\/comments?post=2282"}],"version-history":[{"count":3,"href":"https:\/\/waldorfschoul.roomtrix.de\/fr\/wp-json\/wp\/v2\/pages\/2282\/revisions"}],"predecessor-version":[{"id":2308,"href":"https:\/\/waldorfschoul.roomtrix.de\/fr\/wp-json\/wp\/v2\/pages\/2282\/revisions\/2308"}],"wp:attachment":[{"href":"https:\/\/waldorfschoul.roomtrix.de\/fr\/wp-json\/wp\/v2\/media?parent=2282"}],"curies":[{"name":"wp","href":"https:\/\/api.w.org\/{rel}","templated":true}]}}