{"id":2264,"date":"2024-11-15T10:43:16","date_gmt":"2024-11-15T09:43:16","guid":{"rendered":"https:\/\/waldorfschoul.roomtrix.de\/?page_id=2264"},"modified":"2025-09-23T12:28:12","modified_gmt":"2025-09-23T10:28:12","slug":"classes-secondaires","status":"publish","type":"page","link":"https:\/\/waldorfschoul.roomtrix.de\/fr\/classes-secondaires\/","title":{"rendered":"Classes secondaires"},"content":{"rendered":"\n<div class=\"wp-block-group alignfull has-background has-global-padding is-layout-constrained wp-container-core-group-is-layout-f6cc5ae6 wp-block-group-is-layout-constrained\" style=\"background:linear-gradient(180deg,rgb(249,249,249) 10%,rgb(241,137,36) 50%,rgb(249,249,249) 50%);margin-top:0;margin-bottom:0;padding-top:var(--wp--preset--spacing--30);padding-right:var(--wp--preset--spacing--50);padding-bottom:var(--wp--preset--spacing--30);padding-left:var(--wp--preset--spacing--50)\">\n<div class=\"wp-block-columns alignwide is-layout-flex wp-container-core-columns-is-layout-28f84493 wp-block-columns-is-layout-flex\">\n<div class=\"wp-block-column is-layout-flow wp-block-column-is-layout-flow\" style=\"flex-basis:40%\">\n<ul class=\"wp-block-list\">\n<li class=\"has-custom-color-13-color has-text-color has-link-color wp-elements-732a78d3cd271a89df99edc4e0a80c02\" style=\"font-size:clamp(0.984rem, 0.984rem + ((1vw - 0.2rem) * 0.86), 1.5rem);\"><strong><mark style=\"background-color:rgba(0, 0, 0, 0)\" class=\"has-inline-color has-custom-color-4-color\">aus<\/mark><\/strong><\/li>\n<\/ul>\n<\/div>\n\n\n\n<div class=\"wp-block-column is-layout-flow wp-block-column-is-layout-flow\" style=\"flex-basis:60%\">\n<p class=\"has-montserrat-font-family\" style=\"font-size:clamp(0.929rem, 0.929rem + ((1vw - 0.2rem) * 0.785), 1.4rem);line-height:1.2\">Praktika, und damit konkrete Erfahrungen aus der Arbeitswelt, sind ein zentraler Aspekt des Waldorf-Oberstufenlehrplans. <\/p>\n<\/div>\n<\/div>\n\n\n\n<div style=\"height:35px\" aria-hidden=\"true\" class=\"wp-block-spacer\"><\/div>\n\n\n\n<figure class=\"wp-block-image size-full is-style-rounded is-style-rounded--1\"><img loading=\"lazy\" decoding=\"async\" width=\"700\" height=\"469\" src=\"http:\/\/waldorfschoul.roomtrix.de\/wp-content\/uploads\/2024\/12\/oberstufe.jpg\" alt=\"\u00c9l\u00e8ves dans une salle de classe\n\" class=\"wp-image-1528\" srcset=\"https:\/\/waldorfschoul.roomtrix.de\/wp-content\/uploads\/2024\/12\/oberstufe.jpg 700w, https:\/\/waldorfschoul.roomtrix.de\/wp-content\/uploads\/2024\/12\/oberstufe-300x201.jpg 300w\" sizes=\"auto, (max-width: 700px) 100vw, 700px\" \/><\/figure>\n<\/div>\n\n\n\n<div style=\"height:22px\" aria-hidden=\"true\" class=\"wp-block-spacer\"><\/div>\n\n\n\n<div class=\"wp-block-kadence-accordion alignwide accordion1\"><div class=\"kt-accordion-wrap kt-accordion-id2264_3879f1-67 kt-accordion-has-16-panes kt-active-pane-0 kt-accordion-block kt-pane-header-alignment-left kt-accodion-icon-style-basiccircle kt-accodion-icon-side-left\" style=\"max-width:none\"><div class=\"kt-accordion-inner-wrap\" data-allow-multiple-open=\"false\" data-start-open=\"none\">\n<div class=\"wp-block-kadence-pane kt-accordion-pane kt-accordion-pane-13 kt-pane2264_b88530-31\"><h2 class=\"kt-accordion-header-wrap\"><button class=\"kt-blocks-accordion-header kt-acccordion-button-label-show\" type=\"button\"><span class=\"kt-blocks-accordion-title-wrap\"><span class=\"kt-blocks-accordion-title\">Informations g\u00e9n\u00e9rales<\/span><\/span><span class=\"kt-blocks-accordion-icon-trigger\"><\/span><\/button><\/h2><div class=\"kt-accordion-panel kt-accordion-panel-hidden\"><div class=\"kt-accordion-panel-inner\">\n<p>L\u2019\u00e9cole Waldorf met largement l\u2019accent sur les activit\u00e9s pratiques. L\u2019\u00e9ducation scolaire est compl\u00e9t\u00e9e par l\u2019apprentissage sur le lieu de travail lors d\u2019une exp\u00e9rience professionnelle. Les \u00e9l\u00e8ves peuvent ainsi en apprendre davantage sur l\u2019\u00e9conomie et les relations sociales. Ils peuvent faire l\u2019exp\u00e9rience que l\u2019apprentissage vient de la vie et concerne la vie, c\u2019est un apprentissage tout au long de la vie.<\/p>\n\n\n\n<p>La perception, la conscience de soi et la conscience des autres ainsi que la confiance en soi, la fiabilit\u00e9 et la cr\u00e9ativit\u00e9 sont mises en avant. Les \u00e9l\u00e8ves sont encourag\u00e9s \u00e0 respecter leurs convictions.<\/p>\n\n\n\n<p>En fonction du choix individuel et du processus d\u2019orientation, les \u00e9l\u00e8ves finiront leur scolarit\u00e9 en 11\u00e8me ann\u00e9e avec un \u00ab dossier final \u00bb ou entreprendront une ann\u00e9e pr\u00e9-BI conduisant au Baccalaur\u00e9at International, lequel s\u2019\u00e9tale sur deux ann\u00e9es suppl\u00e9mentaires.<\/p>\n\n\n\n<p>Les lignes directrices suivantes ne sont indiqu\u00e9es qu\u2019\u00e0 titre d\u2019information, le programme de chaque classe \u00e9tant ajust\u00e9 en fonction des besoins de la classe et des \u00e9l\u00e8ves.<\/p>\n<\/div><\/div><\/div>\n\n\n\n<div class=\"wp-block-kadence-pane kt-accordion-pane kt-accordion-pane-15 kt-pane2264_26a1d5-d3\"><h2 class=\"kt-accordion-header-wrap\"><button class=\"kt-blocks-accordion-header kt-acccordion-button-label-show\" type=\"button\"><span class=\"kt-blocks-accordion-title-wrap\"><span class=\"kt-blocks-accordion-title\">Le r\u00f4le de l\u2019enseignant<\/span><\/span><span class=\"kt-blocks-accordion-icon-trigger\"><\/span><\/button><\/h2><div class=\"kt-accordion-panel kt-accordion-panel-hidden\"><div class=\"kt-accordion-panel-inner\">\n<p>Un enseignant d\u00e9nomm\u00e9 \u00ab r\u00e9gent \u00bb sera le point de contact de toute la classe et, avec les enseignants des mati\u00e8res sp\u00e9cialis\u00e9es et les tuteurs, compose le corps enseignant.<\/p>\n\n\n\n<p>Le r\u00e9gent rencontre la classe une fois par semaine pour traiter des probl\u00e8mes ou des demandes, et aussi pour motiver ses \u00e9l\u00e8ves. Le r\u00e9gent dispense aussi r\u00e9guli\u00e8rement des cours \u00e0 sa classe.<\/p>\n<\/div><\/div><\/div>\n\n\n\n<div class=\"wp-block-kadence-pane kt-accordion-pane kt-accordion-pane-16 kt-pane2264_289322-59\"><h2 class=\"kt-accordion-header-wrap\"><button class=\"kt-blocks-accordion-header kt-acccordion-button-label-show\" type=\"button\"><span class=\"kt-blocks-accordion-title-wrap\"><span class=\"kt-blocks-accordion-title\">Emplois du temps<\/span><\/span><span class=\"kt-blocks-accordion-icon-trigger\"><\/span><\/button><\/h2><div class=\"kt-accordion-panel kt-accordion-panel-hidden\"><div class=\"kt-accordion-panel-inner\">\n<p>Le programme est divis\u00e9 en 3 parts \u00e9gales :<\/p>\n\n\n\n<p>Langue et sciences sociales<\/p>\n\n\n\n<p>Math\u00e9matiques et sciences naturelles<\/p>\n\n\n\n<p>Arts et mouvements<\/p>\n\n\n\n<p>En g\u00e9n\u00e9ral, les \u00e9l\u00e8ves suivent chaque semaine 10 unit\u00e9s de 90 minutes pour les mati\u00e8res g\u00e9n\u00e9rales et 10 unit\u00e9s de 60 minutes pour les cours d\u2019arts et de mouvement.<\/p>\n\n\n\n<p>Les mati\u00e8res sont enseign\u00e9es en p\u00e9riodes de deux \u00e0 quatre semaines, en prenant en consid\u00e9ration l\u2019apprentissage et le niveau de chacun.<\/p>\n\n\n\n<p>Pour les deux derni\u00e8res ann\u00e9es du secondaire, il est parfois n\u00e9cessaire d\u2019ajouter certaines heures l\u2019apr\u00e8s-midi pendant 8 \u00e0 12 semaines.<\/p>\n\n\n\n<p><a href=\"https:\/\/waldorfschoul.roomtrix.de\/fr\/horaires-scolaires\/\" data-type=\"page\" data-id=\"1812\">Pour consulter les horaires de cours, cliquez ici.<\/a><\/p>\n<\/div><\/div><\/div>\n\n\n\n<div class=\"wp-block-kadence-pane kt-accordion-pane kt-accordion-pane-16 kt-pane2264_b6ba84-ae\"><h2 class=\"kt-accordion-header-wrap\"><button class=\"kt-blocks-accordion-header kt-acccordion-button-label-show\" type=\"button\"><span class=\"kt-blocks-accordion-title-wrap\"><span class=\"kt-blocks-accordion-title\">Manuels<\/span><\/span><span class=\"kt-blocks-accordion-icon-trigger\"><\/span><\/button><\/h2><div class=\"kt-accordion-panel kt-accordion-panel-hidden\"><div class=\"kt-accordion-panel-inner\">\n<p>Le programme Waldorf cherche \u00e0 fournir \u00e0 chaque groupe d\u2019\u00e2ge un contenu qui lui soit adapt\u00e9, \u00e0 choisir soigneusement parmi les nombreux sujets disponibles et \u00e0 dispenser des le\u00e7ons de mani\u00e8re vivante et concr\u00e8te.<\/p>\n\n\n\n<p>Dans notre \u00e9cole, les manuels scolaires actuels ne sont pas jug\u00e9s ad\u00e9quats. Pour cette raison, les \u00e9l\u00e8ves construisent leurs propres livres en \u00e9crivant les conclusions de ce qu\u2019ils ont appris. Dans les classes de langue, des \u0153uvres litt\u00e9raires peuvent \u00eatre utilis\u00e9es et les \u00e9l\u00e8ves re\u00e7oivent des feuilles d\u2019exercices.<\/p>\n\n\n\n<p>Comme il n\u2019y a pas de manuel scolaire, les parents sont invit\u00e9s \u00e0 se tenir inform\u00e9s gr\u00e2ce aux r\u00e9unions de parents afin de suivre la progression de leurs enfants.<\/p>\n<\/div><\/div><\/div>\n\n\n\n<div class=\"wp-block-kadence-pane kt-accordion-pane kt-accordion-pane-12 kt-pane2264_898f4f-5e\"><h2 class=\"kt-accordion-header-wrap\"><button class=\"kt-blocks-accordion-header kt-acccordion-button-label-show\" type=\"button\"><span class=\"kt-blocks-accordion-title-wrap\"><span class=\"kt-blocks-accordion-title\">7\u00e8me ann\u00e9e<\/span><\/span><span class=\"kt-blocks-accordion-icon-trigger\"><\/span><\/button><\/h2><div class=\"kt-accordion-panel kt-accordion-panel-hidden\"><div class=\"kt-accordion-panel-inner\">\n<p>L\u2019\u00e2ge de l\u2019exploration et de la grandeur humaine<\/p>\n\n\n\n<p>L\u2019allemand demeure la langue d\u2019enseignement quoique cela \u00e9volue avec le temps.<br>Pour en apprendre davantage sur la politique linguistique, cliquez ici.<\/p>\n\n\n\n<p>Allemand :<\/p>\n\n\n\n<p>Litt\u00e9rature : les inventeurs, les d\u00e9couvreurs, les voyages<\/p>\n\n\n\n<p>Comp\u00e9tences langagi\u00e8res: grammaire, lecture, orthographe, techniques de recherche, compositions, dissertation.<\/p>\n\n\n\n<p>Fran\u00e7ais :<\/p>\n\n\n\n<p>Litt\u00e9rature : Le Petit Prince, les Contes du baobab ; po\u00e9sie : La Fontaine, Victor Hugo.<\/p>\n\n\n\n<p>Linguistique : grammaire, lecture, orthographe, techniques de recherche, compositions, dissertation. Th\u00e8mes : famille, amiti\u00e9, relations, st\u00e9r\u00e9otypes, diff\u00e9rences culturelles.<\/p>\n\n\n\n<p>Anglais :<\/p>\n\n\n\n<p>Litt\u00e9rature : \u0153uvres sur l\u2019homme en tant qu\u2019\u00eatre agissant.<\/p>\n\n\n\n<p>Linguistique : grammaire, temps grammaticaux, lire, \u00e9crire, \u00e9couter, parler, virelangues, textes.<\/p>\n\n\n\n<p>Math\u00e9matiques : g\u00e9om\u00e9trie dans le cercle, alg\u00e8bre, \u00e9quations lin\u00e9aires \u00e0 une inconnue, puissances.<\/p>\n\n\n\n<p>Science : chimie min\u00e9rale, physique, acoustique, optique, physiologie humaine, la nutrition.<\/p>\n\n\n\n<p>G\u00e9ographie : l\u2019Afrique, culture et nature.<\/p>\n\n\n\n<p>Histoire : le moyen \u00e2ge, les grandes d\u00e9couvertes.<\/p>\n\n\n\n<p>Arts et travaux manuels : tricot, peinture, poterie, dessin en perspective, travaux du bois, musique<\/p>\n\n\n\n<p>Sports : jeux de groupes, mouvements rythmiques, activit\u00e9s d\u2019ext\u00e9rieur (promenades en for\u00eat), saut \u00e0 la corde. De plus, les \u00e9l\u00e8ves peuvent participer aux activit\u00e9s de la Lasel, organisation dans laquelle ils peuvent rencontrer les \u00e9l\u00e8ves d\u2019autres \u00e9coles lors d\u2019activit\u00e9s sportives telles l\u2019escalade, le triathlon, le volley-ball, le hand-ball, le mountain-bike, etc.<\/p>\n<\/div><\/div><\/div>\n\n\n\n<div class=\"wp-block-kadence-pane kt-accordion-pane kt-accordion-pane-16 kt-pane2264_329d78-8a\"><h2 class=\"kt-accordion-header-wrap\"><button class=\"kt-blocks-accordion-header kt-acccordion-button-label-show\" type=\"button\"><span class=\"kt-blocks-accordion-title-wrap\"><span class=\"kt-blocks-accordion-title\">8\u00e8me ann\u00e9e<\/span><\/span><span class=\"kt-blocks-accordion-icon-trigger\"><\/span><\/button><\/h2><div class=\"kt-accordion-panel kt-accordion-panel-hidden\"><div class=\"kt-accordion-panel-inner\">\n<p>Explorer l\u2019int\u00e9gration et l\u2019interconnexion<\/p>\n\n\n\n<p>Allemand : ballades, th\u00e9\u00e2tre, chef d\u2019\u0153uvre, techniques de pr\u00e9sentation.<\/p>\n\n\n\n<p>Fran\u00e7ais :<\/p>\n\n\n\n<p>Litt\u00e9rature : Moli\u00e8re-Les Fourberies de Scapin, les Philo-fables de Michel Piquemal<\/p>\n\n\n\n<p>Linguistique : introduction \u00e0 la litt\u00e9rature, expression orale, th\u00e9\u00e2tre, po\u00e9sie, dissertation, grammaire, lexique, conjugaison, d\u00e9veloppement de la pens\u00e9e critique personnelle autour de sujets g\u00e9n\u00e9raux, tels l\u2019environnement et les m\u00e9dias.<\/p>\n\n\n\n<p>Anglais :<\/p>\n\n\n\n<p>Litt\u00e9rature : biographies, Helen Keller, les sens, Dickens, la R\u00e9volution industrielle, l\u2019homme en tant qu\u2019individu en soci\u00e9t\u00e9<\/p>\n\n\n\n<p>Comp\u00e9tences langagi\u00e8res : grammaire, syntaxe, temps grammaticaux<\/p>\n\n\n\n<p>Math\u00e9matiques: alg\u00e8bre, g\u00e9om\u00e9trie, Th\u00e9or\u00e8me de Pythagore et Thal\u00e8s, Bin\u00f4me de Newton<\/p>\n\n\n\n<p>Science : hydraulique, a\u00e9rom\u00e9canique, \u00e9lectromagn\u00e9tisme, \u00e9tude des propri\u00e9t\u00e9s des sucres, des f\u00e9culents, des prot\u00e9ines, des graisses et des corps gras, physiologie, les muscles, \u00e9ducation sexuelle<\/p>\n\n\n\n<p>G\u00e9ographie : l\u2019Asie et l\u2019Am\u00e9rique<\/p>\n\n\n\n<p>Histoire :&nbsp;La R\u00e9volution industrielle&nbsp;<\/p>\n\n\n\n<p>Arts et travaux manuels : peinture, poterie, dessin, v\u00eatements cousus \u00e0 la machine, travaux du bois, musique<\/p>\n\n\n\n<p>Sports : jeux de groupes, mouvements rythmiques, activit\u00e9s d\u2019ext\u00e9rieur (promenades en for\u00eat), saut \u00e0 la corde. De plus, les \u00e9l\u00e8ves peuvent participer aux activit\u00e9s de la Lasel, organisation dans laquelle ils peuvent rencontrer les \u00e9l\u00e8ves d\u2019autres \u00e9coles lors d\u2019activit\u00e9s sportives telles l\u2019escalade, le triathlon, le volley-ball, le hand-ball, le mountain-bike, etc.<\/p>\n<\/div><\/div><\/div>\n\n\n\n<div class=\"wp-block-kadence-pane kt-accordion-pane kt-accordion-pane-14 kt-pane2264_ec7521-3c\"><h2 class=\"kt-accordion-header-wrap\"><button class=\"kt-blocks-accordion-header kt-acccordion-button-label-show\" type=\"button\"><span class=\"kt-blocks-accordion-title-wrap\"><span class=\"kt-blocks-accordion-title\">9\u00e8me ann\u00e9e<\/span><\/span><span class=\"kt-blocks-accordion-icon-trigger\"><\/span><\/button><\/h2><div class=\"kt-accordion-panel kt-accordion-panel-hidden\"><div class=\"kt-accordion-panel-inner\">\n<blockquote class=\"wp-block-quote is-layout-flow wp-block-quote-is-layout-flow\">\n<p>De L\u2019\u00e9motion au jugement intellectuel : les id\u00e9es et les id\u00e9aux<\/p>\n<\/blockquote>\n\n\n\n<p>Allemand :<\/p>\n\n\n\n<ul class=\"wp-block-list\">\n<li>Projet th\u00e9\u00e2tre, tragi-com\u00e9die, l\u2019amiti\u00e9<\/li>\n\n\n\n<li>Argumentation, discussion, conclusion, table des mati\u00e8res, index<\/li>\n<\/ul>\n\n\n\n<p><br>Fran\u00e7ais :<\/p>\n\n\n\n<ul class=\"wp-block-list\">\n<li>Litt\u00e9rature : biographies<\/li>\n\n\n\n<li>Comp\u00e9tences langagi\u00e8res : argumentation orale<\/li>\n<\/ul>\n\n\n\n<p><br>Anglais :<\/p>\n\n\n\n<ul class=\"wp-block-list\">\n<li>Litt\u00e9rature : Nelson Mandela-A Long Walk to Freedom<\/li>\n\n\n\n<li>Comp\u00e9tences langagi\u00e8res Linguistique : discussion, argumentation (orale et \u00e9crite)<\/li>\n<\/ul>\n\n\n\n<p>Math\u00e9matiques: alg\u00e8bre, op\u00e9rations sur les polyn\u00f4mes, probabilit\u00e9 et combinatoire, calcul d\u2019aire et de volume.<\/p>\n\n\n\n<p>Sciences naturelles :<\/p>\n\n\n\n<ul class=\"wp-block-list\">\n<li>Physique : \u00e9lectricit\u00e9, communication<\/li>\n\n\n\n<li>Chimie : processus organiques (la d\u00e9composition)<\/li>\n\n\n\n<li>Biologie : le syst\u00e8me nerveux central, organes sensoriels, la conscience<\/li>\n<\/ul>\n\n\n\n<p><br>G\u00e9ographie : g\u00e9ologie, structures internes de la terre, les volcans, sismologie<\/p>\n\n\n\n<p>Histoire : de la R\u00e9volution fran\u00e7aise \u00e0 la Guerre froide, les m\u00e9canismes de l\u2019histoire<\/p>\n\n\n\n<p>Histoire de l\u2019art : de la pr\u00e9histoire au moyen \u00e2ge<\/p>\n\n\n\n<p>Musique : ch\u0153ur, orchestre<\/p>\n\n\n\n<p>Arts et travaux pratiques : dessin en noir et blanc, travaux du bois, du m\u00e9tal, du cuivre, calligraphie et poterie<\/p>\n\n\n\n<p>Th\u00e9\u00e2tre : un projet essentiel de la 9\u00e8me ann\u00e9e, en allemand, th\u00e9\u00e2tre physique, chant et danse, repr\u00e9sentation devant toute l\u2019\u00e9cole, travail de groupe,<\/p>\n\n\n\n<p>Sports : comme en 8\u00e8me<\/p>\n<\/div><\/div><\/div>\n\n\n\n<div class=\"wp-block-kadence-pane kt-accordion-pane kt-accordion-pane-16 kt-pane2264_7f7849-d4\"><h2 class=\"kt-accordion-header-wrap\"><button class=\"kt-blocks-accordion-header kt-acccordion-button-label-show\" type=\"button\"><span class=\"kt-blocks-accordion-title-wrap\"><span class=\"kt-blocks-accordion-title\">10\u00e8me ann\u00e9e<\/span><\/span><span class=\"kt-blocks-accordion-icon-trigger\"><\/span><\/button><\/h2><div class=\"kt-accordion-panel kt-accordion-panel-hidden\"><div class=\"kt-accordion-panel-inner\">\n<blockquote class=\"wp-block-quote is-layout-flow wp-block-quote-is-layout-flow\">\n<p>Objectivit\u00e9 et v\u00e9rit\u00e9, logique et responsabilit\u00e9 de ses actes<\/p>\n<\/blockquote>\n\n\n\n<p>Allemand : les Nibelungen, l\u2019argumentation dialectique et litt\u00e9raire, po\u00e9sie, analyse et interpr\u00e9tation de textes<\/p>\n\n\n\n<p>Fran\u00e7ais : argumentation \u00e9crite, dissertation, po\u00e9sie<\/p>\n\n\n\n<p>Anglais : le romantisme, l\u2019homme en tant qu\u2019\u00eatre spirituel<\/p>\n\n\n\n<p>Math\u00e9matiques: g\u00e9om\u00e9trie et arpentage, trigonom\u00e9trie, fonctions usuelles, alg\u00e8bre lin\u00e9aire<\/p>\n\n\n\n<p>Sciences naturelles :<\/p>\n\n\n\n<p>Physique : m\u00e9canique<\/p>\n\n\n\n<p>Chimie : les sels, r\u00e9actions chimiques, l\u2019oxydation, pr\u00e9cipitation<\/p>\n\n\n\n<p>Biologie : les poumons, le c\u0153ur, la circulation sanguine<\/p>\n\n\n\n<p>G\u00e9ographie : l\u2019eau, l\u2019air, l\u2019atmosph\u00e8re, le champ magn\u00e9tique de la terre<\/p>\n\n\n\n<p>Technologie : histoire des technologies et de leurs influences sur l\u2019homme<\/p>\n\n\n\n<p>Economie : qu\u2019est-ce que c\u2019est ? Notions de base, nos syst\u00e8mes \u00e9conomiques actuels<\/p>\n\n\n\n<p>Histoire : l\u2019\u00e9volution humaine, l\u2019Age de pierre, la R\u00e9volution du n\u00e9olithique, les civilisations anciennes jusqu&rsquo;\u00e0 la Gr\u00e8ce antique<\/p>\n\n\n\n<p>Histoire de l\u2019art :&nbsp; la Renaissance, Rembrandt<\/p>\n\n\n\n<p>Musique : ch\u0153ur et orchestre<\/p>\n\n\n\n<p>Arts et travaux manuels : travaux du bois, impression, tissage, poterie, dessin, sculpture sur pierre<\/p>\n\n\n\n<p>Sports : comme en 9\u00e8me<\/p>\n<\/div><\/div><\/div>\n\n\n\n<div class=\"wp-block-kadence-pane kt-accordion-pane kt-accordion-pane-1 kt-pane2264_beefbf-7a\"><h2 class=\"kt-accordion-header-wrap\"><button class=\"kt-blocks-accordion-header kt-acccordion-button-label-show\" type=\"button\"><span class=\"kt-blocks-accordion-title-wrap\"><span class=\"kt-blocks-accordion-title\">11\u00e8me ann\u00e9e<\/span><\/span><span class=\"kt-blocks-accordion-icon-trigger\"><\/span><\/button><\/h2><div class=\"kt-accordion-panel kt-accordion-panel-hidden\"><div class=\"kt-accordion-panel-inner\">\n<blockquote class=\"wp-block-quote is-layout-flow wp-block-quote-is-layout-flow\">\n<p>Une pens\u00e9e flexible, une capacit\u00e9 de jugement renforc\u00e9e<\/p>\n<\/blockquote>\n\n\n\n<p>En 11\u00e8me, la classe est scind\u00e9e : un groupe int\u00e8gre ce que nous appelons le pr\u00e9-BI, qui vise \u00e0 pr\u00e9parer les \u00e9l\u00e8ves au programme du BI, tandis qu\u2019un autre groupe re\u00e7oit un enseignement qui pr\u00e9pare les \u00e9l\u00e8ves \u00e0 la sortie de l\u2019\u00e9cole, pour effectuer un apprentissage ou continuer des \u00e9tudes apr\u00e8s la scolarit\u00e9 Waldorf.<\/p>\n\n\n\n<p>Allemand : \u00e9crire des lettres de motivation, se pr\u00e9senter \u00e0 un entretien d\u2019embauche, r\u00e9vision d\u2019\u00e9l\u00e9ments de composition, compr\u00e9hension de textes<\/p>\n\n\n\n<p>Fran\u00e7ais : dissertation, commentaire, stylistique, introduction aux mouvements litt\u00e9raires<\/p>\n\n\n\n<p>Anglais : r\u00e9vision de grammaire, vocabulaire, po\u00e9sie, roman, th\u00e9\u00e2tre<\/p>\n\n\n\n<p>Math\u00e9matiques : alg\u00e8bre sup\u00e9rieure, fonctions usuelles, statistiques, probabilit\u00e9s, g\u00e9om\u00e9trie analytique (lieux g\u00e9om\u00e9triques)<\/p>\n\n\n\n<p>Sciences naturelles :<\/p>\n\n\n\n<ul class=\"wp-block-list\">\n<li>Physique : \u00e9lectromagn\u00e9tisme<\/li>\n\n\n\n<li>Chimie : r\u00e8gles chimiques g\u00e9n\u00e9rales, les atomes, diff\u00e9rents mod\u00e8les<\/li>\n\n\n\n<li>Biologie : cytologie<\/li>\n<\/ul>\n\n\n\n<p><br>G\u00e9ographie :&nbsp;les changements climatiques : causes, cons\u00e9quences, solutions<\/p>\n\n\n\n<p>Technologie : l\u2019avenir de la production d\u2019\u00e9nergie, les \u00e9nergies renouvelables, probl\u00e8mes li\u00e9s \u00e0 l\u2019\u00e9nergie nucl\u00e9aire, le pic p\u00e9trolier<\/p>\n\n\n\n<p>Economie : la mondialisation, l\u2019\u00e9conomie mondiale, alternatives<\/p>\n\n\n\n<p>Histoire :&nbsp;Le Moyen \u00e2ge<\/p>\n\n\n\n<p>Histoire de l\u2019art : de Rembrandt jusqu\u2019au 20\u00e8me si\u00e8cle<\/p>\n\n\n\n<p>Musique : ch\u0153ur et orchestre<\/p>\n\n\n\n<p>Arts et travaux manuels : reliure, poterie, dessiner le vivant, travail du cuivre<\/p>\n\n\n\n<p>Th\u00e9\u00e2tre : comme pour la 9\u00e8me ann\u00e9e, il y a un projet majeur en 11\u00e8me ann\u00e9e, mais en fran\u00e7ais. Plus exigeant sur le plan th\u00e9matique et litt\u00e9raire, repr\u00e9sentations publiques, les objectifs sont les suivants : travail de groupe, sens des responsabilit\u00e9s, d\u00e9fi litt\u00e9raire, traiter des th\u00e8mes adultes de fa\u00e7on non acad\u00e9mique.<\/p>\n\n\n\n<p>Sports : comme en 10\u00e8me<\/p>\n<\/div><\/div><\/div>\n\n\n\n<div class=\"wp-block-kadence-pane kt-accordion-pane kt-accordion-pane-11 kt-pane2264_b97140-58\"><h2 class=\"kt-accordion-header-wrap\"><button class=\"kt-blocks-accordion-header kt-acccordion-button-label-show\" type=\"button\"><span class=\"kt-blocks-accordion-title-wrap\"><span class=\"kt-blocks-accordion-title\">Stages et projets<\/span><\/span><span class=\"kt-blocks-accordion-icon-trigger\"><\/span><\/button><\/h2><div class=\"kt-accordion-panel kt-accordion-panel-hidden\"><div class=\"kt-accordion-panel-inner\">\n<p>Une des caract\u00e9ristiques communes de ces stages et projets consiste en l\u2019acquisition et la pratique de diff\u00e9rentes comp\u00e9tences par les \u00e9l\u00e8ves: expertise, comp\u00e9tences m\u00e9thodologiques, sociales, personnelles<br>Stages<\/p>\n\n\n\n<p>9\u00e8me ann\u00e9e<br>\u00b7 3 semaines de stage dans une ferme, en g\u00e9n\u00e9ral \u00e0 l\u2019\u00e9tranger<\/p>\n\n\n\n<p>10\u00e8me ann\u00e9e<br>\u00b7 3 semaines de stage en entreprise<br>\u00b7 5 semaines de stage d\u2019orientation<\/p>\n\n\n\n<p>11\u00e8me ann\u00e9e<br>\u00b7 3 semaines de stage dans une institution sociale<br>Projets<\/p>\n\n\n\n<p>9\u00e8me ann\u00e9e<br>\u00b7 Projet de g\u00e9ologie : excursion de 10 jours dans les Alpes<\/p>\n\n\n\n<p>10\u00e8me ann\u00e9e<br>\u00b7 Voyage d\u2019\u00e9tude \u00e0 Florence en histoire de l\u2019art : une semaine<\/p>\n\n\n\n<p>11\u00e8me ann\u00e9e<br>\u00b7 Projet de math\u00e9matique et physique : une semaine d\u2019arpentage \u00e0 l\u2019\u00e9tranger<br>\u00b7 Projet th\u00e9\u00e2tre en allemand<\/p>\n<\/div><\/div><\/div>\n<\/div><\/div><\/div>\n\n\n\n<div style=\"height:100px\" aria-hidden=\"true\" class=\"wp-block-spacer\"><\/div>\n\n\n\n<div class=\"wp-block-cover alignfull is-light has-parallax block-visibility-hide-medium-screen block-visibility-hide-small-screen\" style=\"padding-top:var(--wp--preset--spacing--50);padding-right:var(--wp--preset--spacing--50);padding-bottom:var(--wp--preset--spacing--50);padding-left:var(--wp--preset--spacing--50)\"><div role=\"img\" aria-label=\"Cours de travaux manuels\" class=\"wp-block-cover__image-background wp-image-1531 has-parallax\" style=\"background-position:50% 50%;background-image:url(http:\/\/waldorfschoul.roomtrix.de\/wp-content\/uploads\/2024\/12\/oberstufe.unten_.jpg)\"><\/div><span aria-hidden=\"true\" class=\"wp-block-cover__background has-base-background-color has-background-dim-0 has-background-dim\"><\/span><div class=\"wp-block-cover__inner-container has-global-padding is-layout-constrained wp-container-core-cover-is-layout-e4fd886c wp-block-cover-is-layout-constrained\">\n<div style=\"height:140px\" aria-hidden=\"true\" class=\"wp-block-spacer\"><\/div>\n<\/div><\/div>\n","protected":false},"excerpt":{"rendered":"<p>Praktika, und damit konkrete Erfahrungen aus der Arbeitswelt, sind ein zentraler Aspekt des Waldorf-Oberstufenlehrplans.<\/p>\n","protected":false},"author":1,"featured_media":0,"parent":0,"menu_order":0,"comment_status":"closed","ping_status":"closed","template":"","meta":{"footnotes":""},"class_list":["post-2264","page","type-page","status-publish","hentry"],"_links":{"self":[{"href":"https:\/\/waldorfschoul.roomtrix.de\/fr\/wp-json\/wp\/v2\/pages\/2264","targetHints":{"allow":["GET"]}}],"collection":[{"href":"https:\/\/waldorfschoul.roomtrix.de\/fr\/wp-json\/wp\/v2\/pages"}],"about":[{"href":"https:\/\/waldorfschoul.roomtrix.de\/fr\/wp-json\/wp\/v2\/types\/page"}],"author":[{"embeddable":true,"href":"https:\/\/waldorfschoul.roomtrix.de\/fr\/wp-json\/wp\/v2\/users\/1"}],"replies":[{"embeddable":true,"href":"https:\/\/waldorfschoul.roomtrix.de\/fr\/wp-json\/wp\/v2\/comments?post=2264"}],"version-history":[{"count":4,"href":"https:\/\/waldorfschoul.roomtrix.de\/fr\/wp-json\/wp\/v2\/pages\/2264\/revisions"}],"predecessor-version":[{"id":2580,"href":"https:\/\/waldorfschoul.roomtrix.de\/fr\/wp-json\/wp\/v2\/pages\/2264\/revisions\/2580"}],"wp:attachment":[{"href":"https:\/\/waldorfschoul.roomtrix.de\/fr\/wp-json\/wp\/v2\/media?parent=2264"}],"curies":[{"name":"wp","href":"https:\/\/api.w.org\/{rel}","templated":true}]}}