{"id":2139,"date":"2024-11-12T11:15:03","date_gmt":"2024-11-12T10:15:03","guid":{"rendered":"https:\/\/waldorfschoul.roomtrix.de\/?page_id=2139"},"modified":"2025-09-10T15:49:06","modified_gmt":"2025-09-10T13:49:06","slug":"transport","status":"publish","type":"page","link":"https:\/\/waldorfschoul.roomtrix.de\/fr\/transport\/","title":{"rendered":"Transport"},"content":{"rendered":"\n<div class=\"wp-block-group alignfull has-background has-global-padding is-layout-constrained wp-container-core-group-is-layout-f6cc5ae6 wp-block-group-is-layout-constrained\" style=\"background:linear-gradient(180deg,rgb(249,249,249) 18%,rgb(229,0,125) 61%,rgb(249,249,249) 61%);margin-top:0;margin-bottom:0;padding-top:var(--wp--preset--spacing--30);padding-right:var(--wp--preset--spacing--50);padding-bottom:var(--wp--preset--spacing--30);padding-left:var(--wp--preset--spacing--50)\">\n<div class=\"wp-block-columns alignwide is-layout-flex wp-container-core-columns-is-layout-28f84493 wp-block-columns-is-layout-flex\">\n<div class=\"wp-block-column is-layout-flow wp-block-column-is-layout-flow\" style=\"flex-basis:40%\">\n<ul class=\"wp-block-list has-accent-3-color has-text-color has-link-color wp-elements-c657f38e5419f025e1970dde89844da0\">\n<li style=\"font-size:clamp(0.984rem, 0.984rem + ((1vw - 0.2rem) * 0.86), 1.5rem);line-height:1.2\"><strong><mark style=\"background-color:rgba(0, 0, 0, 0)\" class=\"has-inline-color has-custom-color-2-color\">organiser le covoiturage<\/mark><mark style=\"background-color:rgba(0, 0, 0, 0)\" class=\"has-inline-color has-custom-color-2-color\"><\/mark><\/strong><\/li>\n<\/ul>\n<\/div>\n\n\n\n<div class=\"wp-block-column is-layout-flow wp-block-column-is-layout-flow\" style=\"flex-basis:60%\">\n<p>Pour des raisons \u00e9cologiques et \u00e9conomiques, nous invitons les parents \u00e0 prendre contact avec d\u2019autres familles pour organiser le covoiturage.<\/p>\n<\/div>\n<\/div>\n\n\n\n<div style=\"height:5px\" aria-hidden=\"true\" class=\"wp-block-spacer\"><\/div>\n\n\n\n<figure class=\"wp-block-image size-full has-custom-border is-style-rounded is-style-rounded--1\"><img loading=\"lazy\" decoding=\"async\" width=\"700\" height=\"470\" src=\"http:\/\/waldorfschoul.roomtrix.de\/wp-content\/uploads\/2024\/12\/transport.jpg\" alt=\"ein Mensch auf einem Schiff\n\" class=\"wp-image-1605\" style=\"border-radius:11px\" srcset=\"https:\/\/waldorfschoul.roomtrix.de\/wp-content\/uploads\/2024\/12\/transport.jpg 700w, https:\/\/waldorfschoul.roomtrix.de\/wp-content\/uploads\/2024\/12\/transport-300x201.jpg 300w\" sizes=\"auto, (max-width: 700px) 100vw, 700px\" \/><\/figure>\n<\/div>\n\n\n\n<div class=\"wp-block-group alignfull has-base-background-color has-background has-global-padding is-layout-constrained wp-container-core-group-is-layout-32a46761 wp-block-group-is-layout-constrained\" style=\"margin-top:0;margin-bottom:0;padding-top:var(--wp--preset--spacing--40);padding-right:var(--wp--preset--spacing--50);padding-bottom:var(--wp--preset--spacing--40);padding-left:var(--wp--preset--spacing--50)\">\n<div class=\"wp-block-columns alignwide is-layout-flex wp-container-core-columns-is-layout-549b0c86 wp-block-columns-is-layout-flex\">\n<div class=\"wp-block-column has-global-padding is-content-justification-left is-layout-constrained wp-container-core-column-is-layout-c4d06299 wp-block-column-is-layout-constrained\" style=\"flex-basis:40%\">\n<ul class=\"wp-block-list has-accent-3-color has-text-color has-link-color wp-elements-f7a524a975bb06f40acedde0866855f2\">\n<li style=\"font-size:clamp(0.984rem, 0.984rem + ((1vw - 0.2rem) * 0.86), 1.5rem);line-height:1.2\"><strong><mark style=\"background-color:rgba(0, 0, 0, 0)\" class=\"has-inline-color has-custom-color-2-color\">Lignes de bus vers le Limpertsberg :<\/mark><\/strong><\/li>\n<\/ul>\n<\/div>\n\n\n\n<div class=\"wp-block-column is-layout-flow wp-container-core-column-is-layout-119bc444 wp-block-column-is-layout-flow\" style=\"flex-basis:60%\">\n<p style=\"margin-top:0;margin-bottom:0\">Lignes 2, 4 &#8211; \u00e0 partir de Centre Hamilius et de la Gare<br>Ligne 950 &#8211; \u00e0 partir de la Gare de Luxembourg<br>Ligne 101- \u00e0 partir d&rsquo; Ettelbr\u00fcck<br>Ligne 131 &#8211; \u00e0 partir de Grevenmacher<br>Ligne 145 &#8211; \u00e0 partir de Munsbach<br>Ligne 288 &#8211; \u00e0 partir de Mersch (Boevange)<\/p>\n\n\n\n<p style=\"margin-top:var(--wp--preset--spacing--10);margin-bottom:var(--wp--preset--spacing--10)\">REMARQUE : il y a de nombreux autres bus<\/p>\n\n\n\n<p style=\"margin-top:var(--wp--preset--spacing--10);margin-bottom:var(--wp--preset--spacing--10)\">Pr\u00e9voyez votre trajet en bus en cliquant ici : <a href=\"http:\/\/www.mobiliteit.lu\" target=\"_blank\" rel=\"noreferrer noopener\">www.mobiliteit.lu<\/a><br><a>Suivez le liens \u00ab\u00a0transports scolaires\u00a0\u00bb indiquez \u201ccampus Limpertsberg\u201d<\/a><\/p>\n<\/div>\n<\/div>\n<\/div>\n\n\n\n<div class=\"wp-block-group alignfull has-base-background-color has-background has-global-padding is-layout-constrained wp-container-core-group-is-layout-32a46761 wp-block-group-is-layout-constrained\" style=\"margin-top:0;margin-bottom:0;padding-top:var(--wp--preset--spacing--40);padding-right:var(--wp--preset--spacing--50);padding-bottom:var(--wp--preset--spacing--40);padding-left:var(--wp--preset--spacing--50)\">\n<div class=\"wp-block-columns alignwide is-layout-flex wp-container-core-columns-is-layout-549b0c86 wp-block-columns-is-layout-flex\">\n<div class=\"wp-block-column has-global-padding is-content-justification-left is-layout-constrained wp-container-core-column-is-layout-c4d06299 wp-block-column-is-layout-constrained\" style=\"flex-basis:40%\">\n<ul class=\"wp-block-list has-accent-3-color has-text-color has-link-color wp-elements-d1f1c25b28180a2bd8a60fb913ef1e98\">\n<li style=\"font-size:clamp(0.984rem, 0.984rem + ((1vw - 0.2rem) * 0.86), 1.5rem);line-height:1.2\"><strong><mark style=\"background-color:rgba(0, 0, 0, 0)\" class=\"has-inline-color has-custom-color-2-color\">Stationnement autour de l\u2019\u00e9cole :<\/mark><\/strong><\/li>\n<\/ul>\n<\/div>\n\n\n\n<div class=\"wp-block-column is-layout-flow wp-container-core-column-is-layout-119bc444 wp-block-column-is-layout-flow\" style=\"flex-basis:60%\">\n<p style=\"margin-top:0;margin-bottom:0\">Tous les emplacements de stationnement devant l\u2019\u00e9cole sont r\u00e9serv\u00e9s au personnel. Nous vous remercions de stationner dans les rues autour de l\u2019\u00e9cole.<\/p>\n<\/div>\n<\/div>\n<\/div>\n","protected":false},"excerpt":{"rendered":"<p>Pour des raisons \u00e9cologiques et \u00e9conomiques, nous invitons les parents \u00e0 prendre contact avec d\u2019autres familles pour organiser le covoiturage. Lignes 2, 4 &#8211; \u00e0 partir de Centre Hamilius et de la GareLigne 950 &#8211; \u00e0 partir de la Gare de LuxembourgLigne 101- \u00e0 partir d&rsquo; Ettelbr\u00fcckLigne 131 &#8211; \u00e0 partir de GrevenmacherLigne 145 &#8211; [&hellip;]<\/p>\n","protected":false},"author":1,"featured_media":0,"parent":0,"menu_order":0,"comment_status":"closed","ping_status":"closed","template":"","meta":{"footnotes":""},"class_list":["post-2139","page","type-page","status-publish","hentry"],"_links":{"self":[{"href":"https:\/\/waldorfschoul.roomtrix.de\/fr\/wp-json\/wp\/v2\/pages\/2139","targetHints":{"allow":["GET"]}}],"collection":[{"href":"https:\/\/waldorfschoul.roomtrix.de\/fr\/wp-json\/wp\/v2\/pages"}],"about":[{"href":"https:\/\/waldorfschoul.roomtrix.de\/fr\/wp-json\/wp\/v2\/types\/page"}],"author":[{"embeddable":true,"href":"https:\/\/waldorfschoul.roomtrix.de\/fr\/wp-json\/wp\/v2\/users\/1"}],"replies":[{"embeddable":true,"href":"https:\/\/waldorfschoul.roomtrix.de\/fr\/wp-json\/wp\/v2\/comments?post=2139"}],"version-history":[{"count":1,"href":"https:\/\/waldorfschoul.roomtrix.de\/fr\/wp-json\/wp\/v2\/pages\/2139\/revisions"}],"predecessor-version":[{"id":2140,"href":"https:\/\/waldorfschoul.roomtrix.de\/fr\/wp-json\/wp\/v2\/pages\/2139\/revisions\/2140"}],"wp:attachment":[{"href":"https:\/\/waldorfschoul.roomtrix.de\/fr\/wp-json\/wp\/v2\/media?parent=2139"}],"curies":[{"name":"wp","href":"https:\/\/api.w.org\/{rel}","templated":true}]}}