{"id":2131,"date":"2024-11-08T17:01:44","date_gmt":"2024-11-08T16:01:44","guid":{"rendered":"https:\/\/waldorfschoul.roomtrix.de\/?page_id=2131"},"modified":"2025-09-09T17:59:06","modified_gmt":"2025-09-09T15:59:06","slug":"ladministration-de-lecole-waldorf-luxembourg","status":"publish","type":"page","link":"https:\/\/waldorfschoul.roomtrix.de\/fr\/ladministration-de-lecole-waldorf-luxembourg\/","title":{"rendered":"L&rsquo;administration de l&rsquo;\u00e9cole Waldorf Luxembourg"},"content":{"rendered":"\n<div class=\"wp-block-group alignfull has-background has-global-padding is-layout-constrained wp-container-core-group-is-layout-f6cc5ae6 wp-block-group-is-layout-constrained\" style=\"background:linear-gradient(180deg,rgb(249,249,249) 18%,rgb(229,0,125) 61%,rgb(249,249,249) 61%);margin-top:0;margin-bottom:0;padding-top:var(--wp--preset--spacing--30);padding-right:var(--wp--preset--spacing--50);padding-bottom:var(--wp--preset--spacing--30);padding-left:var(--wp--preset--spacing--50)\">\n<div class=\"wp-block-columns alignwide is-layout-flex wp-container-core-columns-is-layout-28f84493 wp-block-columns-is-layout-flex\">\n<div class=\"wp-block-column is-layout-flow wp-block-column-is-layout-flow\" style=\"flex-basis:40%\">\n<ul class=\"wp-block-list\">\n<li class=\"has-custom-color-13-color has-text-color has-link-color wp-elements-1a3df50319b6f8aa9ac730611826914e\" style=\"font-size:clamp(0.984rem, 0.984rem + ((1vw - 0.2rem) * 0.86), 1.5rem);\"><strong><mark style=\"background-color:rgba(0, 0, 0, 0)\" class=\"has-inline-color has-custom-color-2-color\">l\u2019autogestion et la coll\u00e9gialit\u00e9<\/mark><\/strong><\/li>\n<\/ul>\n<\/div>\n\n\n\n<div class=\"wp-block-column is-layout-flow wp-block-column-is-layout-flow\" style=\"flex-basis:60%\">\n<p>L&rsquo;\u00e9cole Waldorf de Luxembourg fonctionne sur le principe de l\u2019autogestion et de la coll\u00e9gialit\u00e9. <\/p>\n\n\n\n<p>Nous n\u2019avons pas de structure hi\u00e9rarchique avec un directeur, dont les d\u00e9cisions seraient impos\u00e9es \u00ab d\u2019en haut \u00bb.<\/p>\n\n\n\n<p>L\u2019autogestion implique que ce sont les enseignants qui, avec le soutien de l&rsquo;administration, g\u00e8rent les activit\u00e9s en classe et le mat\u00e9riel, l\u2019admission des nouveaux \u00e9l\u00e8ves, l\u2019organisation des activit\u00e9s annuelles (kermesses, journ\u00e9es portes ouvertes, etc.) ainsi que les relations avec les parents.&nbsp;<\/p>\n<\/div>\n<\/div>\n\n\n\n<div style=\"height:5px\" aria-hidden=\"true\" class=\"wp-block-spacer\"><\/div>\n\n\n\n<figure class=\"wp-block-image size-full has-custom-border is-style-rounded box is-style-rounded--1\"><img loading=\"lazy\" decoding=\"async\" width=\"700\" height=\"464\" src=\"http:\/\/waldorfschoul.roomtrix.de\/wp-content\/uploads\/2024\/12\/team.jpg\" alt=\"Fest\" class=\"wp-image-1484\" style=\"border-style:none;border-width:0px;border-radius:17px\" srcset=\"https:\/\/waldorfschoul.roomtrix.de\/wp-content\/uploads\/2024\/12\/team.jpg 700w, https:\/\/waldorfschoul.roomtrix.de\/wp-content\/uploads\/2024\/12\/team-300x199.jpg 300w\" sizes=\"auto, (max-width: 700px) 100vw, 700px\" \/><\/figure>\n<\/div>\n\n\n\n<div class=\"wp-block-group alignfull has-base-background-color has-background has-global-padding is-layout-constrained wp-container-core-group-is-layout-32a46761 wp-block-group-is-layout-constrained\" style=\"margin-top:0;margin-bottom:0;padding-top:var(--wp--preset--spacing--40);padding-right:var(--wp--preset--spacing--50);padding-bottom:var(--wp--preset--spacing--40);padding-left:var(--wp--preset--spacing--50)\">\n<div class=\"wp-block-columns alignwide is-layout-flex wp-container-core-columns-is-layout-549b0c86 wp-block-columns-is-layout-flex\">\n<div class=\"wp-block-column has-global-padding is-content-justification-left is-layout-constrained wp-container-core-column-is-layout-c4d06299 wp-block-column-is-layout-constrained\" style=\"flex-basis:40%\">\n<ul class=\"wp-block-list\">\n<li class=\"has-custom-color-13-color has-text-color has-link-color wp-elements-79666b0b0c04e55c882b856c54849326\" style=\"font-size:clamp(0.984rem, 0.984rem + ((1vw - 0.2rem) * 0.86), 1.5rem);\"><strong><mark style=\"background-color:rgba(0, 0, 0, 0)\" class=\"has-inline-color has-custom-color-2-color\">La GLK (Gesamtleitungskonferenz)<\/mark><\/strong><\/li>\n<\/ul>\n<\/div>\n\n\n\n<div class=\"wp-block-column is-layout-flow wp-container-core-column-is-layout-119bc444 wp-block-column-is-layout-flow\" style=\"flex-basis:60%\">\n<p style=\"margin-top:0;margin-bottom:0\">Le \u00ab Coll\u00e8ge de Direction G\u00e9n\u00e9rale \u00bb est compos\u00e9 d\u2019un repr\u00e9sentant de chaque organe de notre association sans but lucratif (la maternelle, le primaire, le secondaire, le Baccalaur\u00e9at international, la Maison relais et les parents) et de 3 membres du \u00ab Coll\u00e8ge des Experts \u00bb. Chaque membre du \u00ab Coll\u00e8ge des Experts \u00bb a l\u2019expertise dans un domaine particulier (finances, aspects juridiques, ressources humaines, relations publiques).<br><br>Les coordinateurs p\u00e9dagogiques, le coordinateur du Baccalaur\u00e9at International et le coordinateur administratif sont tous membres de la GLK, mais n\u2019ont cependant pas le droit de vote, \u00e0 l\u2019exception du coordinateur du BI qui peut de voter sur les aspects sp\u00e9cifiquement li\u00e9s au BI.<br><br>Chaque coll\u00e8ge prend des d\u00e9cisions sur les probl\u00e8mes qui le concernent. D\u00e8s que des d\u00e9cisions ayant un impact sur les autres coll\u00e8ges sont prises, le d\u00e9bat doit \u00eatre port\u00e9 aupr\u00e8s de la GLK. Les d\u00e9cisions prises par le GLK doivent r\u00e9ciproquement \u00eatre transmises \u00e0 chaque coll\u00e8ge par son d\u00e9l\u00e9gu\u00e9. Les comptes rendus sont class\u00e9s pour r\u00e9f\u00e9rence ult\u00e9rieure.<br>Les r\u00e9unions de GLK ont lieu trois fois par mois.<\/p>\n\n\n\n<div class=\"wp-block-kadence-infobox kt-info-box2131_dfc1ec-10\"><a class=\"kt-blocks-info-box-link-wrap info-box-link kt-blocks-info-box-media-align-left kt-info-halign-left\" target=\"_blank\" rel=\"noopener noreferrer\" href=\"https:\/\/waldorfschoul.roomtrix.de\/wp-content\/uploads\/2025\/09\/Info_parents_FR_A4-_FINAL-FR_revue_2021.pdf\"><div class=\"kt-blocks-info-box-media-container\"><div class=\"kt-blocks-info-box-media kt-info-media-animate-flip\"><div class=\"kadence-info-box-icon-container kt-info-icon-animate-flip\"><div class=\"kadence-info-box-icon-inner-container\"><span class=\"kb-svg-icon-wrap kb-svg-icon-fe_arrowDownCircle kt-info-svg-icon\"><svg viewBox=\"0 0 24 24\"  fill=\"none\" stroke=\"currentColor\" stroke-width=\"2\" stroke-linecap=\"round\" stroke-linejoin=\"round\" xmlns=\"http:\/\/www.w3.org\/2000\/svg\"  aria-hidden=\"true\"><circle cx=\"12\" cy=\"12\" r=\"10\"\/><polyline points=\"8 12 12 16 16 12\"\/><line x1=\"12\" y1=\"8\" x2=\"12\" y2=\"16\"\/><\/svg><\/span><span class=\"kb-svg-icon-wrap kb-svg-icon-fas_file-pdf kt-info-svg-icon-flip\"><svg viewBox=\"0 0 384 512\"  fill=\"currentColor\" xmlns=\"http:\/\/www.w3.org\/2000\/svg\"  aria-hidden=\"true\"><path d=\"M181.9 256.1c-5-16-4.9-46.9-2-46.9 8.4 0 7.6 36.9 2 46.9zm-1.7 47.2c-7.7 20.2-17.3 43.3-28.4 62.7 18.3-7 39-17.2 62.9-21.9-12.7-9.6-24.9-23.4-34.5-40.8zM86.1 428.1c0 .8 13.2-5.4 34.9-40.2-6.7 6.3-29.1 24.5-34.9 40.2zM248 160h136v328c0 13.3-10.7 24-24 24H24c-13.3 0-24-10.7-24-24V24C0 10.7 10.7 0 24 0h200v136c0 13.2 10.8 24 24 24zm-8 171.8c-20-12.2-33.3-29-42.7-53.8 4.5-18.5 11.6-46.6 6.2-64.2-4.7-29.4-42.4-26.5-47.8-6.8-5 18.3-.4 44.1 8.1 77-11.6 27.6-28.7 64.6-40.8 85.8-.1 0-.1.1-.2.1-27.1 13.9-73.6 44.5-54.5 68 5.6 6.9 16 10 21.5 10 17.9 0 35.7-18 61.1-61.8 25.8-8.5 54.1-19.1 79-23.2 21.7 11.8 47.1 19.5 64 19.5 29.2 0 31.2-32 19.7-43.4-13.9-13.6-54.3-9.7-73.6-7.2zM377 105L279 7c-4.5-4.5-10.6-7-17-7h-6v128h128v-6.1c0-6.3-2.5-12.4-7-16.9zm-74.1 255.3c4.1-2.7-2.5-11.9-42.8-9 37.1 15.8 42.8 9 42.8 9z\"\/><\/svg><\/span><\/div><\/div><\/div><\/div><div class=\"kt-infobox-textcontent\"><h2 class=\"kt-blocks-info-box-title\">Pour plus d\u2019informations (PDF Information Parents)<\/h2><p class=\"kt-blocks-info-box-text\">Vous trouverez ici de plus amples informations sur le th\u00e8me de l&rsquo;administration.<\/p><\/div><\/a><\/div>\n<\/div>\n<\/div>\n<\/div>\n\n\n\n<div class=\"wp-block-cover alignfull is-light has-parallax block-visibility-hide-medium-screen block-visibility-hide-small-screen\" style=\"padding-top:var(--wp--preset--spacing--50);padding-right:var(--wp--preset--spacing--50);padding-bottom:var(--wp--preset--spacing--50);padding-left:var(--wp--preset--spacing--50)\"><div class=\"wp-block-cover__image-background wp-image-739 has-parallax\" style=\"background-position:50% 50%;background-image:url(http:\/\/waldorfschoul.roomtrix.de\/wp-content\/uploads\/2024\/09\/streifen.05.jpg)\"><\/div><span aria-hidden=\"true\" class=\"wp-block-cover__background has-base-background-color has-background-dim-0 has-background-dim\"><\/span><div class=\"wp-block-cover__inner-container has-global-padding is-layout-constrained wp-container-core-cover-is-layout-e4fd886c wp-block-cover-is-layout-constrained\">\n<div style=\"height:140px\" aria-hidden=\"true\" class=\"wp-block-spacer\"><\/div>\n<\/div><\/div>\n","protected":false},"excerpt":{"rendered":"<p>L&rsquo;\u00e9cole Waldorf de Luxembourg fonctionne sur le principe de l\u2019autogestion et de la coll\u00e9gialit\u00e9. Nous n\u2019avons pas de structure hi\u00e9rarchique avec un directeur, dont les d\u00e9cisions seraient impos\u00e9es \u00ab d\u2019en haut \u00bb. L\u2019autogestion implique que ce sont les enseignants qui, avec le soutien de l&rsquo;administration, g\u00e8rent les activit\u00e9s en classe et le mat\u00e9riel, l\u2019admission des [&hellip;]<\/p>\n","protected":false},"author":1,"featured_media":0,"parent":0,"menu_order":0,"comment_status":"closed","ping_status":"closed","template":"","meta":{"footnotes":""},"class_list":["post-2131","page","type-page","status-publish","hentry"],"_links":{"self":[{"href":"https:\/\/waldorfschoul.roomtrix.de\/fr\/wp-json\/wp\/v2\/pages\/2131","targetHints":{"allow":["GET"]}}],"collection":[{"href":"https:\/\/waldorfschoul.roomtrix.de\/fr\/wp-json\/wp\/v2\/pages"}],"about":[{"href":"https:\/\/waldorfschoul.roomtrix.de\/fr\/wp-json\/wp\/v2\/types\/page"}],"author":[{"embeddable":true,"href":"https:\/\/waldorfschoul.roomtrix.de\/fr\/wp-json\/wp\/v2\/users\/1"}],"replies":[{"embeddable":true,"href":"https:\/\/waldorfschoul.roomtrix.de\/fr\/wp-json\/wp\/v2\/comments?post=2131"}],"version-history":[{"count":2,"href":"https:\/\/waldorfschoul.roomtrix.de\/fr\/wp-json\/wp\/v2\/pages\/2131\/revisions"}],"predecessor-version":[{"id":2133,"href":"https:\/\/waldorfschoul.roomtrix.de\/fr\/wp-json\/wp\/v2\/pages\/2131\/revisions\/2133"}],"wp:attachment":[{"href":"https:\/\/waldorfschoul.roomtrix.de\/fr\/wp-json\/wp\/v2\/media?parent=2131"}],"curies":[{"name":"wp","href":"https:\/\/api.w.org\/{rel}","templated":true}]}}