{"id":2098,"date":"2024-07-10T16:18:43","date_gmt":"2024-07-10T14:18:43","guid":{"rendered":"https:\/\/waldorfschoul.roomtrix.de\/?page_id=2098"},"modified":"2025-09-08T16:59:05","modified_gmt":"2025-09-08T14:59:05","slug":"infrastructures-de-lecole-waldorf-luxembourg","status":"publish","type":"page","link":"https:\/\/waldorfschoul.roomtrix.de\/fr\/infrastructures-de-lecole-waldorf-luxembourg\/","title":{"rendered":"Infrastructures de l&rsquo;\u00e9cole Waldorf Luxembourg"},"content":{"rendered":"\n<p>Le site principal de l\u2019\u00e9cole Waldorf de Luxembourg est situ\u00e9 sur un terrain public au Limpertsberg, un quartier de la Ville de Luxembourg.<\/p>\n\n\n\n<div class=\"wp-block-group alignfull has-background has-global-padding is-layout-constrained wp-container-core-group-is-layout-f6cc5ae6 wp-block-group-is-layout-constrained\" style=\"background:linear-gradient(180deg,rgb(249,249,249) 18%,rgb(229,0,125) 61%,rgb(249,249,249) 61%);margin-top:0;margin-bottom:0;padding-top:var(--wp--preset--spacing--30);padding-right:var(--wp--preset--spacing--50);padding-bottom:var(--wp--preset--spacing--30);padding-left:var(--wp--preset--spacing--50)\">\n<div class=\"wp-block-columns alignwide is-layout-flex wp-container-core-columns-is-layout-28f84493 wp-block-columns-is-layout-flex\">\n<div class=\"wp-block-column is-layout-flow wp-block-column-is-layout-flow\" style=\"flex-basis:40%\">\n<ul class=\"wp-block-list\">\n<li class=\"has-custom-color-13-color has-text-color has-link-color wp-elements-2fab65c8b3390b43ea56850c0d1d9081\" style=\"font-size:clamp(0.984rem, 0.984rem + ((1vw - 0.2rem) * 0.86), 1.5rem);\"><strong><mark style=\"background-color:rgba(0, 0, 0, 0)\" class=\"has-inline-color has-custom-color-2-color\">Le b\u00e2timent principal<\/mark><\/strong><\/li>\n<\/ul>\n<\/div>\n\n\n\n<div class=\"wp-block-column is-layout-flow wp-block-column-is-layout-flow\" style=\"flex-basis:60%\">\n<p>Le b\u00e2timent principal a \u00e9t\u00e9 \u00e9rig\u00e9 en 1991 par l\u2019Etat et accueille aujourd\u2019hui 5 classes de maternelle et 6 classes du primaire. <\/p>\n\n\n\n<p>La salle des professeurs, les locaux de l\u2019administration, la salle d\u2019eurythmie, l\u2019atelier de menuiserie, la salle de sports, la salle de musique, la salle d\u2019artisanat et la cantine sont \u00e9galement situ\u00e9s dans ce b\u00e2timent.<\/p>\n<\/div>\n<\/div>\n\n\n\n<div style=\"height:5px\" aria-hidden=\"true\" class=\"wp-block-spacer\"><\/div>\n\n\n\n<figure class=\"wp-block-image size-full has-custom-border is-style-rounded is-style-rounded--1\"><img loading=\"lazy\" decoding=\"async\" width=\"700\" height=\"467\" src=\"http:\/\/waldorfschoul.roomtrix.de\/wp-content\/uploads\/2024\/12\/einrichtungen.jpg\" alt=\"entr\u00e9e principale\" class=\"wp-image-1475\" style=\"border-radius:11px\" srcset=\"https:\/\/waldorfschoul.roomtrix.de\/wp-content\/uploads\/2024\/12\/einrichtungen.jpg 700w, https:\/\/waldorfschoul.roomtrix.de\/wp-content\/uploads\/2024\/12\/einrichtungen-300x200.jpg 300w\" sizes=\"auto, (max-width: 700px) 100vw, 700px\" \/><\/figure>\n<\/div>\n\n\n\n<div class=\"wp-block-columns alignwide is-layout-flex wp-container-core-columns-is-layout-28f84493 wp-block-columns-is-layout-flex\">\n<div class=\"wp-block-column is-layout-flow wp-block-column-is-layout-flow\" style=\"flex-basis:40%\">\n<ul class=\"wp-block-list\">\n<li class=\"has-custom-color-12-color has-text-color has-link-color wp-elements-9de21e0385f55ce69e2b83472ffacbcf\" style=\"font-size:clamp(0.984rem, 0.984rem + ((1vw - 0.2rem) * 0.86), 1.5rem);\"><strong><mark style=\"background-color:rgba(0, 0, 0, 0)\" class=\"has-inline-color has-custom-color-2-color\">l&rsquo;ecole<\/mark><\/strong><\/li>\n<\/ul>\n<\/div>\n\n\n\n<div class=\"wp-block-column is-layout-flow wp-block-column-is-layout-flow\" style=\"flex-basis:60%\">\n<h2 class=\"wp-block-heading\">Le b\u00e2timent du secondaire<\/h2>\n\n\n\n<p>En 2004 un b\u00e2timent de deux \u00e9tages, co-financ\u00e9 par l\u2019Etat pour 80%, a \u00e9t\u00e9 ajout\u00e9. Il est compos\u00e9 de 6 classes du secondaire, un auditorium, un laboratoire scientifique, un centre de documentation et d&rsquo;information (CDI) avec des ordinateurs.<\/p>\n\n\n\n<p><strong><mark style=\"background-color:rgba(0, 0, 0, 0);color:#fedc00\" class=\"has-inline-color\">\u00b7<\/mark> <mark style=\"background-color:rgba(0, 0, 0, 0);color:#fedc00\" class=\"has-inline-color\">\u00b7<\/mark> <mark style=\"background-color:rgba(0, 0, 0, 0);color:#fedc00\" class=\"has-inline-color\">\u00b7<\/mark><\/strong><\/p>\n\n\n\n<h2 class=\"wp-block-heading\">La \u00ab Maison relais Waldorf \u00bb<\/h2>\n\n\n\n<p>La \u00ab Maison relais Waldorf \u00bb est \u00e9galement sur place ; elle accueille les enfants entre 3 et 12 ans apr\u00e8s la classe.<\/p>\n\n\n\n<p><strong><mark style=\"background-color:rgba(0, 0, 0, 0);color:#fedc00\" class=\"has-inline-color\">\u00b7<\/mark> <mark style=\"background-color:rgba(0, 0, 0, 0);color:#fedc00\" class=\"has-inline-color\">\u00b7<\/mark> <mark style=\"background-color:rgba(0, 0, 0, 0);color:#fedc00\" class=\"has-inline-color\">\u00b7<\/mark><\/strong><\/p>\n\n\n\n<h2 class=\"wp-block-heading\">Terrain de jeux<\/h2>\n\n\n\n<p>Depuis 2012, le site du Limpertsberg b\u00e9n\u00e9ficie \u00e9galement d\u2019un nouveau terrain de jeux qui a \u00e9t\u00e9 construit par les parents, les \u00e9l\u00e8ves, les enseignants et des professionnels.<\/p>\n\n\n\n<p><strong><mark style=\"background-color:rgba(0, 0, 0, 0);color:#fedc00\" class=\"has-inline-color\">\u00b7<\/mark> <mark style=\"background-color:rgba(0, 0, 0, 0);color:#fedc00\" class=\"has-inline-color\">\u00b7<\/mark> <mark style=\"background-color:rgba(0, 0, 0, 0);color:#fedc00\" class=\"has-inline-color\">\u00b7<\/mark><\/strong><\/p>\n\n\n\n<h2 class=\"wp-block-heading\">Nouveaux b\u00e2timents<\/h2>\n\n\n\n<p>En septembre 2014, de nouveaux b\u00e2timents ont \u00e9t\u00e9 \u00e9rig\u00e9s, l\u2019un d\u2019entre eux abrite toutes les classes de la maternelle.<\/p>\n\n\n\n<p><strong><mark style=\"background-color:rgba(0, 0, 0, 0);color:#fedc00\" class=\"has-inline-color\">\u00b7<\/mark> <mark style=\"background-color:rgba(0, 0, 0, 0);color:#fedc00\" class=\"has-inline-color\">\u00b7<\/mark> <mark style=\"background-color:rgba(0, 0, 0, 0);color:#fedc00\" class=\"has-inline-color\">\u00b7<\/mark><\/strong><\/p>\n\n\n\n<h2 class=\"wp-block-heading\">Les enfants \u00e0 la ferme<\/h2>\n\n\n\n<p>Depuis 2013 la ferme biodynamique du Kass-Haff (Rollingen\/Mersch) h\u00e9berge un des nos jardins d&rsquo;enfants.\u00a0<\/p>\n\n\n\n<div class=\"wp-block-kadence-infobox kt-info-box2098_c67f78-b6\"><a class=\"kt-blocks-info-box-link-wrap info-box-link kt-blocks-info-box-media-align-left kt-info-halign-left\" target=\"_blank\" rel=\"noopener noreferrer\" href=\"https:\/\/waldorf.lu\/images\/pdf\/Fiche_dinscription_DE__Spillschoul_2023_24.pdf\"><div class=\"kt-blocks-info-box-media-container\"><div class=\"kt-blocks-info-box-media kt-info-media-animate-flip\"><div class=\"kadence-info-box-icon-container kt-info-icon-animate-flip\"><div class=\"kadence-info-box-icon-inner-container\"><span class=\"kb-svg-icon-wrap kb-svg-icon-fe_arrowDownCircle kt-info-svg-icon\"><svg viewBox=\"0 0 24 24\"  fill=\"none\" stroke=\"currentColor\" stroke-width=\"2\" stroke-linecap=\"round\" stroke-linejoin=\"round\" xmlns=\"http:\/\/www.w3.org\/2000\/svg\"  aria-hidden=\"true\"><circle cx=\"12\" cy=\"12\" r=\"10\"\/><polyline points=\"8 12 12 16 16 12\"\/><line x1=\"12\" y1=\"8\" x2=\"12\" y2=\"16\"\/><\/svg><\/span><span class=\"kb-svg-icon-wrap kb-svg-icon-fas_file-pdf kt-info-svg-icon-flip\"><svg viewBox=\"0 0 384 512\"  fill=\"currentColor\" xmlns=\"http:\/\/www.w3.org\/2000\/svg\"  aria-hidden=\"true\"><path d=\"M181.9 256.1c-5-16-4.9-46.9-2-46.9 8.4 0 7.6 36.9 2 46.9zm-1.7 47.2c-7.7 20.2-17.3 43.3-28.4 62.7 18.3-7 39-17.2 62.9-21.9-12.7-9.6-24.9-23.4-34.5-40.8zM86.1 428.1c0 .8 13.2-5.4 34.9-40.2-6.7 6.3-29.1 24.5-34.9 40.2zM248 160h136v328c0 13.3-10.7 24-24 24H24c-13.3 0-24-10.7-24-24V24C0 10.7 10.7 0 24 0h200v136c0 13.2 10.8 24 24 24zm-8 171.8c-20-12.2-33.3-29-42.7-53.8 4.5-18.5 11.6-46.6 6.2-64.2-4.7-29.4-42.4-26.5-47.8-6.8-5 18.3-.4 44.1 8.1 77-11.6 27.6-28.7 64.6-40.8 85.8-.1 0-.1.1-.2.1-27.1 13.9-73.6 44.5-54.5 68 5.6 6.9 16 10 21.5 10 17.9 0 35.7-18 61.1-61.8 25.8-8.5 54.1-19.1 79-23.2 21.7 11.8 47.1 19.5 64 19.5 29.2 0 31.2-32 19.7-43.4-13.9-13.6-54.3-9.7-73.6-7.2zM377 105L279 7c-4.5-4.5-10.6-7-17-7h-6v128h128v-6.1c0-6.3-2.5-12.4-7-16.9zm-74.1 255.3c4.1-2.7-2.5-11.9-42.8-9 37.1 15.8 42.8 9 42.8 9z\"\/><\/svg><\/span><\/div><\/div><\/div><\/div><div class=\"kt-infobox-textcontent\"><h2 class=\"kt-blocks-info-box-title\">Anmeldeformular f\u00fcr die &lsquo;Pr\u00e9coce-Spillschoul&rsquo; (PDF)<\/h2><p class=\"kt-blocks-info-box-text\"><\/p><\/div><\/a><\/div>\n\n\n\n<div style=\"height:140px\" aria-hidden=\"true\" class=\"wp-block-spacer\"><\/div>\n<\/div>\n<\/div>\n\n\n\n<div class=\"wp-block-cover alignfull is-light has-parallax block-visibility-hide-medium-screen block-visibility-hide-small-screen\" style=\"padding-top:var(--wp--preset--spacing--50);padding-right:var(--wp--preset--spacing--50);padding-bottom:var(--wp--preset--spacing--50);padding-left:var(--wp--preset--spacing--50)\"><div role=\"img\" aria-label=\"Au\u00dfengel\u00e4nde\" class=\"wp-block-cover__image-background wp-image-1479 has-parallax\" style=\"background-position:50% 50%;background-image:url(http:\/\/waldorfschoul.roomtrix.de\/wp-content\/uploads\/2024\/12\/einrichtungen.unten_.jpg)\"><\/div><span aria-hidden=\"true\" class=\"wp-block-cover__background has-base-background-color has-background-dim-0 has-background-dim\"><\/span><div class=\"wp-block-cover__inner-container has-global-padding is-layout-constrained wp-container-core-cover-is-layout-e4fd886c wp-block-cover-is-layout-constrained\">\n<div style=\"height:140px\" aria-hidden=\"true\" class=\"wp-block-spacer\"><\/div>\n<\/div><\/div>\n\n\n\n<p><\/p>\n","protected":false},"excerpt":{"rendered":"<p>Le site principal de l\u2019\u00e9cole Waldorf de Luxembourg est situ\u00e9 sur un terrain public au Limpertsberg, un quartier de la Ville de Luxembourg. Le b\u00e2timent principal a \u00e9t\u00e9 \u00e9rig\u00e9 en 1991 par l\u2019Etat et accueille aujourd\u2019hui 5 classes de maternelle et 6 classes du primaire. La salle des professeurs, les locaux de l\u2019administration, la salle [&hellip;]<\/p>\n","protected":false},"author":1,"featured_media":0,"parent":0,"menu_order":0,"comment_status":"closed","ping_status":"closed","template":"","meta":{"footnotes":""},"class_list":["post-2098","page","type-page","status-publish","hentry"],"_links":{"self":[{"href":"https:\/\/waldorfschoul.roomtrix.de\/fr\/wp-json\/wp\/v2\/pages\/2098","targetHints":{"allow":["GET"]}}],"collection":[{"href":"https:\/\/waldorfschoul.roomtrix.de\/fr\/wp-json\/wp\/v2\/pages"}],"about":[{"href":"https:\/\/waldorfschoul.roomtrix.de\/fr\/wp-json\/wp\/v2\/types\/page"}],"author":[{"embeddable":true,"href":"https:\/\/waldorfschoul.roomtrix.de\/fr\/wp-json\/wp\/v2\/users\/1"}],"replies":[{"embeddable":true,"href":"https:\/\/waldorfschoul.roomtrix.de\/fr\/wp-json\/wp\/v2\/comments?post=2098"}],"version-history":[{"count":2,"href":"https:\/\/waldorfschoul.roomtrix.de\/fr\/wp-json\/wp\/v2\/pages\/2098\/revisions"}],"predecessor-version":[{"id":2101,"href":"https:\/\/waldorfschoul.roomtrix.de\/fr\/wp-json\/wp\/v2\/pages\/2098\/revisions\/2101"}],"wp:attachment":[{"href":"https:\/\/waldorfschoul.roomtrix.de\/fr\/wp-json\/wp\/v2\/media?parent=2098"}],"curies":[{"name":"wp","href":"https:\/\/api.w.org\/{rel}","templated":true}]}}