{"id":2081,"date":"2024-07-05T16:08:15","date_gmt":"2024-07-05T14:08:15","guid":{"rendered":"https:\/\/waldorfschoul.roomtrix.de\/?page_id=2081"},"modified":"2025-09-02T16:44:43","modified_gmt":"2025-09-02T14:44:43","slug":"mission-de-lecole-waldorf-luxembourg","status":"publish","type":"page","link":"https:\/\/waldorfschoul.roomtrix.de\/fr\/mission-de-lecole-waldorf-luxembourg\/","title":{"rendered":"Mission de l&rsquo;\u00e9cole Waldorf Luxembourg"},"content":{"rendered":"\n<div class=\"wp-block-group alignfull has-background has-global-padding is-layout-constrained wp-container-core-group-is-layout-f6cc5ae6 wp-block-group-is-layout-constrained\" style=\"background:linear-gradient(180deg,rgb(249,249,249) 18%,rgb(229,0,125) 61%,rgb(249,249,249) 61%);margin-top:0;margin-bottom:0;padding-top:var(--wp--preset--spacing--30);padding-right:var(--wp--preset--spacing--50);padding-bottom:var(--wp--preset--spacing--30);padding-left:var(--wp--preset--spacing--50)\">\n<div class=\"wp-block-columns alignwide is-layout-flex wp-container-core-columns-is-layout-28f84493 wp-block-columns-is-layout-flex\">\n<div class=\"wp-block-column is-layout-flow wp-block-column-is-layout-flow\" style=\"flex-basis:40%\">\n<ul class=\"wp-block-list\">\n<li class=\"has-custom-color-13-color has-text-color has-link-color wp-elements-82be9e4406710a0fc9e9bc5d82139e5b\" style=\"font-size:clamp(0.984rem, 0.984rem + ((1vw - 0.2rem) * 0.86), 1.5rem);\"><strong><mark style=\"background-color:rgba(0, 0, 0, 0)\" class=\"has-inline-color has-custom-color-2-color\">\u00c9cole Waldorf pour tous<\/mark><\/strong><\/li>\n<\/ul>\n<\/div>\n\n\n\n<div class=\"wp-block-column is-layout-flow wp-block-column-is-layout-flow\" style=\"flex-basis:60%\">\n<p class=\"has-montserrat-font-family\" style=\"line-height:1.2\">L\u2019Ecole Waldorf de Luxembourg s\u2019inscrit dans un mouvement p\u00e9dagogique ind\u00e9pendant qui compte plus de 1000 \u00e9coles dans le monde.<\/p>\n\n\n\n<p>Nous proposons un enseignement unique et tr\u00e8s \u00e9labor\u00e9 \u00e0 un public d\u2019enfants, depuis de la petite enfance jusqu\u2019au Baccalaur\u00e9at International.<\/p>\n\n\n\n<p class=\"has-montserrat-font-family\" style=\"line-height:1.2\">Nous travaillons avec tous les enfants, quelles que soient leurs capacit\u00e9s acad\u00e9miques, leur origine sociale ou ethnique, et leur religion.<\/p>\n<\/div>\n<\/div>\n\n\n\n<div style=\"height:5px\" aria-hidden=\"true\" class=\"wp-block-spacer\"><\/div>\n\n\n\n<figure class=\"wp-block-image size-full is-style-rounded box is-style-rounded--1\"><img loading=\"lazy\" decoding=\"async\" width=\"900\" height=\"601\" src=\"http:\/\/waldorfschoul.roomtrix.de\/wp-content\/uploads\/2024\/09\/schuelerin.jpg\" alt=\"\u00e9l\u00e8ve qui \u00e9crit\" class=\"wp-image-377\" srcset=\"https:\/\/waldorfschoul.roomtrix.de\/wp-content\/uploads\/2024\/09\/schuelerin.jpg 900w, https:\/\/waldorfschoul.roomtrix.de\/wp-content\/uploads\/2024\/09\/schuelerin-300x200.jpg 300w, https:\/\/waldorfschoul.roomtrix.de\/wp-content\/uploads\/2024\/09\/schuelerin-768x513.jpg 768w\" sizes=\"auto, (max-width: 900px) 100vw, 900px\" \/><\/figure>\n\n\n\n<p class=\"has-text-align-center has-x-large-font-size\"><strong><mark style=\"background-color:rgba(0, 0, 0, 0);color:#fedc00\" class=\"has-inline-color\">\u00b7<\/mark> <mark style=\"background-color:rgba(0, 0, 0, 0);color:#fedc00\" class=\"has-inline-color\">\u00b7<\/mark> <mark style=\"background-color:rgba(0, 0, 0, 0);color:#fedc00\" class=\"has-inline-color\">\u00b7<\/mark><\/strong><\/p>\n\n\n<h2 class=\"kt-adv-heading2081_5a2ad1-9a wp-block-kadence-advancedheading\" data-kb-block=\"kb-adv-heading2081_5a2ad1-9a\"><span class=\"kb-adv-text-inner\">Gr\u00e2ce \u00e0 notre approche, les \u00e9l\u00e8ves issus de notre syst\u00e8me \u00e9ducatif pr\u00e9sentent un profil peu commun : ce sont des apprenants autonomes, s\u00fbrs d\u2019eux et porteurs d\u2019un r\u00e9el sens moral.<\/span><\/h2>\n\n\n<p class=\"has-text-align-center has-x-large-font-size\"><strong><mark style=\"background-color:rgba(0, 0, 0, 0);color:#fedc00\" class=\"has-inline-color\">\u00b7<\/mark> <mark style=\"background-color:rgba(0, 0, 0, 0);color:#fedc00\" class=\"has-inline-color\">\u00b7<\/mark> <mark style=\"background-color:rgba(0, 0, 0, 0);color:#fedc00\" class=\"has-inline-color\">\u00b7<\/mark><\/strong><\/p>\n<\/div>\n\n\n\n<h4 class=\"wp-block-heading\">D\u00e9claration d&rsquo;inclusion et de tol\u00e9rance de l&rsquo;\u00e9cole Waldorf Luxembourg<\/h4>\n\n\n\n<p>L\u2019Ecole Waldorf de Luxembourg d\u00e9clare par la pr\u00e9sente qu&rsquo;aucune notion de racisme n&rsquo;est tol\u00e9r\u00e9e que ce soit parmi les enseignants, parmi les parents, ou parmi les \u00e9l\u00e8ves. Une partie du programme d&rsquo;histoire comprend des visites de camps de concentration dans le cadre des le\u00e7ons sur la Seconde Guerre mondiale et l&rsquo;Holocauste. L\u2019\u00e9cole Waldorf de Luxembourg d\u00e9clare que la p\u00e9dagogie de notre \u00e9cole vise \u00e0 \u00e9duquer nos \u00e9l\u00e8ves \u00e0 l&rsquo;ouverture d&rsquo;esprit, \u00e0 l&rsquo;inclusion et \u00e0 la tol\u00e9rance.<\/p>\n","protected":false},"excerpt":{"rendered":"<p>L\u2019Ecole Waldorf de Luxembourg s\u2019inscrit dans un mouvement p\u00e9dagogique ind\u00e9pendant qui compte plus de 1000 \u00e9coles dans le monde. Nous proposons un enseignement unique et tr\u00e8s \u00e9labor\u00e9 \u00e0 un public d\u2019enfants, depuis de la petite enfance jusqu\u2019au Baccalaur\u00e9at International. Nous travaillons avec tous les enfants, quelles que soient leurs capacit\u00e9s acad\u00e9miques, leur origine sociale ou [&hellip;]<\/p>\n","protected":false},"author":1,"featured_media":0,"parent":0,"menu_order":0,"comment_status":"closed","ping_status":"closed","template":"","meta":{"footnotes":""},"class_list":["post-2081","page","type-page","status-publish","hentry"],"_links":{"self":[{"href":"https:\/\/waldorfschoul.roomtrix.de\/fr\/wp-json\/wp\/v2\/pages\/2081","targetHints":{"allow":["GET"]}}],"collection":[{"href":"https:\/\/waldorfschoul.roomtrix.de\/fr\/wp-json\/wp\/v2\/pages"}],"about":[{"href":"https:\/\/waldorfschoul.roomtrix.de\/fr\/wp-json\/wp\/v2\/types\/page"}],"author":[{"embeddable":true,"href":"https:\/\/waldorfschoul.roomtrix.de\/fr\/wp-json\/wp\/v2\/users\/1"}],"replies":[{"embeddable":true,"href":"https:\/\/waldorfschoul.roomtrix.de\/fr\/wp-json\/wp\/v2\/comments?post=2081"}],"version-history":[{"count":2,"href":"https:\/\/waldorfschoul.roomtrix.de\/fr\/wp-json\/wp\/v2\/pages\/2081\/revisions"}],"predecessor-version":[{"id":2083,"href":"https:\/\/waldorfschoul.roomtrix.de\/fr\/wp-json\/wp\/v2\/pages\/2081\/revisions\/2083"}],"wp:attachment":[{"href":"https:\/\/waldorfschoul.roomtrix.de\/fr\/wp-json\/wp\/v2\/media?parent=2081"}],"curies":[{"name":"wp","href":"https:\/\/api.w.org\/{rel}","templated":true}]}}