{"id":2033,"date":"2024-11-14T10:19:29","date_gmt":"2024-11-14T09:19:29","guid":{"rendered":"https:\/\/waldorfschoul.roomtrix.de\/?page_id=2033"},"modified":"2025-08-20T17:00:28","modified_gmt":"2025-08-20T15:00:28","slug":"a-propos-de-rudolf-steiner","status":"publish","type":"page","link":"https:\/\/waldorfschoul.roomtrix.de\/fr\/a-propos-de-rudolf-steiner\/","title":{"rendered":"A propos de Rudolf Steiner"},"content":{"rendered":"\n<div class=\"wp-block-group alignfull has-background has-global-padding is-layout-constrained wp-container-core-group-is-layout-f6cc5ae6 wp-block-group-is-layout-constrained\" style=\"background:linear-gradient(180deg,rgb(249,249,249) 18%,rgb(229,0,125) 61%,rgb(249,249,249) 61%);margin-top:0;margin-bottom:0;padding-top:var(--wp--preset--spacing--30);padding-right:var(--wp--preset--spacing--50);padding-bottom:var(--wp--preset--spacing--30);padding-left:var(--wp--preset--spacing--50)\">\n<div class=\"wp-block-columns alignwide is-layout-flex wp-container-core-columns-is-layout-28f84493 wp-block-columns-is-layout-flex\">\n<div class=\"wp-block-column is-layout-flow wp-block-column-is-layout-flow\" style=\"flex-basis:40%\">\n<ul class=\"wp-block-list\">\n<li class=\"has-custom-color-13-color has-text-color has-link-color wp-elements-28e6813ad444d8fcba2b41da77367b0c\" style=\"font-size:clamp(0.984rem, 0.984rem + ((1vw - 0.2rem) * 0.86), 1.5rem);\"><strong><mark style=\"background-color:rgba(0, 0, 0, 0)\" class=\"has-inline-color has-custom-color-2-color\">Le fondateur du syst\u00e8me <\/mark><\/strong><br><strong><mark style=\"background-color:rgba(0, 0, 0, 0)\" class=\"has-inline-color has-custom-color-2-color\">scolaire Waldorf<\/mark><\/strong><\/li>\n<\/ul>\n<\/div>\n\n\n\n<div class=\"wp-block-column is-layout-flow wp-block-column-is-layout-flow\" style=\"flex-basis:60%\">\n<p class=\"has-montserrat-font-family\" style=\"line-height:1.2\">N\u00e9 le 27 f\u00e9vrier 1861 \u00e0 Donji Kraljevek, en Croatie,<\/p>\n\n\n\n<p class=\"has-montserrat-font-family\" style=\"line-height:1.2\">Rudolf Steiner est devenu un intellectuel respect\u00e9 et tr\u00e8s publi\u00e9 dans les domaines scientifique, litt\u00e9raire et philosophique ; il est notamment c\u00e9l\u00e8bre pour son travail sur les \u00e9crits scientifiques de Goethe.<\/p>\n<\/div>\n<\/div>\n\n\n\n<div style=\"height:5px\" aria-hidden=\"true\" class=\"wp-block-spacer\"><\/div>\n\n\n\n<figure class=\"wp-block-image size-full has-custom-border is-style-rounded is-style-rounded--1\"><img loading=\"lazy\" decoding=\"async\" width=\"700\" height=\"464\" src=\"http:\/\/waldorfschoul.roomtrix.de\/wp-content\/uploads\/2024\/12\/steiner.jpg\" alt=\"Rudolf Steiner\" class=\"wp-image-1489\" style=\"border-radius:11px\" srcset=\"https:\/\/waldorfschoul.roomtrix.de\/wp-content\/uploads\/2024\/12\/steiner.jpg 700w, https:\/\/waldorfschoul.roomtrix.de\/wp-content\/uploads\/2024\/12\/steiner-300x199.jpg 300w\" sizes=\"auto, (max-width: 700px) 100vw, 700px\" \/><\/figure>\n<\/div>\n\n\n\n<p>Au d\u00e9but du si\u00e8cle dernier, il a commenc\u00e9 \u00e0 traduire ses principes philosophiques en une recherche m\u00e9thodique des ph\u00e9nom\u00e8nes spirituels psychologiques.<br>Son g\u00e9nie aux nombreuses facettes a produit des approches innovantes et holistiques de la m\u00e9decine, des sciences, de l\u2019\u00e9ducation (\u00e9coles Waldorf, p\u00e9dagogie sp\u00e9ciale, philosophie, religion, \u00e9conomie, agriculture (m\u00e9thode biodynamique), architecture, th\u00e9\u00e2tre, le nouvel art de l\u2019eurythmie, et d\u2019autres domaines.<\/p>\n\n\n\n<p>En 1925, il a fond\u00e9 la Soci\u00e9t\u00e9 Anthroposophique G\u00e9n\u00e9rale, qui a des relais aujourd\u2019hui dans le monde entier.<\/p>\n\n\n\n<p>Il est mort en Suisse le 30 mars 1925.<\/p>\n\n\n\n<div style=\"height:100px\" aria-hidden=\"true\" class=\"wp-block-spacer\"><\/div>\n","protected":false},"excerpt":{"rendered":"<p>N\u00e9 le 27 f\u00e9vrier 1861 \u00e0 Donji Kraljevek, en Croatie, Rudolf Steiner est devenu un intellectuel respect\u00e9 et tr\u00e8s publi\u00e9 dans les domaines scientifique, litt\u00e9raire et philosophique ; il est notamment c\u00e9l\u00e8bre pour son travail sur les \u00e9crits scientifiques de Goethe. Au d\u00e9but du si\u00e8cle dernier, il a commenc\u00e9 \u00e0 traduire ses principes philosophiques en [&hellip;]<\/p>\n","protected":false},"author":1,"featured_media":0,"parent":0,"menu_order":0,"comment_status":"closed","ping_status":"closed","template":"","meta":{"footnotes":""},"class_list":["post-2033","page","type-page","status-publish","hentry"],"_links":{"self":[{"href":"https:\/\/waldorfschoul.roomtrix.de\/fr\/wp-json\/wp\/v2\/pages\/2033","targetHints":{"allow":["GET"]}}],"collection":[{"href":"https:\/\/waldorfschoul.roomtrix.de\/fr\/wp-json\/wp\/v2\/pages"}],"about":[{"href":"https:\/\/waldorfschoul.roomtrix.de\/fr\/wp-json\/wp\/v2\/types\/page"}],"author":[{"embeddable":true,"href":"https:\/\/waldorfschoul.roomtrix.de\/fr\/wp-json\/wp\/v2\/users\/1"}],"replies":[{"embeddable":true,"href":"https:\/\/waldorfschoul.roomtrix.de\/fr\/wp-json\/wp\/v2\/comments?post=2033"}],"version-history":[{"count":1,"href":"https:\/\/waldorfschoul.roomtrix.de\/fr\/wp-json\/wp\/v2\/pages\/2033\/revisions"}],"predecessor-version":[{"id":2034,"href":"https:\/\/waldorfschoul.roomtrix.de\/fr\/wp-json\/wp\/v2\/pages\/2033\/revisions\/2034"}],"wp:attachment":[{"href":"https:\/\/waldorfschoul.roomtrix.de\/fr\/wp-json\/wp\/v2\/media?parent=2033"}],"curies":[{"name":"wp","href":"https:\/\/api.w.org\/{rel}","templated":true}]}}