{"id":1986,"date":"2024-11-14T10:23:35","date_gmt":"2024-11-14T09:23:35","guid":{"rendered":"https:\/\/waldorfschoul.roomtrix.de\/?page_id=1986"},"modified":"2025-08-18T17:15:36","modified_gmt":"2025-08-18T15:15:36","slug":"revues-de-presse","status":"publish","type":"page","link":"https:\/\/waldorfschoul.roomtrix.de\/fr\/revues-de-presse\/","title":{"rendered":"Revues de presse"},"content":{"rendered":"\n<div style=\"height:22px\" aria-hidden=\"true\" class=\"wp-block-spacer\"><\/div>\n\n\n\n<div class=\"wp-block-kadence-accordion alignwide accordion1\"><div class=\"kt-accordion-wrap kt-accordion-id1986_4b8564-b3 kt-accordion-has-15-panes kt-active-pane-0 kt-accordion-block kt-pane-header-alignment-left kt-accodion-icon-style-basiccircle kt-accodion-icon-side-left\" style=\"max-width:none\"><div class=\"kt-accordion-inner-wrap\" data-allow-multiple-open=\"false\" data-start-open=\"none\">\n<div class=\"wp-block-kadence-pane kt-accordion-pane kt-accordion-pane-1 kt-pane1986_da454a-84\"><h2 class=\"kt-accordion-header-wrap\"><button class=\"kt-blocks-accordion-header kt-acccordion-button-label-show\" type=\"button\"><span class=\"kt-blocks-accordion-title-wrap\"><span class=\"kt-blocks-accordion-title\">RTL RADIO 20. Dezember 2020<\/span><\/span><span class=\"kt-blocks-accordion-icon-trigger\"><\/span><\/button><\/h2><div class=\"kt-accordion-panel kt-accordion-panel-hidden\"><div class=\"kt-accordion-panel-inner\">\n<p><a href=\"https:\/\/www.rtl.lu\/kultur\/news\/a\/1633215.html\" data-type=\"link\" data-id=\"https:\/\/www.rtl.lu\/kultur\/news\/a\/1633215.html\" target=\"_blank\" rel=\"noreferrer noopener\"><mark style=\"background-color:rgba(0, 0, 0, 0)\" class=\"has-inline-color has-custom-color-9-color\">klicken Sie hier f\u00fcr die Radiosendung: https:\/\/www.rtl.lu\/kultur\/news\/a\/1633215.html<\/mark><\/a><\/p>\n\n\n\n<div style=\"height:33px\" aria-hidden=\"true\" class=\"wp-block-spacer\"><\/div>\n\n\n\n<figure class=\"wp-block-image size-large\"><img loading=\"lazy\" decoding=\"async\" width=\"1024\" height=\"398\" src=\"http:\/\/waldorfschoul.roomtrix.de\/wp-content\/uploads\/2024\/12\/Die_Zauberflte_als_Hrspiel2-1024x398.png\" alt=\"\" class=\"wp-image-1749\" srcset=\"https:\/\/waldorfschoul.roomtrix.de\/wp-content\/uploads\/2024\/12\/Die_Zauberflte_als_Hrspiel2-1024x398.png 1024w, https:\/\/waldorfschoul.roomtrix.de\/wp-content\/uploads\/2024\/12\/Die_Zauberflte_als_Hrspiel2-300x117.png 300w, https:\/\/waldorfschoul.roomtrix.de\/wp-content\/uploads\/2024\/12\/Die_Zauberflte_als_Hrspiel2-768x299.png 768w, https:\/\/waldorfschoul.roomtrix.de\/wp-content\/uploads\/2024\/12\/Die_Zauberflte_als_Hrspiel2.png 1455w\" sizes=\"auto, (max-width: 1024px) 100vw, 1024px\" \/><\/figure>\n<\/div><\/div><\/div>\n\n\n\n<div class=\"wp-block-kadence-pane kt-accordion-pane kt-accordion-pane-2 kt-pane1986_7f81fb-a1\"><h2 class=\"kt-accordion-header-wrap\"><button class=\"kt-blocks-accordion-header kt-acccordion-button-label-show\" type=\"button\"><span class=\"kt-blocks-accordion-title-wrap\"><span class=\"kt-blocks-accordion-title\">Radio 100,7 Dezember 2020<\/span><\/span><span class=\"kt-blocks-accordion-icon-trigger\"><\/span><\/button><\/h2><div class=\"kt-accordion-panel kt-accordion-panel-hidden\"><div class=\"kt-accordion-panel-inner\">\n<h3 class=\"wp-block-heading\"><strong>D&rsquo;Zauberfl\u00f6te als H\u00e9ierspill<\/strong><\/h3>\n\n\n\n<p>17. Dez 2020 &#8211; 09:15<\/p>\n\n\n\n<p>Dem Mozart seng Oper \u00ab\u00a0Die Zauberfl\u00f6te\u00a0\u00bb hat vun der Uropf\u00e9ierung un enorme Succ\u00e8s. Dat h\u00e4nkt engers\u00e4its un de ville flotte&nbsp;Melodien, anerers\u00e4its awer och un der Geschicht &#8211; e M\u00e4rchen \u00ebm L\u00e9ift an d&rsquo;Erwuesse ginn. Dat ass awer just een Aspekt vun de villschichtegen Deitunge&nbsp;vun der \u00ab\u00a0Zauberfl\u00f6te\u00a0\u00bb, d\u00e9i op der Opereb\u00fcn meeschtens als grouss L\u00e9ier iwwer Humanismus inzen\u00e9iert&nbsp;g\u00ebtt. <\/p>\n\n\n\n<figure class=\"wp-block-image size-full\"><img loading=\"lazy\" decoding=\"async\" width=\"820\" height=\"456\" src=\"http:\/\/waldorfschoul.roomtrix.de\/wp-content\/uploads\/2024\/12\/thumb_121515_default_big.jpeg\" alt=\"\" class=\"wp-image-1753\" srcset=\"https:\/\/waldorfschoul.roomtrix.de\/wp-content\/uploads\/2024\/12\/thumb_121515_default_big.jpeg 820w, https:\/\/waldorfschoul.roomtrix.de\/wp-content\/uploads\/2024\/12\/thumb_121515_default_big-300x167.jpeg 300w, https:\/\/waldorfschoul.roomtrix.de\/wp-content\/uploads\/2024\/12\/thumb_121515_default_big-768x427.jpeg 768w\" sizes=\"auto, (max-width: 820px) 100vw, 820px\" \/><\/figure>\n\n\n\n<p>D&rsquo;6. Schouljoer vun der Waldorfschoul huet \u00ab\u00a0Zauberfl\u00f6te\u00a0\u00bb elo als H\u00e9ierspill&nbsp;an der Fassung vum Schw\u00e4izer Auteur Jakob Streit erausbruecht. De Guy Engels huet sech mat der Initiatrice vum Projet, der Marie-Paule Ries, an der Actrice Nora Koenig, d\u00e9i d&rsquo;Erzielerin ass, \u00ebnnerhalen.<\/p>\n\n\n\n<p><a href=\"https:\/\/www.100komma7.lu\/program\/episode\/328655\/2032012161414-202012161420\">https:\/\/www.100komma7.lu\/program\/episode\/328655\/2032012161414-202012161420<\/a><\/p>\n\n\n\n<p><a href=\"https:\/\/www.100komma7.lu\/podcast\/328655\" target=\"_blank\" rel=\"noreferrer noopener\">Aufnahme der Radiosendung: https:\/\/www.100komma7.lu\/podcast\/328655<\/a><\/p>\n<\/div><\/div><\/div>\n\n\n\n<div class=\"wp-block-kadence-pane kt-accordion-pane kt-accordion-pane-3 kt-pane1986_d9608e-91\"><h2 class=\"kt-accordion-header-wrap\"><button class=\"kt-blocks-accordion-header kt-acccordion-button-label-show\" type=\"button\"><span class=\"kt-blocks-accordion-title-wrap\"><span class=\"kt-blocks-accordion-title\">Land 7. Februar 2020<\/span><\/span><span class=\"kt-blocks-accordion-icon-trigger\"><\/span><\/button><\/h2><div class=\"kt-accordion-panel kt-accordion-panel-hidden\"><div class=\"kt-accordion-panel-inner\">\n<div data-wp-interactive=\"core\/file\" class=\"wp-block-file\"><object data-wp-bind--hidden=\"!state.hasPdfPreview\" hidden class=\"wp-block-file__embed\" data=\"http:\/\/waldorfschoul.roomtrix.de\/wp-content\/uploads\/2024\/12\/Land_Waldorf.pdf\" type=\"application\/pdf\" style=\"width:100%;height:600px\" aria-label=\"Contenu embarqu\u00e9 PDF gro\u00df anzeigen.\"><\/object><a id=\"wp-block-file--media-3eb62ac4-f1b6-41c9-80af-08ea5c34c25e\" href=\"http:\/\/waldorfschoul.roomtrix.de\/wp-content\/uploads\/2024\/12\/Land_Waldorf.pdf\" target=\"_blank\" rel=\"noreferrer noopener\">PDF gro\u00df anzeigen<\/a><\/div>\n<\/div><\/div><\/div>\n\n\n\n<div class=\"wp-block-kadence-pane kt-accordion-pane kt-accordion-pane-7 kt-pane1986_6a165f-06\"><h2 class=\"kt-accordion-header-wrap\"><button class=\"kt-blocks-accordion-header kt-acccordion-button-label-show\" type=\"button\"><span class=\"kt-blocks-accordion-title-wrap\"><span class=\"kt-blocks-accordion-title\">Radio 100,7 Oktober 2019<\/span><\/span><span class=\"kt-blocks-accordion-icon-trigger\"><\/span><\/button><\/h2><div class=\"kt-accordion-panel kt-accordion-panel-hidden\"><div class=\"kt-accordion-panel-inner\">\n<div data-wp-interactive=\"core\/file\" class=\"wp-block-file\"><object data-wp-bind--hidden=\"!state.hasPdfPreview\" hidden class=\"wp-block-file__embed\" data=\"http:\/\/waldorfschoul.roomtrix.de\/wp-content\/uploads\/2024\/12\/Fillen_experimentieren_beobachten___radio_1007.pdf\" type=\"application\/pdf\" style=\"width:100%;height:600px\" aria-label=\"Contenu embarqu\u00e9 PDF gro\u00df anzeigen.\"><\/object><a id=\"wp-block-file--media-d8ee340e-f421-4f0b-9c8e-1187e20b0970\" href=\"http:\/\/waldorfschoul.roomtrix.de\/wp-content\/uploads\/2024\/12\/Fillen_experimentieren_beobachten___radio_1007.pdf\" target=\"_blank\" rel=\"noreferrer noopener\">PDF gro\u00df anzeigen<\/a><\/div>\n<\/div><\/div><\/div>\n\n\n\n<div class=\"wp-block-kadence-pane kt-accordion-pane kt-accordion-pane-12 kt-pane1986_06ebd2-24\"><h2 class=\"kt-accordion-header-wrap\"><button class=\"kt-blocks-accordion-header kt-acccordion-button-label-show\" type=\"button\"><span class=\"kt-blocks-accordion-title-wrap\"><span class=\"kt-blocks-accordion-title\">Fondation EME Magazine Dezember 2018<\/span><\/span><span class=\"kt-blocks-accordion-icon-trigger\"><\/span><\/button><\/h2><div class=\"kt-accordion-panel kt-accordion-panel-hidden\"><div class=\"kt-accordion-panel-inner\">\n<div data-wp-interactive=\"core\/file\" class=\"wp-block-file\"><object data-wp-bind--hidden=\"!state.hasPdfPreview\" hidden class=\"wp-block-file__embed\" data=\"http:\/\/waldorfschoul.roomtrix.de\/wp-content\/uploads\/2024\/12\/Article_Fondatino_Eme_December_2018.pdf\" type=\"application\/pdf\" style=\"width:100%;height:600px\" aria-label=\"Contenu embarqu\u00e9 PDF gro\u00df anzeigen.\"><\/object><a id=\"wp-block-file--media-e1e4d0d7-fa67-4a5a-b356-9a77773cc4e2\" href=\"http:\/\/waldorfschoul.roomtrix.de\/wp-content\/uploads\/2024\/12\/Article_Fondatino_Eme_December_2018.pdf\" target=\"_blank\" rel=\"noreferrer noopener\">PDF gro\u00df anzeigen<\/a><\/div>\n<\/div><\/div><\/div>\n\n\n\n<div class=\"wp-block-kadence-pane kt-accordion-pane kt-accordion-pane-13 kt-pane1986_e00a4c-fb\"><h2 class=\"kt-accordion-header-wrap\"><button class=\"kt-blocks-accordion-header kt-acccordion-button-label-show\" type=\"button\"><span class=\"kt-blocks-accordion-title-wrap\"><span class=\"kt-blocks-accordion-title\">Luxemburger Wort 11.07.2018<\/span><\/span><span class=\"kt-blocks-accordion-icon-trigger\"><\/span><\/button><\/h2><div class=\"kt-accordion-panel kt-accordion-panel-hidden\"><div class=\"kt-accordion-panel-inner\">\n<div data-wp-interactive=\"core\/file\" class=\"wp-block-file\"><object data-wp-bind--hidden=\"!state.hasPdfPreview\" hidden class=\"wp-block-file__embed\" data=\"http:\/\/waldorfschoul.roomtrix.de\/wp-content\/uploads\/2024\/12\/ADV_Waldorf_18-07-11.pdf\" type=\"application\/pdf\" style=\"width:100%;height:600px\" aria-label=\"Contenu embarqu\u00e9 PDF gro\u00df anzeigen.\"><\/object><a id=\"wp-block-file--media-5db40c30-335d-49d0-b1f0-87c841cf1a92\" href=\"http:\/\/waldorfschoul.roomtrix.de\/wp-content\/uploads\/2024\/12\/ADV_Waldorf_18-07-11.pdf\" target=\"_blank\" rel=\"noreferrer noopener\">PDF gro\u00df anzeigen<\/a><\/div>\n<\/div><\/div><\/div>\n\n\n\n<div class=\"wp-block-kadence-pane kt-accordion-pane kt-accordion-pane-14 kt-pane1986_a057e3-ae\"><h2 class=\"kt-accordion-header-wrap\"><button class=\"kt-blocks-accordion-header kt-acccordion-button-label-show\" type=\"button\"><span class=\"kt-blocks-accordion-title-wrap\"><span class=\"kt-blocks-accordion-title\">My Wort 13.07.2018<\/span><\/span><span class=\"kt-blocks-accordion-icon-trigger\"><\/span><\/button><\/h2><div class=\"kt-accordion-panel kt-accordion-panel-hidden\"><div class=\"kt-accordion-panel-inner\">\n<div data-wp-interactive=\"core\/file\" class=\"wp-block-file\"><object data-wp-bind--hidden=\"!state.hasPdfPreview\" hidden class=\"wp-block-file__embed\" data=\"http:\/\/waldorfschoul.roomtrix.de\/wp-content\/uploads\/2024\/12\/Von-wegen-fade-Alte-und-gelangweiligte-Junge_13_07_2018_LW.pdf\" type=\"application\/pdf\" style=\"width:100%;height:600px\" aria-label=\"Contenu embarqu\u00e9 PDF gro\u00df anzeigen.\"><\/object><a id=\"wp-block-file--media-91c637ae-668b-4600-b63a-eac414b45704\" href=\"http:\/\/waldorfschoul.roomtrix.de\/wp-content\/uploads\/2024\/12\/Von-wegen-fade-Alte-und-gelangweiligte-Junge_13_07_2018_LW.pdf\" target=\"_blank\" rel=\"noreferrer noopener\">PDF gro\u00df anzeigen<\/a><\/div>\n<\/div><\/div><\/div>\n\n\n\n<div class=\"wp-block-kadence-pane kt-accordion-pane kt-accordion-pane-15 kt-pane1986_7b9fdd-00\"><h2 class=\"kt-accordion-header-wrap\"><button class=\"kt-blocks-accordion-header kt-acccordion-button-label-show\" type=\"button\"><span class=\"kt-blocks-accordion-title-wrap\"><span class=\"kt-blocks-accordion-title\">T\u00e9l\u00e9cran 15.06.2017<\/span><\/span><span class=\"kt-blocks-accordion-icon-trigger\"><\/span><\/button><\/h2><div class=\"kt-accordion-panel kt-accordion-panel-hidden\"><div class=\"kt-accordion-panel-inner\">\n<div data-wp-interactive=\"core\/file\" class=\"wp-block-file\"><object data-wp-bind--hidden=\"!state.hasPdfPreview\" hidden class=\"wp-block-file__embed\" data=\"http:\/\/waldorfschoul.roomtrix.de\/wp-content\/uploads\/2024\/12\/TC24_022-025_Leben_Schulmodelle2_Waldorf.pdf\" type=\"application\/pdf\" style=\"width:100%;height:600px\" aria-label=\"Contenu embarqu\u00e9 PDF gro\u00df anzeigen.\"><\/object><a id=\"wp-block-file--media-fc5c75d8-cbe0-49c2-a7b1-c346d1505703\" href=\"http:\/\/waldorfschoul.roomtrix.de\/wp-content\/uploads\/2024\/12\/TC24_022-025_Leben_Schulmodelle2_Waldorf.pdf\" target=\"_blank\" rel=\"noreferrer noopener\">PDF gro\u00df anzeigen<\/a><\/div>\n<\/div><\/div><\/div>\n\n\n\n<div class=\"wp-block-kadence-pane kt-accordion-pane kt-accordion-pane-15 kt-pane1986_2d20d7-93\"><h2 class=\"kt-accordion-header-wrap\"><button class=\"kt-blocks-accordion-header kt-acccordion-button-label-show\" type=\"button\"><span class=\"kt-blocks-accordion-title-wrap\"><span class=\"kt-blocks-accordion-title\">My Wort 4.4.2017<\/span><\/span><span class=\"kt-blocks-accordion-icon-trigger\"><\/span><\/button><\/h2><div class=\"kt-accordion-panel kt-accordion-panel-hidden\"><div class=\"kt-accordion-panel-inner\">\n<figure class=\"wp-block-image size-large\"><img loading=\"lazy\" decoding=\"async\" width=\"1024\" height=\"724\" src=\"http:\/\/waldorfschoul.roomtrix.de\/wp-content\/uploads\/2024\/12\/presse-7-1024x724.jpg\" alt=\"\" class=\"wp-image-1722\" srcset=\"https:\/\/waldorfschoul.roomtrix.de\/wp-content\/uploads\/2024\/12\/presse-7-1024x724.jpg 1024w, https:\/\/waldorfschoul.roomtrix.de\/wp-content\/uploads\/2024\/12\/presse-7-300x212.jpg 300w, https:\/\/waldorfschoul.roomtrix.de\/wp-content\/uploads\/2024\/12\/presse-7-768x543.jpg 768w, https:\/\/waldorfschoul.roomtrix.de\/wp-content\/uploads\/2024\/12\/presse-7-1536x1086.jpg 1536w, https:\/\/waldorfschoul.roomtrix.de\/wp-content\/uploads\/2024\/12\/presse-7-2048x1448.jpg 2048w\" sizes=\"auto, (max-width: 1024px) 100vw, 1024px\" \/><\/figure>\n<\/div><\/div><\/div>\n\n\n\n<div class=\"wp-block-kadence-pane kt-accordion-pane kt-accordion-pane-15 kt-pane1986_edf790-ba\"><h2 class=\"kt-accordion-header-wrap\"><button class=\"kt-blocks-accordion-header kt-acccordion-button-label-show\" type=\"button\"><span class=\"kt-blocks-accordion-title-wrap\"><span class=\"kt-blocks-accordion-title\">L\u00ebtzebuerger Journal 16.01.2016<\/span><\/span><span class=\"kt-blocks-accordion-icon-trigger\"><\/span><\/button><\/h2><div class=\"kt-accordion-panel kt-accordion-panel-hidden\"><div class=\"kt-accordion-panel-inner\">\n<div data-wp-interactive=\"core\/file\" class=\"wp-block-file\"><object data-wp-bind--hidden=\"!state.hasPdfPreview\" hidden class=\"wp-block-file__embed\" data=\"http:\/\/waldorfschoul.roomtrix.de\/wp-content\/uploads\/2024\/12\/Journal-16.01.2016.pdf\" type=\"application\/pdf\" style=\"width:100%;height:600px\" aria-label=\"Contenu embarqu\u00e9 PDF gro\u00df anzeigen.\"><\/object><a id=\"wp-block-file--media-16419b0d-18d2-4cd7-9da9-16fc29e13e37\" href=\"http:\/\/waldorfschoul.roomtrix.de\/wp-content\/uploads\/2024\/12\/Journal-16.01.2016.pdf\" target=\"_blank\" rel=\"noreferrer noopener\">PDF gro\u00df anzeigen<\/a><\/div>\n<\/div><\/div><\/div>\n\n\n\n<div class=\"wp-block-kadence-pane kt-accordion-pane kt-accordion-pane-15 kt-pane1986_21194d-c5\"><h2 class=\"kt-accordion-header-wrap\"><button class=\"kt-blocks-accordion-header kt-acccordion-button-label-show\" type=\"button\"><span class=\"kt-blocks-accordion-title-wrap\"><span class=\"kt-blocks-accordion-title\">Tageblatt 16.05.2013<\/span><\/span><span class=\"kt-blocks-accordion-icon-trigger\"><\/span><\/button><\/h2><div class=\"kt-accordion-panel kt-accordion-panel-hidden\"><div class=\"kt-accordion-panel-inner\">\n<figure class=\"wp-block-image size-large\"><img loading=\"lazy\" decoding=\"async\" width=\"1024\" height=\"724\" src=\"http:\/\/waldorfschoul.roomtrix.de\/wp-content\/uploads\/2024\/12\/presse-6-1024x724.jpg\" alt=\"\" class=\"wp-image-1711\" srcset=\"https:\/\/waldorfschoul.roomtrix.de\/wp-content\/uploads\/2024\/12\/presse-6-1024x724.jpg 1024w, https:\/\/waldorfschoul.roomtrix.de\/wp-content\/uploads\/2024\/12\/presse-6-300x212.jpg 300w, https:\/\/waldorfschoul.roomtrix.de\/wp-content\/uploads\/2024\/12\/presse-6-768x543.jpg 768w, https:\/\/waldorfschoul.roomtrix.de\/wp-content\/uploads\/2024\/12\/presse-6-1536x1086.jpg 1536w, https:\/\/waldorfschoul.roomtrix.de\/wp-content\/uploads\/2024\/12\/presse-6-2048x1448.jpg 2048w\" sizes=\"auto, (max-width: 1024px) 100vw, 1024px\" \/><\/figure>\n<\/div><\/div><\/div>\n\n\n\n<div class=\"wp-block-kadence-pane kt-accordion-pane kt-accordion-pane-15 kt-pane1986_4ae881-1a\"><h2 class=\"kt-accordion-header-wrap\"><button class=\"kt-blocks-accordion-header kt-acccordion-button-label-show\" type=\"button\"><span class=\"kt-blocks-accordion-title-wrap\"><span class=\"kt-blocks-accordion-title\">L\u00ebtzebuerger Wort 21.04.2012<\/span><\/span><span class=\"kt-blocks-accordion-icon-trigger\"><\/span><\/button><\/h2><div class=\"kt-accordion-panel kt-accordion-panel-hidden\"><div class=\"kt-accordion-panel-inner\">\n<figure class=\"wp-block-image size-large\"><img loading=\"lazy\" decoding=\"async\" width=\"723\" height=\"1024\" src=\"http:\/\/waldorfschoul.roomtrix.de\/wp-content\/uploads\/2024\/12\/presse-5-723x1024.jpg\" alt=\"\" class=\"wp-image-1708\" srcset=\"https:\/\/waldorfschoul.roomtrix.de\/wp-content\/uploads\/2024\/12\/presse-5-723x1024.jpg 723w, https:\/\/waldorfschoul.roomtrix.de\/wp-content\/uploads\/2024\/12\/presse-5-212x300.jpg 212w, https:\/\/waldorfschoul.roomtrix.de\/wp-content\/uploads\/2024\/12\/presse-5-768x1087.jpg 768w, https:\/\/waldorfschoul.roomtrix.de\/wp-content\/uploads\/2024\/12\/presse-5-1085x1536.jpg 1085w, https:\/\/waldorfschoul.roomtrix.de\/wp-content\/uploads\/2024\/12\/presse-5-1447x2048.jpg 1447w, https:\/\/waldorfschoul.roomtrix.de\/wp-content\/uploads\/2024\/12\/presse-5-scaled.jpg 1808w\" sizes=\"auto, (max-width: 723px) 100vw, 723px\" \/><\/figure>\n<\/div><\/div><\/div>\n\n\n\n<div class=\"wp-block-kadence-pane kt-accordion-pane kt-accordion-pane-11 kt-pane1986_920ecd-39\"><h2 class=\"kt-accordion-header-wrap\"><button class=\"kt-blocks-accordion-header kt-acccordion-button-label-show\" type=\"button\"><span class=\"kt-blocks-accordion-title-wrap\"><span class=\"kt-blocks-accordion-title\">Luxemburger Wort 27.01.2011<\/span><\/span><span class=\"kt-blocks-accordion-icon-trigger\"><\/span><\/button><\/h2><div class=\"kt-accordion-panel kt-accordion-panel-hidden\"><div class=\"kt-accordion-panel-inner\">\n<figure class=\"wp-block-image size-large\"><img loading=\"lazy\" decoding=\"async\" width=\"712\" height=\"1024\" src=\"http:\/\/waldorfschoul.roomtrix.de\/wp-content\/uploads\/2024\/12\/presse-4-712x1024.jpg\" alt=\"\" class=\"wp-image-1705\" srcset=\"https:\/\/waldorfschoul.roomtrix.de\/wp-content\/uploads\/2024\/12\/presse-4-712x1024.jpg 712w, https:\/\/waldorfschoul.roomtrix.de\/wp-content\/uploads\/2024\/12\/presse-4-209x300.jpg 209w, https:\/\/waldorfschoul.roomtrix.de\/wp-content\/uploads\/2024\/12\/presse-4-768x1104.jpg 768w, https:\/\/waldorfschoul.roomtrix.de\/wp-content\/uploads\/2024\/12\/presse-4-1068x1536.jpg 1068w, https:\/\/waldorfschoul.roomtrix.de\/wp-content\/uploads\/2024\/12\/presse-4-1424x2048.jpg 1424w, https:\/\/waldorfschoul.roomtrix.de\/wp-content\/uploads\/2024\/12\/presse-4-scaled.jpg 1780w\" sizes=\"auto, (max-width: 712px) 100vw, 712px\" \/><\/figure>\n<\/div><\/div><\/div>\n\n\n\n<div class=\"wp-block-kadence-pane kt-accordion-pane kt-accordion-pane-15 kt-pane1986_5e9aa8-39\"><h2 class=\"kt-accordion-header-wrap\"><button class=\"kt-blocks-accordion-header kt-acccordion-button-label-show\" type=\"button\"><span class=\"kt-blocks-accordion-title-wrap\"><span class=\"kt-blocks-accordion-title\">Luxemburger Wort 4.4.2011<\/span><\/span><span class=\"kt-blocks-accordion-icon-trigger\"><\/span><\/button><\/h2><div class=\"kt-accordion-panel kt-accordion-panel-hidden\"><div class=\"kt-accordion-panel-inner\">\n<figure class=\"wp-block-image size-large\"><img loading=\"lazy\" decoding=\"async\" width=\"933\" height=\"1024\" src=\"http:\/\/waldorfschoul.roomtrix.de\/wp-content\/uploads\/2024\/12\/presse-3-933x1024.jpg\" alt=\"\" class=\"wp-image-1702\" srcset=\"https:\/\/waldorfschoul.roomtrix.de\/wp-content\/uploads\/2024\/12\/presse-3-933x1024.jpg 933w, https:\/\/waldorfschoul.roomtrix.de\/wp-content\/uploads\/2024\/12\/presse-3-273x300.jpg 273w, https:\/\/waldorfschoul.roomtrix.de\/wp-content\/uploads\/2024\/12\/presse-3-768x843.jpg 768w, https:\/\/waldorfschoul.roomtrix.de\/wp-content\/uploads\/2024\/12\/presse-3.jpg 1298w\" sizes=\"auto, (max-width: 933px) 100vw, 933px\" \/><\/figure>\n<\/div><\/div><\/div>\n\n\n\n<div class=\"wp-block-kadence-pane kt-accordion-pane kt-accordion-pane-15 kt-pane1986_6ba9b4-84\"><h2 class=\"kt-accordion-header-wrap\"><button class=\"kt-blocks-accordion-header kt-acccordion-button-label-show\" type=\"button\"><span class=\"kt-blocks-accordion-title-wrap\"><span class=\"kt-blocks-accordion-title\">Luxemburger Wort 7.4.2011<\/span><\/span><span class=\"kt-blocks-accordion-icon-trigger\"><\/span><\/button><\/h2><div class=\"kt-accordion-panel kt-accordion-panel-hidden\"><div class=\"kt-accordion-panel-inner\">\n<figure class=\"wp-block-image size-large\"><img loading=\"lazy\" decoding=\"async\" width=\"712\" height=\"1024\" src=\"http:\/\/waldorfschoul.roomtrix.de\/wp-content\/uploads\/2024\/12\/presse-2-712x1024.jpg\" alt=\"\" class=\"wp-image-1699\" srcset=\"https:\/\/waldorfschoul.roomtrix.de\/wp-content\/uploads\/2024\/12\/presse-2-712x1024.jpg 712w, https:\/\/waldorfschoul.roomtrix.de\/wp-content\/uploads\/2024\/12\/presse-2-209x300.jpg 209w, https:\/\/waldorfschoul.roomtrix.de\/wp-content\/uploads\/2024\/12\/presse-2-768x1105.jpg 768w, https:\/\/waldorfschoul.roomtrix.de\/wp-content\/uploads\/2024\/12\/presse-2-1068x1536.jpg 1068w, https:\/\/waldorfschoul.roomtrix.de\/wp-content\/uploads\/2024\/12\/presse-2-1424x2048.jpg 1424w, https:\/\/waldorfschoul.roomtrix.de\/wp-content\/uploads\/2024\/12\/presse-2-scaled.jpg 1780w\" sizes=\"auto, (max-width: 712px) 100vw, 712px\" \/><\/figure>\n<\/div><\/div><\/div>\n\n\n\n<div class=\"wp-block-kadence-pane kt-accordion-pane kt-accordion-pane-15 kt-pane1986_855dac-2c\"><h2 class=\"kt-accordion-header-wrap\"><button class=\"kt-blocks-accordion-header kt-acccordion-button-label-show\" type=\"button\"><span class=\"kt-blocks-accordion-title-wrap\"><span class=\"kt-blocks-accordion-title\">Luxemburger Wort 18.6.2011<\/span><\/span><span class=\"kt-blocks-accordion-icon-trigger\"><\/span><\/button><\/h2><div class=\"kt-accordion-panel kt-accordion-panel-hidden\"><div class=\"kt-accordion-panel-inner\">\n<figure class=\"wp-block-image size-large\"><img loading=\"lazy\" decoding=\"async\" width=\"707\" height=\"1024\" src=\"http:\/\/waldorfschoul.roomtrix.de\/wp-content\/uploads\/2024\/12\/presse-1-707x1024.jpg\" alt=\"\" class=\"wp-image-1696\" srcset=\"https:\/\/waldorfschoul.roomtrix.de\/wp-content\/uploads\/2024\/12\/presse-1-707x1024.jpg 707w, https:\/\/waldorfschoul.roomtrix.de\/wp-content\/uploads\/2024\/12\/presse-1-207x300.jpg 207w, https:\/\/waldorfschoul.roomtrix.de\/wp-content\/uploads\/2024\/12\/presse-1-768x1112.jpg 768w, https:\/\/waldorfschoul.roomtrix.de\/wp-content\/uploads\/2024\/12\/presse-1-1061x1536.jpg 1061w, https:\/\/waldorfschoul.roomtrix.de\/wp-content\/uploads\/2024\/12\/presse-1-1415x2048.jpg 1415w, https:\/\/waldorfschoul.roomtrix.de\/wp-content\/uploads\/2024\/12\/presse-1.jpg 1684w\" sizes=\"auto, (max-width: 707px) 100vw, 707px\" \/><\/figure>\n<\/div><\/div><\/div>\n<\/div><\/div><\/div>\n\n\n\n<div style=\"height:100px\" aria-hidden=\"true\" class=\"wp-block-spacer\"><\/div>\n","protected":false},"excerpt":{"rendered":"","protected":false},"author":1,"featured_media":0,"parent":0,"menu_order":0,"comment_status":"closed","ping_status":"closed","template":"","meta":{"footnotes":""},"class_list":["post-1986","page","type-page","status-publish","hentry"],"_links":{"self":[{"href":"https:\/\/waldorfschoul.roomtrix.de\/fr\/wp-json\/wp\/v2\/pages\/1986","targetHints":{"allow":["GET"]}}],"collection":[{"href":"https:\/\/waldorfschoul.roomtrix.de\/fr\/wp-json\/wp\/v2\/pages"}],"about":[{"href":"https:\/\/waldorfschoul.roomtrix.de\/fr\/wp-json\/wp\/v2\/types\/page"}],"author":[{"embeddable":true,"href":"https:\/\/waldorfschoul.roomtrix.de\/fr\/wp-json\/wp\/v2\/users\/1"}],"replies":[{"embeddable":true,"href":"https:\/\/waldorfschoul.roomtrix.de\/fr\/wp-json\/wp\/v2\/comments?post=1986"}],"version-history":[{"count":1,"href":"https:\/\/waldorfschoul.roomtrix.de\/fr\/wp-json\/wp\/v2\/pages\/1986\/revisions"}],"predecessor-version":[{"id":1987,"href":"https:\/\/waldorfschoul.roomtrix.de\/fr\/wp-json\/wp\/v2\/pages\/1986\/revisions\/1987"}],"wp:attachment":[{"href":"https:\/\/waldorfschoul.roomtrix.de\/fr\/wp-json\/wp\/v2\/media?parent=1986"}],"curies":[{"name":"wp","href":"https:\/\/api.w.org\/{rel}","templated":true}]}}