{"id":1978,"date":"2024-11-25T12:23:41","date_gmt":"2024-11-25T11:23:41","guid":{"rendered":"https:\/\/waldorfschoul.roomtrix.de\/?page_id=1978"},"modified":"2025-08-18T17:10:52","modified_gmt":"2025-08-18T15:10:52","slug":"mentions-legales","status":"publish","type":"page","link":"https:\/\/waldorfschoul.roomtrix.de\/fr\/mentions-legales\/","title":{"rendered":"Mentions l\u00e9gales"},"content":{"rendered":"\n<p>Ver\u00e4in fir Waldorfp\u00e4dagogik <a href=\"https:\/\/waldorf.lu\/index.php\/de\/waldorfschoul-letzebuerg\">L\u00ebtzebuerg<\/a> asbl<\/p>\n\n\n\n<p>45, rue de l\u2019Avenir<\/p>\n\n\n\n<p>L-1147 <a href=\"https:\/\/waldorf.lu\/index.php\/de\/ueber-uns\/impressum?id=193:waldorfschoul-letzebuerg\">Luxembourg<\/a><\/p>\n\n\n\n<p>T\u00e9l.&nbsp;: (+352) 46 69 32<\/p>\n\n\n\n<p>Fax : (+352) 22 02 08<\/p>\n\n\n\n<p><a href=\"mailto:waldorf@ecole.lu\">waldorf@ecole.lu<\/a><\/p>\n\n\n\n<p>Pr\u00e9sident: Dr. Michael Schulz<\/p>\n\n\n\n<p><\/p>\n","protected":false},"excerpt":{"rendered":"<p>Ver\u00e4in fir Waldorfp\u00e4dagogik L\u00ebtzebuerg asbl 45, rue de l\u2019Avenir L-1147 Luxembourg T\u00e9l.&nbsp;: (+352) 46 69 32 Fax : (+352) 22 02 08 waldorf@ecole.lu Pr\u00e9sident: Dr. Michael Schulz<\/p>\n","protected":false},"author":1,"featured_media":0,"parent":0,"menu_order":0,"comment_status":"closed","ping_status":"closed","template":"","meta":{"footnotes":""},"class_list":["post-1978","page","type-page","status-publish","hentry"],"_links":{"self":[{"href":"https:\/\/waldorfschoul.roomtrix.de\/fr\/wp-json\/wp\/v2\/pages\/1978","targetHints":{"allow":["GET"]}}],"collection":[{"href":"https:\/\/waldorfschoul.roomtrix.de\/fr\/wp-json\/wp\/v2\/pages"}],"about":[{"href":"https:\/\/waldorfschoul.roomtrix.de\/fr\/wp-json\/wp\/v2\/types\/page"}],"author":[{"embeddable":true,"href":"https:\/\/waldorfschoul.roomtrix.de\/fr\/wp-json\/wp\/v2\/users\/1"}],"replies":[{"embeddable":true,"href":"https:\/\/waldorfschoul.roomtrix.de\/fr\/wp-json\/wp\/v2\/comments?post=1978"}],"version-history":[{"count":2,"href":"https:\/\/waldorfschoul.roomtrix.de\/fr\/wp-json\/wp\/v2\/pages\/1978\/revisions"}],"predecessor-version":[{"id":1982,"href":"https:\/\/waldorfschoul.roomtrix.de\/fr\/wp-json\/wp\/v2\/pages\/1978\/revisions\/1982"}],"wp:attachment":[{"href":"https:\/\/waldorfschoul.roomtrix.de\/fr\/wp-json\/wp\/v2\/media?parent=1978"}],"curies":[{"name":"wp","href":"https:\/\/api.w.org\/{rel}","templated":true}]}}