{"id":1967,"date":"2024-11-15T10:51:36","date_gmt":"2024-11-15T09:51:36","guid":{"rendered":"https:\/\/waldorfschoul.roomtrix.de\/?page_id=1967"},"modified":"2025-08-18T16:24:43","modified_gmt":"2025-08-18T14:24:43","slug":"vacances-scolaires","status":"publish","type":"page","link":"https:\/\/waldorfschoul.roomtrix.de\/fr\/vacances-scolaires\/","title":{"rendered":"Vacances scolaires"},"content":{"rendered":"\n<p>Nos vacances scolaires suivent celles des \u00e9coles \u00e9tatiques, \u00e0 l\u2019exception du cong\u00e9 de Toussaint pour lequel nous avons deux semaines et non une seule.<\/p>\n\n\n\n<figure class=\"wp-block-table\"><table class=\"has-custom-color-9-color has-text-color has-link-color has-fixed-layout\"><thead><tr><th>VACANCES<\/th><th>DEBUT<\/th><th>FIN<\/th><\/tr><\/thead><tbody><tr><td>Vacances d&rsquo;automne<\/td><td>26.10.2020<\/td><td>06.11.2020<\/td><\/tr><tr><td>Vacances de No\u00ebl<\/td><td>21.12.2020<\/td><td>01.01.2021<\/td><\/tr><tr><td>Vacances d&rsquo;hiver<\/td><td>15.02.2021<\/td><td>19.02.2021<\/td><\/tr><tr><td>Vacances de P\u00e2ques<\/td><td>05.04.2021<\/td><td>16.04.2021<\/td><\/tr><tr><td>Pentec\u00f4te<\/td><td>24.05.2021<\/td><td>28.05.2021<\/td><\/tr><tr><td>Vacances d\u2019\u00e9t\u00e9<\/td><td>19.07.2021<\/td><td>10.09.2021<\/td><\/tr><\/tbody><\/table><\/figure>\n\n\n\n<figure class=\"wp-block-table\"><table class=\"has-custom-color-9-color has-text-color has-link-color has-fixed-layout\"><thead><tr><th>JOUR F\u00c9RI\u00c9S<\/th><\/tr><\/thead><tbody><tr><td>1er mai<\/td><td>01.05.2021<\/td><td>Samstag<\/td><\/tr><tr><td>Christi Himmelfahrt<\/td><td>13.05.2021<\/td><td>Donnerstag<\/td><\/tr><tr><td>Ostermontag<\/td><td>05.04.2021<\/td><td>Montag<\/td><\/tr><tr><td>Pfingstmontag<\/td><td>24.06.2021<\/td><td>Lundi<\/td><\/tr><tr><td>Nationalfeiertag<\/td><td>23.06.2021<\/td><td>Mittwoch<\/td><\/tr><\/tbody><\/table><\/figure>\n\n\n\n<p><a href=\"https:\/\/waldorf.lu\/index.php\/de\/ueber-uns\/impressum\"><\/a><\/p>\n","protected":false},"excerpt":{"rendered":"<p>Nos vacances scolaires suivent celles des \u00e9coles \u00e9tatiques, \u00e0 l\u2019exception du cong\u00e9 de Toussaint pour lequel nous avons deux semaines et non une seule. VACANCES DEBUT FIN Vacances d&rsquo;automne 26.10.2020 06.11.2020 Vacances de No\u00ebl 21.12.2020 01.01.2021 Vacances d&rsquo;hiver 15.02.2021 19.02.2021 Vacances de P\u00e2ques 05.04.2021 16.04.2021 Pentec\u00f4te 24.05.2021 28.05.2021 Vacances d\u2019\u00e9t\u00e9 19.07.2021 10.09.2021 JOUR F\u00c9RI\u00c9S 1er [&hellip;]<\/p>\n","protected":false},"author":1,"featured_media":0,"parent":0,"menu_order":0,"comment_status":"closed","ping_status":"closed","template":"","meta":{"footnotes":""},"class_list":["post-1967","page","type-page","status-publish","hentry"],"_links":{"self":[{"href":"https:\/\/waldorfschoul.roomtrix.de\/fr\/wp-json\/wp\/v2\/pages\/1967","targetHints":{"allow":["GET"]}}],"collection":[{"href":"https:\/\/waldorfschoul.roomtrix.de\/fr\/wp-json\/wp\/v2\/pages"}],"about":[{"href":"https:\/\/waldorfschoul.roomtrix.de\/fr\/wp-json\/wp\/v2\/types\/page"}],"author":[{"embeddable":true,"href":"https:\/\/waldorfschoul.roomtrix.de\/fr\/wp-json\/wp\/v2\/users\/1"}],"replies":[{"embeddable":true,"href":"https:\/\/waldorfschoul.roomtrix.de\/fr\/wp-json\/wp\/v2\/comments?post=1967"}],"version-history":[{"count":2,"href":"https:\/\/waldorfschoul.roomtrix.de\/fr\/wp-json\/wp\/v2\/pages\/1967\/revisions"}],"predecessor-version":[{"id":1970,"href":"https:\/\/waldorfschoul.roomtrix.de\/fr\/wp-json\/wp\/v2\/pages\/1967\/revisions\/1970"}],"wp:attachment":[{"href":"https:\/\/waldorfschoul.roomtrix.de\/fr\/wp-json\/wp\/v2\/media?parent=1967"}],"curies":[{"name":"wp","href":"https:\/\/api.w.org\/{rel}","templated":true}]}}