{"id":1965,"date":"2024-11-15T11:06:43","date_gmt":"2024-11-15T10:06:43","guid":{"rendered":"https:\/\/waldorfschoul.roomtrix.de\/?page_id=1965"},"modified":"2025-08-18T12:55:03","modified_gmt":"2025-08-18T10:55:03","slug":"cantine","status":"publish","type":"page","link":"https:\/\/waldorfschoul.roomtrix.de\/fr\/cantine\/","title":{"rendered":"Cantine"},"content":{"rendered":"\n<p>L\u2019\u00e9cole dispose d\u2019une cantine o\u00f9 chacun peut manger la nourriture apport\u00e9e de la maison ou des repas chauds qui peuvent \u00eatre command\u00e9s chaque semaine. L\u2019essentiel des aliments que nous proposons sont bio, locaux et de saison.<\/p>\n\n\n\n<p>La cantine dispose d\u2019une machine \u00e0 caf\u00e9 et d\u2019une bouilloire. Le caf\u00e9 co\u00fbte 50 centimes.<\/p>\n\n\n\n<p>La responsable de la cantine, Sonia Carvalho, adresse les formulaires de commande des repas toutes les semaines par email. Des formulaires papier sont \u00e9galement disponibles.&nbsp;<\/p>\n\n\n\n<p>La cantine est souvent utilis\u00e9e pour les occasions sp\u00e9ciales et les \u00e9v\u00e8nements de collecte de fonds.<\/p>\n\n\n\n<p><\/p>\n\n\n\n<div class=\"wp-block-kadence-infobox kt-info-box1965_aa5f5f-77\"><a class=\"kt-blocks-info-box-link-wrap info-box-link kt-blocks-info-box-media-align-left kt-info-halign-left\" href=\"https:\/\/waldorfschoul.roomtrix.de\/fr\/horaires-scolaires\/\"><div class=\"kt-blocks-info-box-media-container\"><div class=\"kt-blocks-info-box-media kt-info-media-animate-none\"><div class=\"kadence-info-box-icon-container kt-info-icon-animate-none\"><div class=\"kadence-info-box-icon-inner-container\"><span class=\"kb-svg-icon-wrap kb-svg-icon-fe_arrowUpRight kt-info-svg-icon\"><svg viewBox=\"0 0 24 24\"  fill=\"none\" stroke=\"currentColor\" stroke-width=\"2\" stroke-linecap=\"round\" stroke-linejoin=\"round\" xmlns=\"http:\/\/www.w3.org\/2000\/svg\"  aria-hidden=\"true\"><line x1=\"7\" y1=\"17\" x2=\"17\" y2=\"7\"\/><polyline points=\"7 7 17 7 17 17\"\/><\/svg><\/span><\/div><\/div><\/div><\/div><div class=\"kt-infobox-textcontent\"><h2 class=\"kt-blocks-info-box-title\">Lien sur les horaires scolaires<\/h2><p class=\"kt-blocks-info-box-text\"><\/p><\/div><\/a><\/div>\n\n\n\n<p><\/p>\n","protected":false},"excerpt":{"rendered":"<p>L\u2019\u00e9cole dispose d\u2019une cantine o\u00f9 chacun peut manger la nourriture apport\u00e9e de la maison ou des repas chauds qui peuvent \u00eatre command\u00e9s chaque semaine. L\u2019essentiel des aliments que nous proposons sont bio, locaux et de saison. La cantine dispose d\u2019une machine \u00e0 caf\u00e9 et d\u2019une bouilloire. Le caf\u00e9 co\u00fbte 50 centimes. La responsable de la [&hellip;]<\/p>\n","protected":false},"author":1,"featured_media":0,"parent":0,"menu_order":0,"comment_status":"closed","ping_status":"closed","template":"","meta":{"footnotes":""},"class_list":["post-1965","page","type-page","status-publish","hentry"],"_links":{"self":[{"href":"https:\/\/waldorfschoul.roomtrix.de\/fr\/wp-json\/wp\/v2\/pages\/1965","targetHints":{"allow":["GET"]}}],"collection":[{"href":"https:\/\/waldorfschoul.roomtrix.de\/fr\/wp-json\/wp\/v2\/pages"}],"about":[{"href":"https:\/\/waldorfschoul.roomtrix.de\/fr\/wp-json\/wp\/v2\/types\/page"}],"author":[{"embeddable":true,"href":"https:\/\/waldorfschoul.roomtrix.de\/fr\/wp-json\/wp\/v2\/users\/1"}],"replies":[{"embeddable":true,"href":"https:\/\/waldorfschoul.roomtrix.de\/fr\/wp-json\/wp\/v2\/comments?post=1965"}],"version-history":[{"count":1,"href":"https:\/\/waldorfschoul.roomtrix.de\/fr\/wp-json\/wp\/v2\/pages\/1965\/revisions"}],"predecessor-version":[{"id":1966,"href":"https:\/\/waldorfschoul.roomtrix.de\/fr\/wp-json\/wp\/v2\/pages\/1965\/revisions\/1966"}],"wp:attachment":[{"href":"https:\/\/waldorfschoul.roomtrix.de\/fr\/wp-json\/wp\/v2\/media?parent=1965"}],"curies":[{"name":"wp","href":"https:\/\/api.w.org\/{rel}","templated":true}]}}