{"id":1910,"date":"2024-08-19T19:59:22","date_gmt":"2024-08-19T17:59:22","guid":{"rendered":"https:\/\/waldorfschoul.roomtrix.de\/?page_id=1910"},"modified":"2025-09-18T11:15:30","modified_gmt":"2025-09-18T09:15:30","slug":"informations-generales","status":"publish","type":"page","link":"https:\/\/waldorfschoul.roomtrix.de\/fr\/informations-generales\/","title":{"rendered":"Informations g\u00e9n\u00e9rales"},"content":{"rendered":"\n<div class=\"wp-block-group alignfull has-background has-global-padding is-layout-constrained wp-container-core-group-is-layout-f6cc5ae6 wp-block-group-is-layout-constrained\" style=\"background:linear-gradient(180deg,rgb(249,249,249) 8%,rgb(241,136,37) 50%,rgb(249,249,249) 50%);margin-top:0;margin-bottom:0;padding-top:var(--wp--preset--spacing--30);padding-right:var(--wp--preset--spacing--50);padding-bottom:var(--wp--preset--spacing--30);padding-left:var(--wp--preset--spacing--50)\">\n<div class=\"wp-block-columns alignwide is-layout-flex wp-container-core-columns-is-layout-28f84493 wp-block-columns-is-layout-flex\">\n<div class=\"wp-block-column is-layout-flow wp-block-column-is-layout-flow\" style=\"flex-basis:40%\">\n<ul class=\"wp-block-list\">\n<li class=\"has-accent-3-color has-text-color has-link-color wp-elements-0846b3c9d98c288a66ca8a9800c72d13\" style=\"font-size:clamp(0.984rem, 0.984rem + ((1vw - 0.2rem) * 0.86), 1.5rem);\"><strong><mark style=\"background-color:rgba(0, 0, 0, 0)\" class=\"has-inline-color has-custom-color-4-color\">La p\u00e9dagogie Waldorf<\/mark><\/strong><\/li>\n<\/ul>\n<\/div>\n\n\n\n<div class=\"wp-block-column is-layout-flow wp-block-column-is-layout-flow\" style=\"flex-basis:60%\">\n<p>La p\u00e9dagogie Waldorf est destin\u00e9e \u00e0 am\u00e9liorer, enrichir et soutenir les phases de d\u00e9veloppement de l\u2019enfance.<\/p>\n\n\n\n<p class=\"has-text-align-center has-custom-color-5-color has-base-background-color has-text-color has-background has-link-color has-segoeprint-font-family wp-elements-5b5abacb65b6a2ccea15e9472a8be043\" style=\"border-top-left-radius:5px;border-top-right-radius:9px;border-bottom-left-radius:11px;border-bottom-right-radius:21px\">La singularit\u00e9 du syst\u00e8me Waldorf ne r\u00e9side pas tant dans \u00ab ce qui \u00bb est enseign\u00e9 que dans \u00ab la mani\u00e8re et le moment \u00bb de l\u2019enseigner.<\/p>\n<\/div>\n<\/div>\n\n\n\n<div style=\"height:5px\" aria-hidden=\"true\" class=\"wp-block-spacer\"><\/div>\n\n\n\n<figure class=\"wp-block-image size-full has-custom-border is-style-rounded is-style-rounded--1\"><img loading=\"lazy\" decoding=\"async\" width=\"700\" height=\"470\" src=\"http:\/\/waldorfschoul.roomtrix.de\/wp-content\/uploads\/2024\/12\/allgemeines.v2.jpg\" alt=\"Coul\u00e9e des m\u00e9taux\" class=\"wp-image-1567\" style=\"border-radius:11px\" srcset=\"https:\/\/waldorfschoul.roomtrix.de\/wp-content\/uploads\/2024\/12\/allgemeines.v2.jpg 700w, https:\/\/waldorfschoul.roomtrix.de\/wp-content\/uploads\/2024\/12\/allgemeines.v2-300x201.jpg 300w\" sizes=\"auto, (max-width: 700px) 100vw, 700px\" \/><\/figure>\n<\/div>\n\n\n\n<div class=\"wp-block-group alignfull has-global-padding is-layout-constrained wp-container-core-group-is-layout-f6cc5ae6 wp-block-group-is-layout-constrained\" style=\"margin-top:0;margin-bottom:0;padding-top:var(--wp--preset--spacing--30);padding-right:var(--wp--preset--spacing--50);padding-bottom:var(--wp--preset--spacing--30);padding-left:var(--wp--preset--spacing--50)\">\n<div class=\"wp-block-columns alignwide is-layout-flex wp-container-core-columns-is-layout-28f84493 wp-block-columns-is-layout-flex\">\n<div class=\"wp-block-column is-layout-flow wp-block-column-is-layout-flow\" style=\"flex-basis:40%\">\n<ul class=\"wp-block-list\">\n<li class=\"has-custom-color-13-color has-text-color has-link-color wp-elements-804e4eaac43a7a2657963a45fd15fc06\" style=\"font-size:clamp(0.984rem, 0.984rem + ((1vw - 0.2rem) * 0.86), 1.5rem);\"><strong><mark style=\"background-color:rgba(0, 0, 0, 0)\" class=\"has-inline-color has-custom-color-4-color\">Trois phases essentielles<\/mark><\/strong><\/li>\n<\/ul>\n<\/div>\n\n\n\n<div class=\"wp-block-column is-layout-flow wp-block-column-is-layout-flow\" style=\"flex-basis:60%\">\n<p>Rudolf Steiner s\u2019est notamment r\u00e9f\u00e9r\u00e9 \u00e0 3 phases essentielles, chacune d\u2019une dur\u00e9e d\u2019environ 7 ans. Dans chacune de ces phases, diff\u00e9rentes facult\u00e9s se d\u00e9veloppent, diff\u00e9rentes forces de croissance sont en jeu et l\u2019enfant apprend de mani\u00e8res diff\u00e9rentes en fonction de ces phases.<\/p>\n\n\n\n<p>Par un programme tr\u00e8s structur\u00e9, nous mettons l\u2019accent sur le d\u00e9veloppement de l\u2019enfant \u00ab complet \u00bb. Il ne s\u2019agit pas simplement de sa progression intellectuelle, mais \u00e9galement de son d\u00e9veloppement physique, \u00e9motionnel, spirituel et moral. Nous travaillons sur le d\u00e9veloppement \u00ab du c\u0153ur, de la main et de la t\u00eate \u00bb. Cela permet une progression \u00e9quilibr\u00e9e et des opportunit\u00e9s de croissance dans tous les domaines.<\/p>\n\n\n\n<p>Une part centrale de notre succ\u00e8s proc\u00e8de de notre conviction que la meilleure mani\u00e8re de susciter la curiosit\u00e9, de renforcer l\u2019int\u00e9r\u00eat et de d\u00e9couvrir les joies profondes de l\u2019apprentissage r\u00e9sulte de l\u2019introduction d\u2019un sujet lorsqu\u2019un enfant est pr\u00eat dans son stade de d\u00e9veloppement.<\/p>\n<\/div>\n<\/div>\n\n\n\n<div style=\"height:86px\" aria-hidden=\"true\" class=\"wp-block-spacer\"><\/div>\n<\/div>\n\n\n\n<div class=\"wp-block-cover alignfull has-parallax\" style=\"padding-top:var(--wp--preset--spacing--50);padding-right:var(--wp--preset--spacing--50);padding-bottom:var(--wp--preset--spacing--50);padding-left:var(--wp--preset--spacing--50)\"><div role=\"img\" aria-label=\"cours de travaux manuels\" class=\"wp-block-cover__image-background wp-image-1571 has-parallax\" style=\"background-position:50% 50%;background-image:url(http:\/\/waldorfschoul.roomtrix.de\/wp-content\/uploads\/2024\/12\/allgemeines.unten_.jpg)\"><\/div><span aria-hidden=\"true\" class=\"wp-block-cover__background has-base-background-color has-background-dim-0 has-background-dim\"><\/span><div class=\"wp-block-cover__inner-container has-global-padding is-layout-constrained wp-container-core-cover-is-layout-e4fd886c wp-block-cover-is-layout-constrained\">\n<div style=\"height:140px\" aria-hidden=\"true\" class=\"wp-block-spacer\"><\/div>\n<\/div><\/div>\n","protected":false},"excerpt":{"rendered":"<p>La p\u00e9dagogie Waldorf est destin\u00e9e \u00e0 am\u00e9liorer, enrichir et soutenir les phases de d\u00e9veloppement de l\u2019enfance. La singularit\u00e9 du syst\u00e8me Waldorf ne r\u00e9side pas tant dans \u00ab ce qui \u00bb est enseign\u00e9 que dans \u00ab la mani\u00e8re et le moment \u00bb de l\u2019enseigner. Rudolf Steiner s\u2019est notamment r\u00e9f\u00e9r\u00e9 \u00e0 3 phases essentielles, chacune d\u2019une dur\u00e9e [&hellip;]<\/p>\n","protected":false},"author":1,"featured_media":0,"parent":0,"menu_order":0,"comment_status":"closed","ping_status":"closed","template":"","meta":{"footnotes":""},"class_list":["post-1910","page","type-page","status-publish","hentry"],"_links":{"self":[{"href":"https:\/\/waldorfschoul.roomtrix.de\/fr\/wp-json\/wp\/v2\/pages\/1910","targetHints":{"allow":["GET"]}}],"collection":[{"href":"https:\/\/waldorfschoul.roomtrix.de\/fr\/wp-json\/wp\/v2\/pages"}],"about":[{"href":"https:\/\/waldorfschoul.roomtrix.de\/fr\/wp-json\/wp\/v2\/types\/page"}],"author":[{"embeddable":true,"href":"https:\/\/waldorfschoul.roomtrix.de\/fr\/wp-json\/wp\/v2\/users\/1"}],"replies":[{"embeddable":true,"href":"https:\/\/waldorfschoul.roomtrix.de\/fr\/wp-json\/wp\/v2\/comments?post=1910"}],"version-history":[{"count":2,"href":"https:\/\/waldorfschoul.roomtrix.de\/fr\/wp-json\/wp\/v2\/pages\/1910\/revisions"}],"predecessor-version":[{"id":2316,"href":"https:\/\/waldorfschoul.roomtrix.de\/fr\/wp-json\/wp\/v2\/pages\/1910\/revisions\/2316"}],"wp:attachment":[{"href":"https:\/\/waldorfschoul.roomtrix.de\/fr\/wp-json\/wp\/v2\/media?parent=1910"}],"curies":[{"name":"wp","href":"https:\/\/api.w.org\/{rel}","templated":true}]}}