{"id":1812,"date":"2024-11-15T10:50:32","date_gmt":"2024-11-15T09:50:32","guid":{"rendered":"https:\/\/waldorfschoul.roomtrix.de\/?page_id=1812"},"modified":"2025-08-18T12:07:16","modified_gmt":"2025-08-18T10:07:16","slug":"horaires-scolaires","status":"publish","type":"page","link":"https:\/\/waldorfschoul.roomtrix.de\/fr\/horaires-scolaires\/","title":{"rendered":"Horaires scolaires"},"content":{"rendered":"\n<figure class=\"wp-block-table\"><table class=\"has-custom-color-9-color has-text-color has-link-color has-fixed-layout\"><thead><tr><th>CLASSE<\/th><th>DEBUT<\/th><th>FIN DE LA CLASSE<\/th><\/tr><\/thead><tbody><tr><td><strong><strong>Maternelle :<\/strong><\/strong><\/td><td>7h30\u20138h30<\/td><td>12h30<\/td><\/tr><tr><td><strong><strong>Primair<\/strong>e :<\/strong><\/td><td>&nbsp;<\/td><td>&nbsp;<\/td><\/tr><tr><td>1\u00e8re et 2\u00e8me<\/td><td>7h45<\/td><td>13h (lundi et mercredi)<br>12h15 (mardi, jeudi et vendredi)<\/td><\/tr><tr><td>3\u00e8me<\/td><td>7h45<\/td><td>13h<\/td><\/tr><tr><td>4\u00e8me<\/td><td>7h45<\/td><td>13h (sauf le mercredi : 15h)<\/td><\/tr><tr><td>5 et 6\u00e8me<\/td><td>7h45<\/td><td>15h (lundi et mercredi)<br>13h (mardi, jeudi et vendredi)<\/td><\/tr><tr><td><strong>Secondaire :<\/strong><\/td><td>&nbsp;<\/td><td>&nbsp;<\/td><\/tr><tr><td>7\u00e8me and 8\u00e8me<\/td><td>8h00<\/td><td>14h15<\/td><\/tr><tr><td>9\u00e8me and 10\u00e8me<\/td><td>8h00<\/td><td>14h15 ou 15h50<br>(en fonction des horaires)<\/td><\/tr><tr><td>11\u00e8me<\/td><td>8h00<\/td><td>De 14h15 \u00e0 17h<br>(en fonction des horaires)<\/td><\/tr><tr><td><strong>Baccalaur\u00e9at International<\/strong><\/td><td>8:00<\/td><td>En fonction de l\u2019emploi du temps<\/td><\/tr><\/tbody><\/table><\/figure>\n\n\n\n<p><strong>Notre Maison relais d\u00e9bute \u00e0 12h30 et se termine \u00e0 17h30.<\/strong><br>Notre politique de retards est stricte. Les parents qui sont en retard pour venir chercher leur enfant se verront facturer une heure suppl\u00e9mentaire et imposer une amende de 20 euros au-del\u00e0 de 17h30.<\/p>\n\n\n\n<p><a href=\"https:\/\/waldorf.lu\/index.php\/fr\/info-parents\/maison-relais\">Pour plus d\u2019informations sur la Maison Relais cliquez ici.<\/a><\/p>\n\n\n\n<div style=\"height:100px\" aria-hidden=\"true\" class=\"wp-block-spacer\"><\/div>\n","protected":false},"excerpt":{"rendered":"<p>CLASSE DEBUT FIN DE LA CLASSE Maternelle : 7h30\u20138h30 12h30 Primaire : &nbsp; &nbsp; 1\u00e8re et 2\u00e8me 7h45 13h (lundi et mercredi)12h15 (mardi, jeudi et vendredi) 3\u00e8me 7h45 13h 4\u00e8me 7h45 13h (sauf le mercredi : 15h) 5 et 6\u00e8me 7h45 15h (lundi et mercredi)13h (mardi, jeudi et vendredi) Secondaire : &nbsp; &nbsp; 7\u00e8me and [&hellip;]<\/p>\n","protected":false},"author":1,"featured_media":0,"parent":0,"menu_order":0,"comment_status":"closed","ping_status":"closed","template":"","meta":{"footnotes":""},"class_list":["post-1812","page","type-page","status-publish","hentry"],"_links":{"self":[{"href":"https:\/\/waldorfschoul.roomtrix.de\/fr\/wp-json\/wp\/v2\/pages\/1812","targetHints":{"allow":["GET"]}}],"collection":[{"href":"https:\/\/waldorfschoul.roomtrix.de\/fr\/wp-json\/wp\/v2\/pages"}],"about":[{"href":"https:\/\/waldorfschoul.roomtrix.de\/fr\/wp-json\/wp\/v2\/types\/page"}],"author":[{"embeddable":true,"href":"https:\/\/waldorfschoul.roomtrix.de\/fr\/wp-json\/wp\/v2\/users\/1"}],"replies":[{"embeddable":true,"href":"https:\/\/waldorfschoul.roomtrix.de\/fr\/wp-json\/wp\/v2\/comments?post=1812"}],"version-history":[{"count":7,"href":"https:\/\/waldorfschoul.roomtrix.de\/fr\/wp-json\/wp\/v2\/pages\/1812\/revisions"}],"predecessor-version":[{"id":1957,"href":"https:\/\/waldorfschoul.roomtrix.de\/fr\/wp-json\/wp\/v2\/pages\/1812\/revisions\/1957"}],"wp:attachment":[{"href":"https:\/\/waldorfschoul.roomtrix.de\/fr\/wp-json\/wp\/v2\/media?parent=1812"}],"curies":[{"name":"wp","href":"https:\/\/api.w.org\/{rel}","templated":true}]}}