{"id":1807,"date":"2024-11-15T10:53:03","date_gmt":"2024-11-15T09:53:03","guid":{"rendered":"https:\/\/waldorfschoul.roomtrix.de\/blietchen\/"},"modified":"2025-06-23T15:43:07","modified_gmt":"2025-06-23T13:43:07","slug":"blietchen","status":"publish","type":"page","link":"https:\/\/waldorfschoul.roomtrix.de\/fr\/blietchen\/","title":{"rendered":"Blietchen &#8211; Newsletter"},"content":{"rendered":"\n<p>\u00ab Blietchen \u00bb est un mot luxembourgeois qui signifie \u2018petite feuille\u2019, il s\u2019agit en fait ici d\u2019une fiche d\u2019information interne. Il est publi\u00e9 r\u00e9guli\u00e8rement.<br\/>Avec le \u2018Blietchen\u2019, nous vous tenons au courant. Les dates importantes, les articles et les rapports sur les \u00e9v\u00e9nements de l\u2019\u00e9cole y figurent. Vous pouvez \u00e9galement publier vos propres rapports ou articles sur demande.<\/p>\n\n<p>Pour des raisons \u00e9cologiques, il n&rsquo;est disponible qu&rsquo;en version num\u00e9rique. En outre, une version papier est toujours disponible \u00e0 la cantine de l&rsquo;\u00e9cole.<br\/><br\/>Pour recevoir cette newsletter, veuillez envoyer un e-mail \u00e0 : <span id=\"cloak1bd56a3325ece6c5a383b1b36fbcb4ac\"><a href=\"mailto:blietchen@waldorf.lu\">blietchen@waldorf.lu<\/a><\/span><\/p>\n\n<div style=\"height:100px\" aria-hidden=\"true\" class=\"wp-block-spacer\"><\/div>\n","protected":false},"excerpt":{"rendered":"<p>\u00ab Blietchen \u00bb est un mot luxembourgeois qui signifie \u2018petite feuille\u2019, il s\u2019agit en fait ici d\u2019une fiche d\u2019information interne. Il est publi\u00e9 r\u00e9guli\u00e8rement.Avec le \u2018Blietchen\u2019, nous vous tenons au courant. Les dates importantes, les articles et les rapports sur les \u00e9v\u00e9nements de l\u2019\u00e9cole y figurent. Vous pouvez \u00e9galement publier vos propres rapports ou articles [&hellip;]<\/p>\n","protected":false},"author":1,"featured_media":0,"parent":0,"menu_order":0,"comment_status":"closed","ping_status":"closed","template":"","meta":{"footnotes":""},"class_list":["post-1807","page","type-page","status-publish","hentry"],"_links":{"self":[{"href":"https:\/\/waldorfschoul.roomtrix.de\/fr\/wp-json\/wp\/v2\/pages\/1807","targetHints":{"allow":["GET"]}}],"collection":[{"href":"https:\/\/waldorfschoul.roomtrix.de\/fr\/wp-json\/wp\/v2\/pages"}],"about":[{"href":"https:\/\/waldorfschoul.roomtrix.de\/fr\/wp-json\/wp\/v2\/types\/page"}],"author":[{"embeddable":true,"href":"https:\/\/waldorfschoul.roomtrix.de\/fr\/wp-json\/wp\/v2\/users\/1"}],"replies":[{"embeddable":true,"href":"https:\/\/waldorfschoul.roomtrix.de\/fr\/wp-json\/wp\/v2\/comments?post=1807"}],"version-history":[{"count":2,"href":"https:\/\/waldorfschoul.roomtrix.de\/fr\/wp-json\/wp\/v2\/pages\/1807\/revisions"}],"predecessor-version":[{"id":1809,"href":"https:\/\/waldorfschoul.roomtrix.de\/fr\/wp-json\/wp\/v2\/pages\/1807\/revisions\/1809"}],"wp:attachment":[{"href":"https:\/\/waldorfschoul.roomtrix.de\/fr\/wp-json\/wp\/v2\/media?parent=1807"}],"curies":[{"name":"wp","href":"https:\/\/api.w.org\/{rel}","templated":true}]}}