{"id":2086,"date":"2024-07-10T15:57:30","date_gmt":"2024-07-10T13:57:30","guid":{"rendered":"https:\/\/waldorfschoul.roomtrix.de\/?page_id=2086"},"modified":"2025-09-02T16:51:12","modified_gmt":"2025-09-02T14:51:12","slug":"the-history-of-the-waldorf-school-luxembourg","status":"publish","type":"page","link":"https:\/\/waldorfschoul.roomtrix.de\/en\/the-history-of-the-waldorf-school-luxembourg\/","title":{"rendered":"The history of the Waldorf School Luxembourg"},"content":{"rendered":"\n<div class=\"wp-block-group alignfull has-background has-global-padding is-layout-constrained wp-container-core-group-is-layout-f6cc5ae6 wp-block-group-is-layout-constrained\" style=\"background:linear-gradient(180deg,rgb(249,249,249) 18%,rgb(229,0,125) 61%,rgb(249,249,249) 61%);margin-top:0;margin-bottom:0;padding-top:var(--wp--preset--spacing--30);padding-right:var(--wp--preset--spacing--50);padding-bottom:var(--wp--preset--spacing--30);padding-left:var(--wp--preset--spacing--50)\">\n<div class=\"wp-block-columns alignwide is-layout-flex wp-container-core-columns-is-layout-28f84493 wp-block-columns-is-layout-flex\">\n<div class=\"wp-block-column is-layout-flow wp-block-column-is-layout-flow\" style=\"flex-basis:40%\">\n<ul class=\"wp-block-list\">\n<li class=\"has-custom-color-13-color has-text-color has-link-color wp-elements-4dffb58994964e44a9104137a6119e52\" style=\"font-size:clamp(0.984rem, 0.984rem + ((1vw - 0.2rem) * 0.86), 1.5rem);\"><strong><mark style=\"background-color:rgba(0, 0, 0, 0)\" class=\"has-inline-color has-custom-color-2-color\">The Beginning<\/mark><\/strong><\/li>\n<\/ul>\n<\/div>\n\n\n\n<div class=\"wp-block-column is-layout-flow wp-block-column-is-layout-flow\" style=\"flex-basis:60%\">\n<p><strong>1982 July<\/strong><br>Creation of the \u201cVer\u00e4in fir Waldorfp\u00e4dagogik L\u00ebtzebuerg\u201d a.s.b.l.<\/p>\n\n\n\n<p><strong>1983 September<\/strong><br>The first Kindergarden class opens<\/p>\n\n\n\n<p><strong>1984 September<\/strong><br>The first and second grade open together with a second Kindergarden class.<\/p>\n<\/div>\n<\/div>\n\n\n\n<div style=\"height:5px\" aria-hidden=\"true\" class=\"wp-block-spacer\"><\/div>\n\n\n\n<figure class=\"wp-block-image size-full has-custom-border is-style-rounded is-style-rounded--1\"><img loading=\"lazy\" decoding=\"async\" width=\"700\" height=\"467\" src=\"http:\/\/waldorfschoul.roomtrix.de\/wp-content\/uploads\/2024\/12\/geschichte.v2.jpg\" alt=\"Banner in the lobby\" class=\"wp-image-1466\" style=\"border-radius:11px\" srcset=\"https:\/\/waldorfschoul.roomtrix.de\/wp-content\/uploads\/2024\/12\/geschichte.v2.jpg 700w, https:\/\/waldorfschoul.roomtrix.de\/wp-content\/uploads\/2024\/12\/geschichte.v2-300x200.jpg 300w\" sizes=\"auto, (max-width: 700px) 100vw, 700px\" \/><\/figure>\n<\/div>\n\n\n\n<div class=\"wp-block-group alignfull has-global-padding is-layout-constrained wp-container-core-group-is-layout-f6cc5ae6 wp-block-group-is-layout-constrained\" style=\"margin-top:0;margin-bottom:0;padding-top:var(--wp--preset--spacing--30);padding-right:var(--wp--preset--spacing--50);padding-bottom:var(--wp--preset--spacing--30);padding-left:var(--wp--preset--spacing--50)\">\n<div class=\"wp-block-columns alignwide is-layout-flex wp-container-core-columns-is-layout-28f84493 wp-block-columns-is-layout-flex\">\n<div class=\"wp-block-column is-layout-flow wp-block-column-is-layout-flow\" style=\"flex-basis:40%\">\n<ul class=\"wp-block-list\">\n<li class=\"has-custom-color-13-color has-text-color has-link-color wp-elements-e767010cd25aef7ba83f1ca12baaf52a\" style=\"font-size:clamp(0.984rem, 0.984rem + ((1vw - 0.2rem) * 0.86), 1.5rem);\"><strong><mark style=\"background-color:rgba(0, 0, 0, 0)\" class=\"has-inline-color has-custom-color-2-color\">how it continued<\/mark><\/strong><\/li>\n<\/ul>\n<\/div>\n\n\n\n<div class=\"wp-block-column is-layout-flow wp-block-column-is-layout-flow\" style=\"flex-basis:60%\">\n<p><strong>Up to 2000-2001<\/strong><br>The school offers classes through Grade 10.<\/p>\n\n\n\n<p><strong>2001<\/strong><br>A general Assembly of Parents, Teachers and the geleral board decides to complete the Waldorf cycle (11th and 12th years) and to finish the secondary studies with the International Baccalaureate (IB).<\/p>\n\n\n\n<p><strong>2002-2004<\/strong><br>Process of authorisation of the IB program in accordance with the IBO in Geneva.<\/p>\n\n\n\n<p><strong>2006 July<\/strong><br>First IB diplomas received, 100% success rate.<\/p>\n\n\n\n<p><strong>2007 &amp; 2008<\/strong><br>100% success rate of the IB students.<\/p>\n\n\n\n<p><strong>2013 September<\/strong><br>The school opens two new sites the \u2018Haffg\u00e4rtchen\u2018, a Waldorf Kindergarden class inside a biodynamic farm called Kass-Haff in the north of Luxembourg and the \u2018Eiseg\u00e4rtchen\u2019 in the south of the country.<\/p>\n\n\n\n<p><strong>2015<\/strong><br>The Waldorf school Luxembourg celebrates its 30th anniversary!<\/p>\n\n\n\n<p><strong>2024\/2025<\/strong><br>The school celebrates its 40th anniversary!<\/p>\n<\/div>\n<\/div>\n\n\n\n<div style=\"height:35px\" aria-hidden=\"true\" class=\"wp-block-spacer\"><\/div>\n<\/div>\n\n\n\n<div class=\"wp-block-cover alignfull is-light has-parallax block-visibility-hide-medium-screen block-visibility-hide-small-screen\" style=\"padding-top:var(--wp--preset--spacing--50);padding-right:var(--wp--preset--spacing--50);padding-bottom:var(--wp--preset--spacing--50);padding-left:var(--wp--preset--spacing--50)\"><div role=\"img\" aria-label=\"Sign with our logo - main building\" class=\"wp-block-cover__image-background wp-image-1470 has-parallax\" style=\"background-position:50% 50%;background-image:url(http:\/\/waldorfschoul.roomtrix.de\/wp-content\/uploads\/2024\/12\/geschichte.unten_.jpg)\"><\/div><span aria-hidden=\"true\" class=\"wp-block-cover__background has-base-background-color has-background-dim-0 has-background-dim\"><\/span><div class=\"wp-block-cover__inner-container has-global-padding is-layout-constrained wp-container-core-cover-is-layout-e4fd886c wp-block-cover-is-layout-constrained\">\n<div style=\"height:140px\" aria-hidden=\"true\" class=\"wp-block-spacer\"><\/div>\n<\/div><\/div>\n","protected":false},"excerpt":{"rendered":"<p>1982 JulyCreation of the \u201cVer\u00e4in fir Waldorfp\u00e4dagogik L\u00ebtzebuerg\u201d a.s.b.l. 1983 SeptemberThe first Kindergarden class opens 1984 SeptemberThe first and second grade open together with a second Kindergarden class. Up to 2000-2001The school offers classes through Grade 10. 2001A general Assembly of Parents, Teachers and the geleral board decides to complete the Waldorf cycle (11th and [&hellip;]<\/p>\n","protected":false},"author":1,"featured_media":0,"parent":0,"menu_order":0,"comment_status":"closed","ping_status":"closed","template":"","meta":{"footnotes":""},"class_list":["post-2086","page","type-page","status-publish","hentry"],"_links":{"self":[{"href":"https:\/\/waldorfschoul.roomtrix.de\/en\/wp-json\/wp\/v2\/pages\/2086","targetHints":{"allow":["GET"]}}],"collection":[{"href":"https:\/\/waldorfschoul.roomtrix.de\/en\/wp-json\/wp\/v2\/pages"}],"about":[{"href":"https:\/\/waldorfschoul.roomtrix.de\/en\/wp-json\/wp\/v2\/types\/page"}],"author":[{"embeddable":true,"href":"https:\/\/waldorfschoul.roomtrix.de\/en\/wp-json\/wp\/v2\/users\/1"}],"replies":[{"embeddable":true,"href":"https:\/\/waldorfschoul.roomtrix.de\/en\/wp-json\/wp\/v2\/comments?post=2086"}],"version-history":[{"count":1,"href":"https:\/\/waldorfschoul.roomtrix.de\/en\/wp-json\/wp\/v2\/pages\/2086\/revisions"}],"predecessor-version":[{"id":2087,"href":"https:\/\/waldorfschoul.roomtrix.de\/en\/wp-json\/wp\/v2\/pages\/2086\/revisions\/2087"}],"wp:attachment":[{"href":"https:\/\/waldorfschoul.roomtrix.de\/en\/wp-json\/wp\/v2\/media?parent=2086"}],"curies":[{"name":"wp","href":"https:\/\/api.w.org\/{rel}","templated":true}]}}